{"id":7370,"date":"2024-07-02T14:00:07","date_gmt":"2024-07-02T13:00:07","guid":{"rendered":"https:\/\/indentec.co.uk\/scorta-di-blocchi-per-prove-di-durezza-e-flusso-di-produzione-continuo\/"},"modified":"2024-07-31T09:38:41","modified_gmt":"2024-07-31T08:38:41","slug":"scorta-di-blocchi-per-prove-di-durezza-e-flusso-di-produzione-continuo","status":"publish","type":"page","link":"https:\/\/indentec.com\/it\/scorta-di-blocchi-per-prove-di-durezza-e-flusso-di-produzione-continuo\/","title":{"rendered":"Scorta di blocchi per prove di durezza e flusso di produzione continuo"},"content":{"rendered":"\n\t<section class=\"section\" id=\"section_975857264\">\n\t\t<div class=\"section-bg fill\" >\n\t\t\t\t\t\t\t\t\t<div class=\"section-bg-overlay absolute fill\"><\/div>\n\t\t\t\n\n\t\t<\/div>\n\n\t\t\n\n\t\t<div class=\"section-content relative\">\n\t\t\t\n\n<div class=\"row row-large align-center\"  id=\"row-2090238622\">\n\n\n\t<div id=\"col-1157635663\" class=\"col large-12\"  >\n\t\t\t\t<div class=\"col-inner\"  >\n\t\t\t\n\t\t\t\n\n\t<div class=\"img has-hover x md-x lg-x y md-y lg-y\" id=\"image_38155522\">\n\t\t\t\t\t\t\t\t<div class=\"img-inner image-cover dark\" style=\"padding-top:400px;\">\n\t\t\t<img loading=\"lazy\" decoding=\"async\" width=\"2048\" height=\"1366\" src=\"https:\/\/indentec.com\/wp-content\/uploads\/2023\/03\/20220316-Indentec-21-2048x1366.jpg\" class=\"attachment-2048x2048 size-2048x2048\" alt=\"Hardness Testing Blocks being tested in Hardness Testing Machine\" srcset=\"https:\/\/indentec.com\/wp-content\/uploads\/2023\/03\/20220316-Indentec-21-2048x1366.jpg 2048w, https:\/\/indentec.com\/wp-content\/uploads\/2023\/03\/20220316-Indentec-21-scaled-510x340.jpg 510w, https:\/\/indentec.com\/wp-content\/uploads\/2023\/03\/20220316-Indentec-21-300x200.jpg 300w, https:\/\/indentec.com\/wp-content\/uploads\/2023\/03\/20220316-Indentec-21-1024x683.jpg 1024w, https:\/\/indentec.com\/wp-content\/uploads\/2023\/03\/20220316-Indentec-21-768x512.jpg 768w, https:\/\/indentec.com\/wp-content\/uploads\/2023\/03\/20220316-Indentec-21-1536x1025.jpg 1536w\" sizes=\"auto, (max-width: 2048px) 100vw, 2048px\" \/>\t\t\t\t\t\t\n\t\t\t\t\t<\/div>\n\t\t\t\t\t\t\t\t\n<style>\n#image_38155522 {\n  width: 100%;\n}\n<\/style>\n\t<\/div>\n\t\n\n\n\t\t<\/div>\n\t\t\t\t\t<\/div>\n\n\t\n\n\t<div id=\"col-1892550585\" class=\"col medium-10 small-12 large-10\"  >\n\t\t\t\t<div class=\"col-inner text-center\"  >\n\t\t\t\n\t\t\t\n\n<h1><strong>Mantenere la linea di produzione efficiente: <\/strong><\/h1>\n<h3><strong>Perch\u00e9 hai bisogno di una scorta di blocchi per prove di durezza<\/strong><\/h3>\n<p>Ti \u00e8 mai capitato di dover bloccare una linea di produzione perch\u00e9 avevi finito i blocchi per le prove di durezza? \u00c8 una situazione frustrante che pu\u00f2 costare tempo e denaro prezioso. Le prove di durezza sono fondamentali per garantire la qualit\u00e0 e la consistenza dei tuoi prodotti e avere una scorta adeguata di blocchi di prova \u00e8 essenziale per un funzionamento regolare.  <\/p>\n<a href=\"https:\/\/indentec.com\/tests-blocks\/\" class=\"button primary\"  >\n\t\t<span>Acquista ora<\/span>\n\t<\/a>\n\n\n\n\t\t<\/div>\n\t\t\t\t\t<\/div>\n\n\t\n\n<\/div>\n\n\t\t<\/div>\n\n\t\t\n<style>\n#section_975857264 {\n  padding-top: 0px;\n  padding-bottom: 0px;\n  background-color: rgb(255, 255, 255);\n}\n#section_975857264 .section-bg-overlay {\n  background-color: rgba(255, 255, 255, 0.85);\n}\n<\/style>\n\t<\/section>\n\t\n\n\t<section class=\"section\" id=\"section_865969580\">\n\t\t<div class=\"section-bg fill\" >\n\t\t\t\t\t\t\t\t\t\n\t\t\t\n\t<div class=\"is-border\"\n\t\tstyle=\"border-color:rgb(235, 235, 235);border-width:1px 0px 0px 0px;\">\n\t<\/div>\n\n\t\t<\/div>\n\n\t\t\n\n\t\t<div class=\"section-content relative\">\n\t\t\t\n\n<div class=\"row\"  id=\"row-1112017258\">\n\n\n\t<div id=\"col-2025624939\" class=\"col medium-6 small-12 large-6\"  >\n\t\t\t\t<div class=\"col-inner\"  >\n\t\t\t\n\t\t\t\n\n<h2>Ecco perch\u00e9 dovresti sempre avere a portata di mano dei blocchi per prove di durezza:<\/h2>\n<p><strong>Evita le interruzioni:<\/strong> quando si esauriscono i blocchi, la linea di produzione si blocca in attesa della loro sostituzione. Questo pu\u00f2 portare a scadenze non rispettate, clienti frustrati e perdite di fatturato. <\/p>\n<p><strong>Assicura una qualit\u00e0 costante: <\/strong>eseguire regolarmente prove di durezza \u00e8 fondamentale per garantire che i tuoi prodotti soddisfino le specifiche richieste; per questo motivo, una fornitura costante di blocchi ti permette di eseguire questi test in modo continuativo e senza interruzioni.<\/p>\n\n\t\t<\/div>\n\t\t\t\t\t<\/div>\n\n\t\n\n\t<div id=\"col-1988644188\" class=\"col medium-6 small-12 large-6\"  >\n\t\t\t\t<div class=\"col-inner\"  >\n\t\t\t\n\t\t\t\n\n<p> <\/p>\n<p><strong>Migliora l&#8217;efficienza: <\/strong>avere una scorta di blocchi immediatamente disponibile elimina la necessit\u00e0 di effettuare ordini all&#8217;ultimo minuto e di incorrere in potenziali ritardi. In questo modo la tua linea di produzione funzioner\u00e0 in modo fluido ed efficiente. <\/p>\n<p><strong>Pianifica il futuro:<\/strong> anticipa le tue esigenze di test e ordina i blocchi in anticipo. In questo modo sarai pronto a far fronte a qualsiasi esigenza di test ed eviterai potenziali carenze e perdite di guadagno dovute a interruzioni della produzione. <\/p>\n\n\t\t<\/div>\n\t\t\t\t\t<\/div>\n\n\t\n\n<\/div>\n\n\t\t<\/div>\n\n\t\t\n<style>\n#section_865969580 {\n  padding-top: 60px;\n  padding-bottom: 60px;\n  min-height: 300px;\n  background-color: rgb(245, 245, 245);\n}\n<\/style>\n\t<\/section>\n\t\n\n\t<section class=\"section\" id=\"section_1364097596\">\n\t\t<div class=\"section-bg fill\" >\n\t\t\t\t\t\t\t\t\t<div class=\"section-bg-overlay absolute fill\"><\/div>\n\t\t\t\n\n\t\t<\/div>\n\n\t\t\n\n\t\t<div class=\"section-content relative\">\n\t\t\t\n\n<div class=\"row row-large align-middle\"  id=\"row-1206869383\">\n\n\n\t<div id=\"col-685413388\" class=\"col medium-3 small-12 large-3\"  >\n\t\t\t\t<div class=\"col-inner\"  >\n\t\t\t\n\t\t\t\n\n\t<div class=\"img has-hover x md-x lg-x y md-y lg-y\" id=\"image_1953158094\">\n\t\t\t\t\t\t\t\t<div class=\"img-inner dark\" >\n\t\t\t<img loading=\"lazy\" decoding=\"async\" width=\"683\" height=\"1024\" src=\"https:\/\/indentec.com\/wp-content\/uploads\/2023\/03\/20220824-Indentec-41-of-52-683x1024.jpg\" class=\"attachment-large size-large\" alt=\"ZwickRoell Hardness Testing Blocks and Machines\" srcset=\"https:\/\/indentec.com\/wp-content\/uploads\/2023\/03\/20220824-Indentec-41-of-52-683x1024.jpg 683w, https:\/\/indentec.com\/wp-content\/uploads\/2023\/03\/20220824-Indentec-41-of-52-scaled-510x765.jpg 510w, https:\/\/indentec.com\/wp-content\/uploads\/2023\/03\/20220824-Indentec-41-of-52-200x300.jpg 200w, https:\/\/indentec.com\/wp-content\/uploads\/2023\/03\/20220824-Indentec-41-of-52-768x1152.jpg 768w, https:\/\/indentec.com\/wp-content\/uploads\/2023\/03\/20220824-Indentec-41-of-52-1024x1536.jpg 1024w, https:\/\/indentec.com\/wp-content\/uploads\/2023\/03\/20220824-Indentec-41-of-52-1365x2048.jpg 1365w, https:\/\/indentec.com\/wp-content\/uploads\/2023\/03\/20220824-Indentec-41-of-52-scaled.jpg 1707w\" sizes=\"auto, (max-width: 683px) 100vw, 683px\" \/>\t\t\t\t\t\t\n\t\t\t\t\t<\/div>\n\t\t\t\t\t\t\t\t\n<style>\n#image_1953158094 {\n  width: 100%;\n}\n<\/style>\n\t<\/div>\n\t\n\n\n\t\t<\/div>\n\t\t\t\t\t<\/div>\n\n\t\n\n\t<div id=\"col-1806317599\" class=\"col medium-9 small-12 large-9\"  >\n\t\t\t\t<div class=\"col-inner text-left\"  >\n\t\t\t\n\t\t\t\n\n<h3><strong>Garantisci una produzione efficiente con una scorta adeguata di blocchi per prove di durezza<\/strong><\/h3>\n<p>Noi di Indentec comprendiamo l&#8217;importanza di mantenere un flusso costante nel tuo processo produttivo. Ecco perch\u00e9 non offriamo solo durometri di alta qualit\u00e0, ma anche una fornitura adeguata di blocchi per prove di durezza in vari materiali e scale. <\/p>\n<p><strong>Tenendo a portata di mano una scorta di blocchi per prove di durezza, \u00e8 possibile:<\/strong><\/p>\n<ul>\n<li>Prevenire costosi tempi di inattivit\u00e0<\/li>\n<li>Garantire una qualit\u00e0 costante dei prodotti<\/li>\n<li>Garantire programmi di produzione efficienti<\/li>\n<li>Ridurre il rischio di ritardi e interruzioni<\/li>\n<\/ul>\n<a href=\"https:\/\/indentec.com\/tests-blocks\/\" class=\"button primary\"  >\n\t\t<span>Acquista subito i nostri blocchi<\/span>\n\t<\/a>\n\n\n\n\t\t<\/div>\n\t\t\t\t\t<\/div>\n\n\t\n\n<\/div>\n\n\t\t<\/div>\n\n\t\t\n<style>\n#section_1364097596 {\n  padding-top: 60px;\n  padding-bottom: 60px;\n  background-color: rgb(255, 255, 255);\n}\n#section_1364097596 .section-bg-overlay {\n  background-color: rgba(255, 255, 255, 0.85);\n}\n<\/style>\n\t<\/section>\n\t\n\n\t<section class=\"section\" id=\"section_886285470\">\n\t\t<div class=\"section-bg fill\" >\n\t\t\t\t\t\t\t\t\t\n\t\t\t\n\n\t\t<\/div>\n\n\t\t\n\n\t\t<div class=\"section-content relative\">\n\t\t\t\n\n<div class=\"row align-center\"  id=\"row-1031785615\">\n\n\n\t<div id=\"col-1695657331\" class=\"col medium-10 small-12 large-10\"  >\n\t\t\t\t<div class=\"col-inner text-center\"  >\n\t\t\t\n\t\t\t\n\n<h2>Scopri la nostra gamma di blocchi per prove di durezza<\/h2>\n<h3><strong>La scelta giusta per ogni applicazione<\/strong><\/h3>\n<p>La prova di durezza \u00e8 una procedura fondamentale per il controllo della qualit\u00e0, utilizzata in diversi settori industriali per misurare la resistenza di un materiale alla deformazione permanente. Svolge un ruolo fondamentale nel garantire l&#8217;integrit\u00e0 e le prestazioni dei prodotti finiti. Ma per ottenere misure di durezza accurate e coerenti \u00e8 necessario utilizzare blocchi per prove di durezza affidabili.  <\/p>\n<p>Noi di Indentec offriamo un&#8217;ampia gamma di blocchi di prova che possono essere utilizzati per diversi settori e applicazioni. Utilizziamo solo materiali di alta qualit\u00e0 con una variazione minima della durezza, assicurandoci che la calibrazione corrisponda il pi\u00f9 possibile alla misurazione. <\/p>\n<p>Utilizzati per calibrare e verificare l&#8217;accuratezza dei durometri, la nostra gamma di blocchi include:<\/p>\n<div class=\"row\"  id=\"row-656205084\">\n\n\n\t<div id=\"col-260770102\" class=\"col medium-6 small-12 large-6\"  >\n\t\t\t\t<div class=\"col-inner\"  >\n\t\t\t\n\t\t\t\n\n<p><strong>Vickers (HV)<\/strong> Misura le diagonali delle impronte, permettendoti di calibrare il durometro in modo accurato rispetto all&#8217;impronta.<br><strong>Brinell (HB)<\/strong> \u2013 Utilizza un penetratore a sfera per determinare il grado di durezza, utilizzando il diametro dell&#8217;impronta per valutarne i risultati.<\/p>\n\n\t\t<\/div>\n\t\t\t\t\t<\/div>\n\n\t\n\n\t<div id=\"col-1795065524\" class=\"col medium-6 small-12 large-6\"  >\n\t\t\t\t<div class=\"col-inner\"  >\n\t\t\t\n\t\t\t\n\n<p><strong>Knoop (HK)<\/strong> \u2013 Misura la lunghezza della diagonale lunga dell&#8217;impronta con il suo penetratore a piramide allungata.<\/p>\n<p><strong>Rockwell (HRC, HRB, ecc.)<\/strong> \u2013 Il test Rockwell misura la profondit\u00e0 di penetrazione sotto un carico specifico. Noi di Indentec forniamo diverse scale Rockwell per garantire la piena compatibilit\u00e0 con il tuo durometro. <\/p>\n\n\t\t<\/div>\n\t\t\t\t\t<\/div>\n\n\t\n\n<\/div>\n<a href=\"https:\/\/indentec.com\/tests-blocks\/\" class=\"button primary\"  >\n\t\t<span>Scopri di pi\u00f9 sui nostri blocchi<\/span>\n\t<\/a>\n\n\n\n\t\t<\/div>\n\t\t\t\t\t<\/div>\n\n\t\n\n<\/div>\n\n\t\t<\/div>\n\n\t\t\n<style>\n#section_886285470 {\n  padding-top: 60px;\n  padding-bottom: 60px;\n  min-height: 300px;\n  background-color: rgb(236, 236, 236);\n}\n<\/style>\n\t<\/section>\n\t\n\n\t<section class=\"section\" id=\"section_483965416\">\n\t\t<div class=\"section-bg fill\" >\n\t\t\t\t\t\t\t\t\t<div class=\"section-bg-overlay absolute fill\"><\/div>\n\t\t\t\n\n\t\t<\/div>\n\n\t\t\n\n\t\t<div class=\"section-content relative\">\n\t\t\t\n\n<div class=\"row row-large align-middle\"  id=\"row-764561952\">\n\n\n\t<div id=\"col-331197860\" class=\"col medium-6 small-12 large-6\"  >\n\t\t\t\t<div class=\"col-inner text-left\"  >\n\t\t\t\n\t\t\t\n\n<h4><strong>Assicurati di effettuare prove di durezza accurate: investi in blocchi di prova di alta qualit\u00e0<\/strong><\/h4>\n<p>Non esitare a contattare il nostro team di Indentec per ricevere maggiori informazioni sui nostri blocchi per prove di durezza e sui nostri durometri. I nostri specialisti risponderanno a tutte le tue domande e saranno felici di aiutarti! <\/p>\n<p>Oppure, acquista la nostra gamma di blocchi <a href=\"https:\/\/indentec.com\/tests-blocks\/\">qui<\/a> e seleziona i metodi pi\u00f9 adatti per tipologia, scala e valori, in base alle esigenze del tuo settore e delle tue attivit\u00e0.<\/p>\n<a href=\"https:\/\/indentec.com\/contact\/\" class=\"button primary\"  >\n\t\t<span>Contattaci<\/span>\n\t<\/a>\n\n\n\n\t\t<\/div>\n\t\t\t\t\t<\/div>\n\n\t\n\n\t<div id=\"col-43953846\" class=\"col medium-6 small-12 large-6\"  >\n\t\t\t\t<div class=\"col-inner\"  >\n\t\t\t\n\t\t\t\n\n\t<div class=\"img has-hover x md-x lg-x y md-y lg-y\" id=\"image_353960153\">\n\t\t\t\t\t\t\t\t<div class=\"img-inner dark\" >\n\t\t\t<img loading=\"lazy\" decoding=\"async\" width=\"1020\" height=\"680\" src=\"https:\/\/indentec.com\/wp-content\/uploads\/2023\/03\/20220316-Indentec-53-1024x683.jpg\" class=\"attachment-large size-large\" alt=\"Hardness Testing Blocks\" srcset=\"https:\/\/indentec.com\/wp-content\/uploads\/2023\/03\/20220316-Indentec-53-1024x683.jpg 1024w, https:\/\/indentec.com\/wp-content\/uploads\/2023\/03\/20220316-Indentec-53-scaled-510x340.jpg 510w, https:\/\/indentec.com\/wp-content\/uploads\/2023\/03\/20220316-Indentec-53-300x200.jpg 300w, https:\/\/indentec.com\/wp-content\/uploads\/2023\/03\/20220316-Indentec-53-768x512.jpg 768w, https:\/\/indentec.com\/wp-content\/uploads\/2023\/03\/20220316-Indentec-53-1536x1025.jpg 1536w, https:\/\/indentec.com\/wp-content\/uploads\/2023\/03\/20220316-Indentec-53-2048x1366.jpg 2048w\" sizes=\"auto, (max-width: 1020px) 100vw, 1020px\" \/>\t\t\t\t\t\t\n\t\t\t\t\t<\/div>\n\t\t\t\t\t\t\t\t\n<style>\n#image_353960153 {\n  width: 100%;\n}\n<\/style>\n\t<\/div>\n\t\n\n\n\t\t<\/div>\n\t\t\t\t\t<\/div>\n\n\t\n\n<\/div>\n\n\t\t<\/div>\n\n\t\t\n<style>\n#section_483965416 {\n  padding-top: 60px;\n  padding-bottom: 60px;\n  background-color: rgb(254, 248, 248);\n}\n#section_483965416 .section-bg-overlay {\n  background-color: rgba(255, 255, 255, 0.85);\n}\n<\/style>\n\t<\/section>\n\t","protected":false},"excerpt":{"rendered":"","protected":false},"author":27,"featured_media":0,"parent":0,"menu_order":0,"comment_status":"closed","ping_status":"closed","template":"","meta":{"_acf_changed":false,"footnotes":""},"class_list":["post-7370","page","type-page","status-publish","hentry"],"acf":[],"_links":{"self":[{"href":"https:\/\/indentec.com\/it\/wp-json\/wp\/v2\/pages\/7370","targetHints":{"allow":["GET"]}}],"collection":[{"href":"https:\/\/indentec.com\/it\/wp-json\/wp\/v2\/pages"}],"about":[{"href":"https:\/\/indentec.com\/it\/wp-json\/wp\/v2\/types\/page"}],"author":[{"embeddable":true,"href":"https:\/\/indentec.com\/it\/wp-json\/wp\/v2\/users\/27"}],"replies":[{"embeddable":true,"href":"https:\/\/indentec.com\/it\/wp-json\/wp\/v2\/comments?post=7370"}],"version-history":[{"count":0,"href":"https:\/\/indentec.com\/it\/wp-json\/wp\/v2\/pages\/7370\/revisions"}],"wp:attachment":[{"href":"https:\/\/indentec.com\/it\/wp-json\/wp\/v2\/media?parent=7370"}],"curies":[{"name":"wp","href":"https:\/\/api.w.org\/{rel}","templated":true}]}}