{"id":4839,"date":"2023-03-09T13:31:42","date_gmt":"2023-03-09T13:31:42","guid":{"rendered":"https:\/\/indentec.co.uk\/test-block-shop\/"},"modified":"2025-01-27T13:04:21","modified_gmt":"2025-01-27T13:04:21","slug":"test-block-shop","status":"publish","type":"page","link":"https:\/\/indentec.com\/it\/test-block-shop\/","title":{"rendered":"Blocchi per prove di durezza Shop"},"content":{"rendered":"\n\t<section class=\"section\" id=\"section_1529791403\">\n\t\t<div class=\"section-bg fill\" >\n\t\t\t\t\t\t\t\t\t\n\t\t\t\n\n\t\t<\/div>\n\n\t\t\n\n\t\t<div class=\"section-content relative\">\n\t\t\t\n\n<div class=\"row align-middle\"  id=\"row-1318385124\">\n\n\n\t<div id=\"col-468876284\" class=\"col small-12 large-12\"  >\n\t\t\t\t<div class=\"col-inner\"  >\n\t\t\t\n\t\t\t\n\n\t<div id=\"text-4264844946\" class=\"text\">\n\t\t\n\n<h1>Blocchi per prove di durezza<\/h1> I blocchi per prove di durezza, detti anche blocchetti di riferimento, vengono utilizzati per le procedure di calibrazione indiretta e per i controlli quotidiani e periodici degli strumenti per prove di durezza. Per garantire il funzionamento affidabile dei durometri, \u00e8 fondamentale utilizzare blocchetti di riferimento per prove di durezza di alta qualit\u00e0 e coerenti con variazione minima della durezza. Per garantire la loro tracciabilit\u00e0 rispetto allo standard di durezza, i blocchetti di riferimento devono presentare una minima variazione della durezza ed essere calibrati con un margine minimo di incertezza della misurazione.\n\t\t\n<style>\n#text-4264844946 {\n  font-size: 1.1rem;\n}\n<\/style>\n\t<\/div>\n\t\n\n\t\t<\/div>\n\t\t\t\t\t<\/div>\n\n\t\n\n<\/div>\n\n\t\t<\/div>\n\n\t\t\n<style>\n#section_1529791403 {\n  padding-top: 30px;\n  padding-bottom: 30px;\n}\n<\/style>\n\t<\/section>\n\t\n\n\t<section class=\"section\" id=\"section_1097984580\">\n\t\t<div class=\"section-bg fill\" >\n\t\t\t\t\t\t\t\t\t\n\t\t\t\n\n\t\t<\/div>\n\n\t\t\n\n\t\t<div class=\"section-content relative\">\n\t\t\t\n\n<div class=\"row align-equal row-box-shadow-1\"  id=\"row-1138993069\">\n\n\n\t<div id=\"col-32195515\" class=\"col medium-3 small-12 large-3\"  >\n\t\t\t\t<div class=\"col-inner text-center\" style=\"background-color:rgb(255, 255, 255);\" >\n\t\t\t\n\t\t\t\n\n\t<div class=\"img has-hover x md-x lg-x y md-y lg-y\" id=\"image_1719515828\">\n\t\t<a class=\"\" href=\"https:\/\/indentec.com\/product\/vickers\/\" >\t\t\t\t\t\t<div class=\"img-inner dark\" >\n\t\t\t<img loading=\"lazy\" decoding=\"async\" width=\"1020\" height=\"1020\" src=\"https:\/\/indentec.com\/wp-content\/uploads\/2023\/03\/Vickers-Test-Block-Boxed-and-Certificate-PNG-1024x1024.png\" class=\"attachment-large size-large\" alt=\"Vickers Test Block - Boxed and Certificate\" srcset=\"https:\/\/indentec.com\/wp-content\/uploads\/2023\/03\/Vickers-Test-Block-Boxed-and-Certificate-PNG-1024x1024.png 1024w, https:\/\/indentec.com\/wp-content\/uploads\/2023\/03\/Vickers-Test-Block-Boxed-and-Certificate-PNG-100x100.png 100w, https:\/\/indentec.com\/wp-content\/uploads\/2023\/03\/Vickers-Test-Block-Boxed-and-Certificate-PNG-510x510.png 510w, https:\/\/indentec.com\/wp-content\/uploads\/2023\/03\/Vickers-Test-Block-Boxed-and-Certificate-PNG-300x300.png 300w, https:\/\/indentec.com\/wp-content\/uploads\/2023\/03\/Vickers-Test-Block-Boxed-and-Certificate-PNG-150x150.png 150w, https:\/\/indentec.com\/wp-content\/uploads\/2023\/03\/Vickers-Test-Block-Boxed-and-Certificate-PNG-768x768.png 768w, https:\/\/indentec.com\/wp-content\/uploads\/2023\/03\/Vickers-Test-Block-Boxed-and-Certificate-PNG-1536x1536.png 1536w, https:\/\/indentec.com\/wp-content\/uploads\/2023\/03\/Vickers-Test-Block-Boxed-and-Certificate-PNG-50x50.png 50w, https:\/\/indentec.com\/wp-content\/uploads\/2023\/03\/Vickers-Test-Block-Boxed-and-Certificate-PNG.png 2000w\" sizes=\"auto, (max-width: 1020px) 100vw, 1020px\" \/>\t\t\t\t\t\t\n\t\t\t\t\t<\/div>\n\t\t\t\t\t\t<\/a>\t\t\n<style>\n#image_1719515828 {\n  width: 80%;\n}\n<\/style>\n\t<\/div>\n\t\n\n\t<div id=\"gap-1983299014\" class=\"gap-element clearfix\" style=\"display:block; height:auto;\">\n\t\t\n<style>\n#gap-1983299014 {\n  padding-top: 30px;\n}\n<\/style>\n\t<\/div>\n\t\n\n\t<div id=\"text-2820315400\" class=\"text\">\n\t\t\n\n<p> <\/p>\n<h3>Durezza Vickers<br>Blocchi per prova<br><br><\/h3>\n<p> <\/p>\n\t\t\n<style>\n#text-2820315400 {\n  text-align: center;\n  color: #000000;\n}\n#text-2820315400 > * {\n  color: #000000;\n}\n<\/style>\n\t<\/div>\n\t\n\n\t\t<\/div>\n\t\t\t\t\n<style>\n#col-32195515 > .col-inner {\n  padding: 30px 30px 30px 30px;\n}\n<\/style>\n\t<\/div>\n\n\t\n\n\t<div id=\"col-1529466873\" class=\"col medium-3 small-12 large-3\"  >\n\t\t\t\t<div class=\"col-inner text-center\" style=\"background-color:rgb(255, 255, 255);\" >\n\t\t\t\n\t\t\t\n\n\t<div class=\"img has-hover x md-x lg-x y md-y lg-y\" id=\"image_1307385001\">\n\t\t<a class=\"\" href=\"https:\/\/indentec.com\/it\/prodotto\/rockwell\/\" >\t\t\t\t\t\t<div class=\"img-inner dark\" >\n\t\t\t<img loading=\"lazy\" decoding=\"async\" width=\"1020\" height=\"1020\" src=\"https:\/\/indentec.com\/wp-content\/uploads\/2023\/03\/Rockwell-Test-Block-Boxed-and-Certificate-PNG-1024x1024.png\" class=\"attachment-large size-large\" alt=\"Rockwell Test Block - Boxed and Certificate\" srcset=\"https:\/\/indentec.com\/wp-content\/uploads\/2023\/03\/Rockwell-Test-Block-Boxed-and-Certificate-PNG-1024x1024.png 1024w, https:\/\/indentec.com\/wp-content\/uploads\/2023\/03\/Rockwell-Test-Block-Boxed-and-Certificate-PNG-100x100.png 100w, https:\/\/indentec.com\/wp-content\/uploads\/2023\/03\/Rockwell-Test-Block-Boxed-and-Certificate-PNG-510x510.png 510w, https:\/\/indentec.com\/wp-content\/uploads\/2023\/03\/Rockwell-Test-Block-Boxed-and-Certificate-PNG-300x300.png 300w, https:\/\/indentec.com\/wp-content\/uploads\/2023\/03\/Rockwell-Test-Block-Boxed-and-Certificate-PNG-150x150.png 150w, https:\/\/indentec.com\/wp-content\/uploads\/2023\/03\/Rockwell-Test-Block-Boxed-and-Certificate-PNG-768x768.png 768w, https:\/\/indentec.com\/wp-content\/uploads\/2023\/03\/Rockwell-Test-Block-Boxed-and-Certificate-PNG-1536x1536.png 1536w, https:\/\/indentec.com\/wp-content\/uploads\/2023\/03\/Rockwell-Test-Block-Boxed-and-Certificate-PNG-50x50.png 50w, https:\/\/indentec.com\/wp-content\/uploads\/2023\/03\/Rockwell-Test-Block-Boxed-and-Certificate-PNG.png 2000w\" sizes=\"auto, (max-width: 1020px) 100vw, 1020px\" \/>\t\t\t\t\t\t\n\t\t\t\t\t<\/div>\n\t\t\t\t\t\t<\/a>\t\t\n<style>\n#image_1307385001 {\n  width: 80%;\n}\n<\/style>\n\t<\/div>\n\t\n\n\t<div id=\"gap-1195256030\" class=\"gap-element clearfix\" style=\"display:block; height:auto;\">\n\t\t\n<style>\n#gap-1195256030 {\n  padding-top: 30px;\n}\n<\/style>\n\t<\/div>\n\t\n\n\t<div id=\"text-1717795436\" class=\"text\">\n\t\t\n\n<p> <\/p>\n<h3>Rockwell e blocchi per prove di durezza superficiale<br><br><\/h3>\n\t\t\n<style>\n#text-1717795436 {\n  text-align: center;\n  color: #000000;\n}\n#text-1717795436 > * {\n  color: #000000;\n}\n<\/style>\n\t<\/div>\n\t\n\n\t\t<\/div>\n\t\t\t\t\n<style>\n#col-1529466873 > .col-inner {\n  padding: 30px 30px 30px 30px;\n}\n<\/style>\n\t<\/div>\n\n\t\n\n\t<div id=\"col-1584812974\" class=\"col medium-3 small-12 large-3\"  >\n\t\t\t\t<div class=\"col-inner text-center\" style=\"background-color:rgb(255, 255, 255);\" >\n\t\t\t\n\t\t\t\n\n\t<div class=\"img has-hover x md-x lg-x y md-y lg-y\" id=\"image_868675784\">\n\t\t<a class=\"\" href=\"https:\/\/indentec.com\/it\/prodotto\/knoop\/\" >\t\t\t\t\t\t<div class=\"img-inner dark\" >\n\t\t\t<img loading=\"lazy\" decoding=\"async\" width=\"1020\" height=\"1020\" src=\"https:\/\/indentec.com\/wp-content\/uploads\/2023\/03\/Knoop-Test-Block-Boxed-and-Certificate-1024x1024.png\" class=\"attachment-large size-large\" alt=\"Knoop Hardness Test Block - Boxed and Certificate\" srcset=\"https:\/\/indentec.com\/wp-content\/uploads\/2023\/03\/Knoop-Test-Block-Boxed-and-Certificate-1024x1024.png 1024w, https:\/\/indentec.com\/wp-content\/uploads\/2023\/03\/Knoop-Test-Block-Boxed-and-Certificate-100x100.png 100w, https:\/\/indentec.com\/wp-content\/uploads\/2023\/03\/Knoop-Test-Block-Boxed-and-Certificate-510x510.png 510w, https:\/\/indentec.com\/wp-content\/uploads\/2023\/03\/Knoop-Test-Block-Boxed-and-Certificate-300x300.png 300w, https:\/\/indentec.com\/wp-content\/uploads\/2023\/03\/Knoop-Test-Block-Boxed-and-Certificate-150x150.png 150w, https:\/\/indentec.com\/wp-content\/uploads\/2023\/03\/Knoop-Test-Block-Boxed-and-Certificate-768x768.png 768w, https:\/\/indentec.com\/wp-content\/uploads\/2023\/03\/Knoop-Test-Block-Boxed-and-Certificate-1536x1536.png 1536w, https:\/\/indentec.com\/wp-content\/uploads\/2023\/03\/Knoop-Test-Block-Boxed-and-Certificate-50x50.png 50w, https:\/\/indentec.com\/wp-content\/uploads\/2023\/03\/Knoop-Test-Block-Boxed-and-Certificate.png 2000w\" sizes=\"auto, (max-width: 1020px) 100vw, 1020px\" \/>\t\t\t\t\t\t\n\t\t\t\t\t<\/div>\n\t\t\t\t\t\t<\/a>\t\t\n<style>\n#image_868675784 {\n  width: 80%;\n}\n<\/style>\n\t<\/div>\n\t\n\n\t<div id=\"gap-719548935\" class=\"gap-element clearfix\" style=\"display:block; height:auto;\">\n\t\t\n<style>\n#gap-719548935 {\n  padding-top: 30px;\n}\n<\/style>\n\t<\/div>\n\t\n\n\t<div id=\"text-1795002644\" class=\"text\">\n\t\t\n\n<p> <\/p>\n<h3>Blocchi per prove di durezza Knoop<br><br><\/h3>\n<p> <\/p>\n\t\t\n<style>\n#text-1795002644 {\n  text-align: center;\n  color: #000000;\n}\n#text-1795002644 > * {\n  color: #000000;\n}\n<\/style>\n\t<\/div>\n\t\n\n\t\t<\/div>\n\t\t\t\t\n<style>\n#col-1584812974 > .col-inner {\n  padding: 30px 30px 30px 30px;\n}\n<\/style>\n\t<\/div>\n\n\t\n\n\t<div id=\"col-522351846\" class=\"col medium-3 small-12 large-3\"  >\n\t\t\t\t<div class=\"col-inner text-center\" style=\"background-color:rgb(255, 255, 255);\" >\n\t\t\t\n\t\t\t\n\n\t<div class=\"img has-hover x md-x lg-x y md-y lg-y\" id=\"image_21983830\">\n\t\t<a class=\"\" href=\"https:\/\/indentec.com\/it\/prodotto\/brinell\/\" >\t\t\t\t\t\t<div class=\"img-inner dark\" >\n\t\t\t<img loading=\"lazy\" decoding=\"async\" width=\"1020\" height=\"1020\" src=\"https:\/\/indentec.com\/wp-content\/uploads\/2023\/03\/Brinell-Test-Block-2-Boxed-and-Certificate-PNG-1024x1024.png\" class=\"attachment-large size-large\" alt=\"Brinell Test Block Boxed and Certificate\" srcset=\"https:\/\/indentec.com\/wp-content\/uploads\/2023\/03\/Brinell-Test-Block-2-Boxed-and-Certificate-PNG-1024x1024.png 1024w, https:\/\/indentec.com\/wp-content\/uploads\/2023\/03\/Brinell-Test-Block-2-Boxed-and-Certificate-PNG-100x100.png 100w, https:\/\/indentec.com\/wp-content\/uploads\/2023\/03\/Brinell-Test-Block-2-Boxed-and-Certificate-PNG-510x510.png 510w, https:\/\/indentec.com\/wp-content\/uploads\/2023\/03\/Brinell-Test-Block-2-Boxed-and-Certificate-PNG-300x300.png 300w, https:\/\/indentec.com\/wp-content\/uploads\/2023\/03\/Brinell-Test-Block-2-Boxed-and-Certificate-PNG-150x150.png 150w, https:\/\/indentec.com\/wp-content\/uploads\/2023\/03\/Brinell-Test-Block-2-Boxed-and-Certificate-PNG-768x768.png 768w, https:\/\/indentec.com\/wp-content\/uploads\/2023\/03\/Brinell-Test-Block-2-Boxed-and-Certificate-PNG-1536x1536.png 1536w, https:\/\/indentec.com\/wp-content\/uploads\/2023\/03\/Brinell-Test-Block-2-Boxed-and-Certificate-PNG-50x50.png 50w, https:\/\/indentec.com\/wp-content\/uploads\/2023\/03\/Brinell-Test-Block-2-Boxed-and-Certificate-PNG.png 2000w\" sizes=\"auto, (max-width: 1020px) 100vw, 1020px\" \/>\t\t\t\t\t\t\n\t\t\t\t\t<\/div>\n\t\t\t\t\t\t<\/a>\t\t\n<style>\n#image_21983830 {\n  width: 80%;\n}\n<\/style>\n\t<\/div>\n\t\n\n\t<div id=\"gap-2136300247\" class=\"gap-element clearfix\" style=\"display:block; height:auto;\">\n\t\t\n<style>\n#gap-2136300247 {\n  padding-top: 30px;\n}\n<\/style>\n\t<\/div>\n\t\n\n\t<div id=\"text-2580917672\" class=\"text\">\n\t\t\n\n<p> <\/p>\n<h3>Blocchi per prove di durezza Brinell<br><br><\/h3>\n<p> <\/p>\n\t\t\n<style>\n#text-2580917672 {\n  text-align: center;\n  color: #000000;\n}\n#text-2580917672 > * {\n  color: #000000;\n}\n<\/style>\n\t<\/div>\n\t\n\n\t\t<\/div>\n\t\t\t\t\n<style>\n#col-522351846 > .col-inner {\n  padding: 30px 30px 30px 30px;\n}\n<\/style>\n\t<\/div>\n\n\t\n\n<\/div>\n<div class=\"row\"  id=\"row-1534533211\">\n\n\n\t<div id=\"col-373610706\" class=\"col medium-6 small-12 large-6\"  >\n\t\t\t\t<div class=\"col-inner\"  >\n\t\t\t\n\t\t\t\n\n<p>I nostri blocchi per prove di durezza coprono l&#8217;intera gamma di metodi, scale e valori di prova della durezza.<\/p>\n<h2>Metodi di prova della durezza<\/p>\n<\/h2>\n<p>Le tecniche pi\u00f9 comuni per misurare la durezza includono le prove di durezza Rockwell, Brinell, Vickers e Knoop, che utilizzano vari tipi di penetratori e carichi. La prova Brinell consiste nel premere una sfera dura in un materiale per misurare il diametro dell&#8217;impronta, mentre la prova Rockwell misura la profondit\u00e0 di penetrazione esercitata da una forza continua. Nelle prove Vickers e Knoop si utilizza un penetratore a forma di piramide per determinare il grado di durezza in base alle dimensioni dell&#8217;impronta.<\/p>\n<a href=\"mailto:zrb.sales@zwickroell.com\" target=\"_blank\" class=\"button primary\" rel=\"noopener\"  >\n\t\t<span>Scopri di pi\u00f9<\/span>\n\t<\/a>\n\n\n\n\t\t<\/div>\n\t\t\t\t\t<\/div>\n\n\t\n\n\t<div id=\"col-1909655997\" class=\"col medium-6 small-12 large-6\"  >\n\t\t\t\t<div class=\"col-inner\"  >\n\t\t\t\n\t\t\t\n\n\t<div class=\"img has-hover x md-x lg-x y md-y lg-y\" id=\"image_1722555633\">\n\t\t\t\t\t\t\t\t<div class=\"img-inner dark\" style=\"margin:0px 0px 50px 0px;\">\n\t\t\t<img loading=\"lazy\" decoding=\"async\" width=\"1020\" height=\"680\" src=\"https:\/\/indentec.com\/wp-content\/uploads\/2023\/03\/20220316-Indentec-11-1024x683.jpg\" class=\"attachment-large size-large\" alt=\"Hardness Testing Machine details\" srcset=\"https:\/\/indentec.com\/wp-content\/uploads\/2023\/03\/20220316-Indentec-11-1024x683.jpg 1024w, https:\/\/indentec.com\/wp-content\/uploads\/2023\/03\/20220316-Indentec-11-scaled-510x340.jpg 510w, https:\/\/indentec.com\/wp-content\/uploads\/2023\/03\/20220316-Indentec-11-300x200.jpg 300w, https:\/\/indentec.com\/wp-content\/uploads\/2023\/03\/20220316-Indentec-11-768x512.jpg 768w, https:\/\/indentec.com\/wp-content\/uploads\/2023\/03\/20220316-Indentec-11-1536x1024.jpg 1536w, https:\/\/indentec.com\/wp-content\/uploads\/2023\/03\/20220316-Indentec-11-2048x1365.jpg 2048w\" sizes=\"auto, (max-width: 1020px) 100vw, 1020px\" \/>\t\t\t\t\t\t\n\t\t\t\t\t<\/div>\n\t\t\t\t\t\t\t\t\n<style>\n#image_1722555633 {\n  width: 100%;\n}\n<\/style>\n\t<\/div>\n\t\n\n\n\t\t<\/div>\n\t\t\t\t\t<\/div>\n\n\t\n\n\t<div id=\"col-17893156\" class=\"col medium-6 small-12 large-6\"  >\n\t\t\t\t<div class=\"col-inner\"  >\n\t\t\t\n\t\t\t\n\n\t<div class=\"img has-hover hide-for-small x md-x lg-x y md-y lg-y\" id=\"image_1077606563\">\n\t\t\t\t\t\t\t\t<div class=\"img-inner dark\" style=\"margin:0px 0px 60px 0px;\">\n\t\t\t<img loading=\"lazy\" decoding=\"async\" width=\"1020\" height=\"680\" src=\"https:\/\/indentec.com\/wp-content\/uploads\/2024\/04\/20220316-Indentec-50-1024x683.jpg\" class=\"attachment-large size-large\" alt=\"collection of hardness test blocks\" srcset=\"https:\/\/indentec.com\/wp-content\/uploads\/2024\/04\/20220316-Indentec-50-1024x683.jpg 1024w, https:\/\/indentec.com\/wp-content\/uploads\/2024\/04\/20220316-Indentec-50-300x200.jpg 300w, https:\/\/indentec.com\/wp-content\/uploads\/2024\/04\/20220316-Indentec-50-768x512.jpg 768w, https:\/\/indentec.com\/wp-content\/uploads\/2024\/04\/20220316-Indentec-50-1536x1025.jpg 1536w, https:\/\/indentec.com\/wp-content\/uploads\/2024\/04\/20220316-Indentec-50-2048x1366.jpg 2048w, https:\/\/indentec.com\/wp-content\/uploads\/2024\/04\/20220316-Indentec-50-510x340.jpg 510w\" sizes=\"auto, (max-width: 1020px) 100vw, 1020px\" \/>\t\t\t\t\t\t\n\t\t\t\t\t<\/div>\n\t\t\t\t\t\t\t\t\n<style>\n#image_1077606563 {\n  width: 100%;\n}\n<\/style>\n\t<\/div>\n\t\n\n\n\t\t<\/div>\n\t\t\t\t\t<\/div>\n\n\t\n\n\t<div id=\"col-249982619\" class=\"col medium-6 small-12 large-6\"  >\n\t\t\t\t<div class=\"col-inner\"  >\n\t\t\t\n\t\t\t\n\n\t<div id=\"text-124723332\" class=\"text\">\n\t\t\n\n<h2>Valori dei blocchi per prove di durezza<\/h2>\n<p>Le misurazioni numeriche derivate dalle diverse tecniche di prova di durezza sono chiamate valori di durezza e mostrano la resistenza di un materiale all&#8217;intaccatura o alla penetrazione. Questi valori sono essenziali per descrivere le caratteristiche di un materiale e stabilire se \u00e8 adatto a una determinata applicazione. Valori tipici di durezza sono:<br><br><\/p>\n<ul>\n<li>Durezza Vickers (rappresentata come HV)<br><br><\/li>\n<li>Durezza Brinell (misurata in HB)<br><br><\/li>\n<li>Durezza Knoop (solitamente espressa in HK)<br><br><\/li>\n<li>Durezza Rockwell (espressa come HRC, HRB, ecc.)<br><br><\/li>\n<\/ul>\n\t\t\n<style>\n#text-124723332 {\n  line-height: 1.75;\n}\n<\/style>\n\t<\/div>\n\t\n\t<div class=\"img has-hover show-for-small x md-x lg-x y md-y lg-y\" id=\"image_1907021351\">\n\t\t\t\t\t\t\t\t<div class=\"img-inner dark\" style=\"margin:0px 0px 60px 0px;\">\n\t\t\t<img loading=\"lazy\" decoding=\"async\" width=\"1020\" height=\"680\" src=\"https:\/\/indentec.com\/wp-content\/uploads\/2024\/04\/20220316-Indentec-50-1024x683.jpg\" class=\"attachment-large size-large\" alt=\"collection of hardness test blocks\" srcset=\"https:\/\/indentec.com\/wp-content\/uploads\/2024\/04\/20220316-Indentec-50-1024x683.jpg 1024w, https:\/\/indentec.com\/wp-content\/uploads\/2024\/04\/20220316-Indentec-50-300x200.jpg 300w, https:\/\/indentec.com\/wp-content\/uploads\/2024\/04\/20220316-Indentec-50-768x512.jpg 768w, https:\/\/indentec.com\/wp-content\/uploads\/2024\/04\/20220316-Indentec-50-1536x1025.jpg 1536w, https:\/\/indentec.com\/wp-content\/uploads\/2024\/04\/20220316-Indentec-50-2048x1366.jpg 2048w, https:\/\/indentec.com\/wp-content\/uploads\/2024\/04\/20220316-Indentec-50-510x340.jpg 510w\" sizes=\"auto, (max-width: 1020px) 100vw, 1020px\" \/>\t\t\t\t\t\t\n\t\t\t\t\t<\/div>\n\t\t\t\t\t\t\t\t\n<style>\n#image_1907021351 {\n  width: 100%;\n}\n<\/style>\n\t<\/div>\n\t\n\n\n\t\t<\/div>\n\t\t\t\t\t<\/div>\n\n\t\n\n\t<div id=\"col-1450370400\" class=\"col medium-6 small-12 large-6\"  >\n\t\t\t\t<div class=\"col-inner\"  >\n\t\t\t\n\t\t\t\n\n<p>I nostri blocchi per prove di durezza vengono utilizzati a livello globale in diversi settori, tra cui aerospaziale, automobilistico, accademico, ingegneristico, manifatturiero, medico e nella produzione di metalli primari.<\/p>\n<h2>Settori che utilizzano blocchi per prove di durezza<\/p>\n<\/h2>\n<p>I blocchi per prove di durezza sono punti di riferimento fondamentali per diversi settori:<\/p>\n<p><strong>Settore aerospaziale e automobilistico: <\/strong> i blocchi per prove di durezza garantiscono l&#8217;accuratezza e l&#8217;affidabilit\u00e0 delle apparecchiature per le prove di durezza, assicurando l&#8217;integrit\u00e0 di componenti fondamentali come componenti del motore, elementi strutturali e dei carrelli di atterraggio, per i quali sono importanti standard di qualit\u00e0 rigorosi.<\/p>\n<p><strong>Settore accademico e ingegneristico:<\/strong> i blocchi per prove di durezza forniscono a ricercatori e studenti materiali standardizzati per esaminare le qualit\u00e0 del materiale e il comportamento meccanico, un aspetto importante per la ricerca, la sperimentazione e l&#8217;istruzione.<\/p>\n<p><strong>Settore medico e della produzione di metalli primari:<\/strong> i blocchi per prove di durezza supportano le procedure di controllo della qualit\u00e0 facilitando la verifica e la calibrazione delle attrezzature per le prove di durezza, in modo da preservarne l&#8217;accuratezza e la coerenza.<\/p>\n<a href=\"mailto:zrb.sales@zwickroell.com\" target=\"_blank\" class=\"button primary\" rel=\"noopener\"  >\n\t\t<span>Prova oggi stesso<\/span>\n\t<\/a>\n\n\n\n\t\t<\/div>\n\t\t\t\t\t<\/div>\n\n\t\n\n\t<div id=\"col-786267601\" class=\"col medium-6 small-12 large-6\"  >\n\t\t\t\t<div class=\"col-inner\"  >\n\t\t\t\n\t\t\t\n\n\t<div class=\"img has-hover x md-x lg-x y md-y lg-y\" id=\"image_765783210\">\n\t\t\t\t\t\t\t\t<div class=\"img-inner image-cover dark\" style=\"padding-top:100%;margin:0px 0px 80px 0px;\">\n\t\t\t<img loading=\"lazy\" decoding=\"async\" width=\"1020\" height=\"680\" src=\"https:\/\/indentec.com\/wp-content\/uploads\/2023\/03\/20220316-Indentec-21-1024x683.jpg\" class=\"attachment-large size-large\" alt=\"Hardness Testing Blocks being tested in Hardness Testing Machine\" srcset=\"https:\/\/indentec.com\/wp-content\/uploads\/2023\/03\/20220316-Indentec-21-1024x683.jpg 1024w, https:\/\/indentec.com\/wp-content\/uploads\/2023\/03\/20220316-Indentec-21-scaled-510x340.jpg 510w, https:\/\/indentec.com\/wp-content\/uploads\/2023\/03\/20220316-Indentec-21-300x200.jpg 300w, https:\/\/indentec.com\/wp-content\/uploads\/2023\/03\/20220316-Indentec-21-768x512.jpg 768w, https:\/\/indentec.com\/wp-content\/uploads\/2023\/03\/20220316-Indentec-21-1536x1025.jpg 1536w, https:\/\/indentec.com\/wp-content\/uploads\/2023\/03\/20220316-Indentec-21-2048x1366.jpg 2048w\" sizes=\"auto, (max-width: 1020px) 100vw, 1020px\" \/>\t\t\t\t\t\t\n\t\t\t\t\t<\/div>\n\t\t\t\t\t\t\t\t\n<style>\n#image_765783210 {\n  width: 100%;\n}\n<\/style>\n\t<\/div>\n\t\n\n\n\t\t<\/div>\n\t\t\t\t\t<\/div>\n\n\t\n\n\t<div id=\"col-1137085862\" class=\"col small-12 large-12\"  >\n\t\t\t\t<div class=\"col-inner\"  >\n\t\t\t\n\t\t\t\n\n<h3 class=\"accordion_title\">Domande frequenti sui blocchi per prove di durezza<\/h3><div class=\"accordion\">\n\n\t<div id=\"accordion-1542610079\" class=\"accordion-item\">\n\t\t<a id=\"accordion-1542610079-label\" class=\"accordion-title plain active\" href=\"#accordion-item-a-cosa-serve-un-blocco-per-prove-di-durezza?\" aria-expanded=\"true\" aria-controls=\"accordion-1542610079-content\" >\n\t\t\t<button class=\"toggle\" aria-label=\"Attiva\/Disattiva\"><i class=\"icon-angle-down\"><\/i><\/button>\n\t\t\t<span>A cosa serve un blocco per prove di durezza?<\/span>\n\t\t<\/a>\n\t\t<div id=\"accordion-1542610079-content\" class=\"accordion-inner\" style=\"display: block;\" aria-labelledby=\"accordion-1542610079-label\" >\n\t\t\t\n\n\t<div id=\"text-1381247079\" class=\"text\">\n\t\t\n\n<p>I blocchi per prove di durezza sono campioni di materiali di durezza nota e costante. Vengono utilizzati per calibrare e verificare l&#8217;accuratezza dei durometri.<\/p>\n\t\t\n<style>\n#text-1381247079 {\n  line-height: 1.65;\n}\n<\/style>\n\t<\/div>\n\t\n\n\t\t<\/div>\n\t<\/div>\n\t\n\t<div id=\"accordion-4236340108\" class=\"accordion-item\">\n\t\t<a id=\"accordion-4236340108-label\" class=\"accordion-title plain\" href=\"#accordion-item-come-funzionano-i-blocchi-per-prove-di-durezza?\" aria-expanded=\"false\" aria-controls=\"accordion-4236340108-content\" >\n\t\t\t<button class=\"toggle\" aria-label=\"Attiva\/Disattiva\"><i class=\"icon-angle-down\"><\/i><\/button>\n\t\t\t<span>Come funzionano i blocchi per prove di durezza?<\/span>\n\t\t<\/a>\n\t\t<div id=\"accordion-4236340108-content\" class=\"accordion-inner\" aria-labelledby=\"accordion-4236340108-label\" >\n\t\t\t\n\n<p>Durante il processo di calibrazione, un blocco per prove di durezza viene posizionato sotto il penetratore di un durometro e ne viene misurato il valore di durezza. Tale valore viene quindi confrontato con il valore di durezza noto del blocco, per garantire che il durometro fornisca risultati accurati.<\/p>\n\n\t\t<\/div>\n\t<\/div>\n\t\n\t<div id=\"accordion-422812484\" class=\"accordion-item\">\n\t\t<a id=\"accordion-422812484-label\" class=\"accordion-title plain\" href=\"#accordion-item-quali-sono-alcuni-tipi-comuni-di-blocchi-per-prove-di-durezza?\" aria-expanded=\"false\" aria-controls=\"accordion-422812484-content\" >\n\t\t\t<button class=\"toggle\" aria-label=\"Attiva\/Disattiva\"><i class=\"icon-angle-down\"><\/i><\/button>\n\t\t\t<span>Quali sono alcuni tipi comuni di blocchi per prove di durezza?<\/span>\n\t\t<\/a>\n\t\t<div id=\"accordion-422812484-content\" class=\"accordion-inner\" aria-labelledby=\"accordion-422812484-label\" >\n\t\t\t\n\n<p>Alcuni blocchi per prove di durezza di uso comune sono cilindrici, rettangolari e sferici, realizzati in materiali come acciaio, carburo di tungsteno o ceramica.<\/p>\n\n\t\t<\/div>\n\t<\/div>\n\t\n\t<div id=\"accordion-4246265364\" class=\"accordion-item\">\n\t\t<a id=\"accordion-4246265364-label\" class=\"accordion-title plain\" href=\"#accordion-item-con-quale-frequenza-devono-essere-calibrati-i-durometri-utilizzando-i-blocchi-per-prove-di-durezza?\" aria-expanded=\"false\" aria-controls=\"accordion-4246265364-content\" >\n\t\t\t<button class=\"toggle\" aria-label=\"Attiva\/Disattiva\"><i class=\"icon-angle-down\"><\/i><\/button>\n\t\t\t<span>Con quale frequenza devono essere calibrati i durometri utilizzando i blocchi per prove di durezza?<\/span>\n\t\t<\/a>\n\t\t<div id=\"accordion-4246265364-content\" class=\"accordion-inner\" aria-labelledby=\"accordion-4246265364-label\" >\n\t\t\t\n\n<p>Per garantire risultati affidabili, si consiglia di calibrare i durometri utilizzando blocchi per prove di durezza a intervalli regolari, ad esempio ogni anno o dopo un certo numero di prove.<\/p>\n\n\t\t<\/div>\n\t<\/div>\n\t\n\n<\/div>\n\n\t\t<\/div>\n\t\t\t\t\t<\/div>\n\n\t\n\n\t<div id=\"col-144692416\" class=\"col small-12 large-12\"  >\n\t\t\t\t<div class=\"col-inner\"  >\n\t\t\t\n\t\t\t\n\n<h3>Contattaci oggi stesso<\/p>\n<\/h3>\n<p>Se sei interessato ai nostri prodotti o hai bisogno di saperne di pi\u00f9, il nostro team \u00e8 sempre pronto ad aiutarti con le tue richieste.<\/p>\n<a href=\"mailto:zrb.sales@zwickroell.com\" target=\"_blank\" class=\"button primary\" rel=\"noopener\"  >\n\t\t<span>Parla con il reparto vendite<\/span>\n\t<\/a>\n\n\n\n\t\t<\/div>\n\t\t\t\t\t<\/div>\n\n\t\n\n<\/div>\n\n\t\t<\/div>\n\n\t\t\n<style>\n#section_1097984580 {\n  padding-top: 30px;\n  padding-bottom: 30px;\n  background-color: rgb(255, 255, 255);\n}\n<\/style>\n\t<\/section>\n\t","protected":false},"excerpt":{"rendered":"","protected":false},"author":0,"featured_media":0,"parent":0,"menu_order":12,"comment_status":"closed","ping_status":"closed","template":"","meta":{"_acf_changed":false,"footnotes":""},"class_list":["post-4839","page","type-page","status-publish","hentry"],"acf":[],"_links":{"self":[{"href":"https:\/\/indentec.com\/it\/wp-json\/wp\/v2\/pages\/4839","targetHints":{"allow":["GET"]}}],"collection":[{"href":"https:\/\/indentec.com\/it\/wp-json\/wp\/v2\/pages"}],"about":[{"href":"https:\/\/indentec.com\/it\/wp-json\/wp\/v2\/types\/page"}],"replies":[{"embeddable":true,"href":"https:\/\/indentec.com\/it\/wp-json\/wp\/v2\/comments?post=4839"}],"version-history":[{"count":0,"href":"https:\/\/indentec.com\/it\/wp-json\/wp\/v2\/pages\/4839\/revisions"}],"wp:attachment":[{"href":"https:\/\/indentec.com\/it\/wp-json\/wp\/v2\/media?parent=4839"}],"curies":[{"name":"wp","href":"https:\/\/api.w.org\/{rel}","templated":true}]}}