{"id":5746,"date":"2024-05-15T11:45:13","date_gmt":"2024-05-15T10:45:13","guid":{"rendered":"https:\/\/indentec.co.uk\/product\/rockwell\/"},"modified":"2025-12-16T15:09:27","modified_gmt":"2025-12-16T15:09:27","slug":"rockwell","status":"publish","type":"product","link":"https:\/\/indentec.com\/fr\/produit\/rockwell\/","title":{"rendered":"Blocs de test de duret\u00e9 Rockwell"},"content":{"rendered":"","protected":false},"excerpt":{"rendered":"<p style=\"font-size: 18px;\"><strong>Livraison disponible le lendemain<\/strong><\/p>\n\u00c9talonn\u00e9 par notre laboratoire d&rsquo;\u00e9talonnage interne accr\u00e9dit\u00e9 UKAS\/ISO et fourni avec un certificat d&rsquo;\u00e9talonnage UKAS. Fourni \u00e9galement avec un emballage anti-corrosion et une mallette de rangement. Les valeurs indiqu\u00e9es sont nominales, le bloc r\u00e9el se situera dans la plage sp\u00e9cifi\u00e9e de la valeur nominale.  ","protected":false},"featured_media":8158,"template":"","meta":{"_acf_changed":false},"product_brand":[],"product_cat":[594,913],"product_tag":[],"class_list":{"0":"post-5746","1":"product","2":"type-product","3":"status-publish","4":"has-post-thumbnail","6":"product_cat-blocs-dessai-de-durete","7":"product_cat-rockwell-fr","8":"pa_block-type-rockwell-fr","9":"pa_block-type-superficial-rockwell-fr","10":"pa_diameter-65-fr","11":"pa_scale-hr15n-fr","12":"pa_scale-hr15t-fr","13":"pa_scale-hr15w-fr","14":"pa_scale-hr30n-fr","15":"pa_scale-hr30t-fr","16":"pa_scale-hr45n-fr","17":"pa_scale-hr45t-fr","18":"pa_scale-hra-fr","19":"pa_scale-hrb-fr","20":"pa_scale-hrc-fr","21":"pa_scale-hrd-fr","22":"pa_scale-hre-fr","23":"pa_scale-hrf-fr","24":"pa_scale-hrg-fr","25":"pa_scale-hrk-fr","26":"pa_scale-hrl-fr","27":"pa_scale-hrp-fr","28":"pa_scale-hrr-fr","29":"pa_value-100-5-fr","30":"pa_value-106-5-fr","31":"pa_value-112-4-fr","32":"pa_value-118-4-fr","33":"pa_value-118-5-fr","34":"pa_value-120-4-fr","35":"pa_value-123-4-fr","36":"pa_value-124-4-fr","37":"pa_value-126-4-fr","38":"pa_value-16-5-fr","39":"pa_value-18-5-fr","40":"pa_value-23-5-fr","41":"pa_value-25-2-5-fr","42":"pa_value-26-2-5-fr","43":"pa_value-3-5-3-fr","44":"pa_value-30-2-5-fr","45":"pa_value-31-2-5-fr","46":"pa_value-33-2-5-fr","47":"pa_value-33-5-fr","48":"pa_value-35-2-5-fr","49":"pa_value-37-2-5-fr","50":"pa_value-40-2-5-fr","51":"pa_value-40-5-fr","52":"pa_value-43-2-5-fr","53":"pa_value-43-5-fr","54":"pa_value-44-2-5-fr","55":"pa_value-45-2-5-fr","56":"pa_value-46-2-5-fr","57":"pa_value-46-5-fr","58":"pa_value-48-2-5-fr","59":"pa_value-49-2-5-fr","60":"pa_value-50-2-5-fr","61":"pa_value-50-5-fr","62":"pa_value-51-5-fr","63":"pa_value-52-2-5-fr","64":"pa_value-53-5-fr","65":"pa_value-55-2-5-fr","66":"pa_value-56-2-5-fr","67":"pa_value-56-5-fr","68":"pa_value-60-2-5-fr","69":"pa_value-60-5-fr","70":"pa_value-61-2-5-fr","71":"pa_value-63-1-5-fr","72":"pa_value-63-5-fr","73":"pa_value-64-2-5-fr","74":"pa_value-65-1-5-fr","75":"pa_value-65-2-5-fr","76":"pa_value-65-5-fr","77":"pa_value-67-2-5-fr","78":"pa_value-68-1-5-fr","79":"pa_value-68-2-5-fr","80":"pa_value-69-5-fr","81":"pa_value-70-1-5-fr","82":"pa_value-70-5-fr","83":"pa_value-71-2-5-fr","84":"pa_value-72-2-5-fr","85":"pa_value-72-5-fr","86":"pa_value-73-1-5-fr","87":"pa_value-73-2-5-fr","88":"pa_value-75-2-5-fr","89":"pa_value-75-5-fr","90":"pa_value-76-1-5-fr","91":"pa_value-77-2-5-fr","92":"pa_value-77-5-fr","93":"pa_value-78-1-5-fr","94":"pa_value-78-2-5-fr","95":"pa_value-78-5-fr","96":"pa_value-80-2-5-fr","97":"pa_value-80-5-fr","98":"pa_value-81-1-5-fr","99":"pa_value-81-5-fr","100":"pa_value-83-2-5-fr","101":"pa_value-83-5-fr","102":"pa_value-84-5-fr","103":"pa_value-85-2-5-fr","104":"pa_value-85-5-fr","105":"pa_value-87-4-fr","106":"pa_value-87-5-fr","107":"pa_value-88-2-5-fr","108":"pa_value-88-5-fr","109":"pa_value-90-2-5-fr","110":"pa_value-90-4-fr","111":"pa_value-90-5-fr","112":"pa_value-91-5-fr","113":"pa_value-93-5-fr","114":"pa_value-94-4-fr","116":"first","117":"instock","118":"taxable","119":"shipping-taxable","120":"purchasable","121":"product-type-variable","122":"has-default-attributes"},"exclude_global_add_ons":false,"addons":[{"name":"Options suppl\u00e9mentaires","type":"checkbox","position":0,"required":false,"title_format":"label","default":"","description_enable":false,"description":null,"placeholder_enable":false,"placeholder":null,"display":"select","restrictions_type":"any_text","adjust_price":false,"price":"","price_type":"flat_fee","restrictions":false,"min":"0","max":"0","options":[{"label":"Ajouter des lignes de quadrillage","price":"22","price_type":"quantity_based","image":0,"visibility":true}],"id":1715777429},{"name":"Param\u00e8tres d\u2019\u00e9talonnage","type":"checkbox","position":1,"required":false,"title_format":"label","default":"","description_enable":true,"description":"Par d\u00e9faut, nos blocs d\u2019\u00e9chelle Rockwell \u00e0 bille sont \u00e9talonn\u00e9s \u00e0 l\u2019aide d\u2019un p\u00e9n\u00e9trateur \u00e0 bille en carbure de tungst\u00e8ne (W). ","placeholder_enable":false,"placeholder":null,"display":"radiobutton","restrictions_type":"any_text","adjust_price":false,"price":"","price_type":"flat_fee","restrictions":false,"min":"0","max":"0","options":[{"label":"Steel Calibrated","price":"","price_type":"quantity_based","image":0,"visibility":false}],"id":1715777430},{"name":"Optional Extras","type":"checkbox","position":0,"required":false,"title_format":"label","default":"","description_enable":false,"description":"","placeholder_enable":false,"placeholder":"","display":"radiobutton","restrictions_type":"any_text","adjust_price":false,"price":"","price_type":"flat_fee","restrictions":false,"min":"0","max":"0","options":[{"label":"Add gridlines","price":"22","price_type":"quantity_based","image":0,"visibility":true},{"label":"Supplied with mirror finish as standard. Choose optional matte surface finish.","price":"55","price_type":"quantity_based","image":0,"visibility":true}],"id":1678974320},{"name":"Optional Extras","type":"checkbox","position":0,"required":false,"title_format":"label","default":"","description_enable":false,"description":"","placeholder_enable":false,"placeholder":"","display":"select","restrictions_type":"any_text","adjust_price":false,"price":"","price_type":"flat_fee","restrictions":false,"min":"0","max":"0","options":[{"label":"Add gridlines","price":"22","price_type":"quantity_based","image":0,"visibility":true}],"id":1682592785},{"name":"Optional Extras","type":"checkbox","position":0,"required":false,"title_format":"label","default":"","description_enable":false,"description":"","placeholder_enable":false,"placeholder":"","display":"select","restrictions_type":"any_text","adjust_price":false,"price":"","price_type":"flat_fee","restrictions":false,"min":"0","max":"0","options":[{"label":"Add gridlines","price":"22","price_type":"quantity_based","image":0,"visibility":true}],"id":1682592811},{"name":"Optional Extras","type":"checkbox","position":0,"required":false,"title_format":"label","default":"","description_enable":false,"description":"","placeholder_enable":false,"placeholder":"","display":"radiobutton","restrictions_type":"any_text","adjust_price":false,"price":"","price_type":"flat_fee","restrictions":false,"min":"0","max":"0","options":[{"label":"Add gridlines","price":"22","price_type":"quantity_based","image":0,"visibility":true}],"id":1678974411},{"name":"Optional Extras","type":"multiple_choice","position":0,"required":false,"title_format":"label","default":"","description_enable":false,"description":"","placeholder_enable":false,"placeholder":"","display":"select","restrictions_type":"any_text","adjust_price":false,"price":"","price_type":"flat_fee","restrictions":false,"min":"0","max":"0","options":[{"label":"Add gridlines","price":"22","price_type":"quantity_based","image":0,"visibility":true}],"id":1682592821},{"name":"Optional Extras","type":"checkbox","position":0,"required":false,"title_format":"label","default":"","description_enable":false,"description":"","placeholder_enable":false,"placeholder":"","display":"select","restrictions_type":"any_text","adjust_price":false,"price":"","price_type":"flat_fee","restrictions":false,"min":"0","max":"0","options":[{"label":"Add gridlines","price":"22","price_type":"quantity_based","image":0,"visibility":true}],"id":1678969354},{"name":"Calibration Settings","type":"checkbox","position":1,"required":false,"title_format":"label","default":"","description_enable":true,"description":"As a default, our Rockwell ball scale blocks are calibrated using a Tungsten Carbide ball indenter (W). If you would like calibration using a steel indenter (S) instead, please check the relevant option.","placeholder_enable":false,"placeholder":"","display":"radiobutton","restrictions_type":"any_text","adjust_price":false,"price":"","price_type":"flat_fee","restrictions":false,"min":"0","max":"0","options":[{"label":"Steel Calibrated","price":"","price_type":"quantity_based","image":0,"visibility":true}],"id":1679393946}],"acf":[],"_links":{"self":[{"href":"https:\/\/indentec.com\/fr\/wp-json\/wp\/v2\/product\/5746","targetHints":{"allow":["GET"]}}],"collection":[{"href":"https:\/\/indentec.com\/fr\/wp-json\/wp\/v2\/product"}],"about":[{"href":"https:\/\/indentec.com\/fr\/wp-json\/wp\/v2\/types\/product"}],"wp:featuredmedia":[{"embeddable":true,"href":"https:\/\/indentec.com\/fr\/wp-json\/wp\/v2\/media\/8158"}],"wp:attachment":[{"href":"https:\/\/indentec.com\/fr\/wp-json\/wp\/v2\/media?parent=5746"}],"wp:term":[{"taxonomy":"product_brand","embeddable":true,"href":"https:\/\/indentec.com\/fr\/wp-json\/wp\/v2\/product_brand?post=5746"},{"taxonomy":"product_cat","embeddable":true,"href":"https:\/\/indentec.com\/fr\/wp-json\/wp\/v2\/product_cat?post=5746"},{"taxonomy":"product_tag","embeddable":true,"href":"https:\/\/indentec.com\/fr\/wp-json\/wp\/v2\/product_tag?post=5746"}],"curies":[{"name":"wp","href":"https:\/\/api.w.org\/{rel}","templated":true}]}}