{"id":4989,"date":"2024-05-15T15:06:05","date_gmt":"2024-05-15T14:06:05","guid":{"rendered":"https:\/\/indentec.co.uk\/product\/knoop\/"},"modified":"2025-12-16T15:10:30","modified_gmt":"2025-12-16T15:10:30","slug":"knoop","status":"publish","type":"product","link":"https:\/\/indentec.com\/fr\/produit\/knoop\/","title":{"rendered":"Blocs de test de duret\u00e9 Knoop"},"content":{"rendered":"","protected":false},"excerpt":{"rendered":"\u00c9talonn\u00e9 par notre laboratoire d&rsquo;\u00e9talonnage interne accr\u00e9dit\u00e9 UKAS\/ISO et fourni avec un certificat d&rsquo;\u00e9talonnage UKAS. Fourni \u00e9galement avec un emballage anti-corrosion et une mallette de rangement. Les valeurs indiqu\u00e9es sont nominales, le bloc r\u00e9el se situera dans la plage sp\u00e9cifi\u00e9e de la valeur nominale.  ","protected":false},"featured_media":8188,"template":"","meta":{"_acf_changed":false},"product_brand":[],"product_cat":[594,593],"product_tag":[],"class_list":{"0":"post-4989","1":"product","2":"type-product","3":"status-publish","4":"has-post-thumbnail","6":"product_cat-blocs-dessai-de-durete","7":"product_cat-knoop-fr","8":"pa_scale-hk-0-010-fr","9":"pa_scale-hk-0-025-fr","10":"pa_scale-hk-0-050-fr","11":"pa_scale-hk-0-1-fr","12":"pa_scale-hk-0-2-fr","13":"pa_scale-hk-0-3-fr","14":"pa_scale-hk-0-5-fr","15":"pa_scale-hk-1-0-fr","16":"pa_value-100-10-fr","17":"pa_value-150-25-fr","18":"pa_value-200-25-fr","19":"pa_value-250-25-fr","20":"pa_value-300-25-fr","21":"pa_value-350-25-fr","22":"pa_value-40-10-fr","23":"pa_value-400-25-fr","24":"pa_value-450-25-fr","25":"pa_value-500-25-fr","26":"pa_value-550-25-fr","27":"pa_value-600-25-fr","28":"pa_value-650-25-fr","29":"pa_value-70-25-fr","30":"pa_value-700-25-fr","31":"pa_value-750-25-fr","33":"first","34":"instock","35":"taxable","36":"shipping-taxable","37":"purchasable","38":"product-type-variable"},"exclude_global_add_ons":false,"addons":[{"name":"Options suppl\u00e9mentaires","type":"checkbox","position":0,"required":false,"title_format":"label","default":"","description_enable":false,"description":null,"placeholder_enable":false,"placeholder":null,"display":"select","restrictions_type":"any_text","adjust_price":false,"price":"","price_type":"flat_fee","restrictions":false,"min":"0","max":"0","options":[{"label":"Ajouter des lignes de quadrillage","price":"22","price_type":"quantity_based","image":0,"visibility":true}],"id":1715854937},{"name":"Optional Extras","type":"checkbox","position":0,"required":false,"title_format":"label","default":"","description_enable":false,"description":"","placeholder_enable":false,"placeholder":"","display":"radiobutton","restrictions_type":"any_text","adjust_price":false,"price":"","price_type":"flat_fee","restrictions":false,"min":"0","max":"0","options":[{"label":"Add gridlines","price":"22","price_type":"quantity_based","image":0,"visibility":true},{"label":"Supplied with mirror finish as standard. Choose optional matte surface finish.","price":"55","price_type":"quantity_based","image":0,"visibility":true}],"id":1678974320},{"name":"Optional Extras","type":"checkbox","position":0,"required":false,"title_format":"label","default":"","description_enable":false,"description":"","placeholder_enable":false,"placeholder":"","display":"select","restrictions_type":"any_text","adjust_price":false,"price":"","price_type":"flat_fee","restrictions":false,"min":"0","max":"0","options":[{"label":"Add gridlines","price":"22","price_type":"quantity_based","image":0,"visibility":true}],"id":1682592785},{"name":"Optional Extras","type":"checkbox","position":0,"required":false,"title_format":"label","default":"","description_enable":false,"description":"","placeholder_enable":false,"placeholder":"","display":"select","restrictions_type":"any_text","adjust_price":false,"price":"","price_type":"flat_fee","restrictions":false,"min":"0","max":"0","options":[{"label":"Add gridlines","price":"22","price_type":"quantity_based","image":0,"visibility":true}],"id":1682592811},{"name":"Optional Extras","type":"checkbox","position":0,"required":false,"title_format":"label","default":"","description_enable":false,"description":"","placeholder_enable":false,"placeholder":"","display":"radiobutton","restrictions_type":"any_text","adjust_price":false,"price":"","price_type":"flat_fee","restrictions":false,"min":"0","max":"0","options":[{"label":"Add gridlines","price":"22","price_type":"quantity_based","image":0,"visibility":true}],"id":1678974411},{"name":"Optional Extras","type":"multiple_choice","position":0,"required":false,"title_format":"label","default":"","description_enable":false,"description":"","placeholder_enable":false,"placeholder":"","display":"select","restrictions_type":"any_text","adjust_price":false,"price":"","price_type":"flat_fee","restrictions":false,"min":"0","max":"0","options":[{"label":"Add gridlines","price":"22","price_type":"quantity_based","image":0,"visibility":true}],"id":1682592821},{"name":"Optional Extras","type":"checkbox","position":0,"required":false,"title_format":"label","default":"","description_enable":false,"description":"","placeholder_enable":false,"placeholder":"","display":"select","restrictions_type":"any_text","adjust_price":false,"price":"","price_type":"flat_fee","restrictions":false,"min":"0","max":"0","options":[{"label":"Add gridlines","price":"22","price_type":"quantity_based","image":0,"visibility":true}],"id":1678969354},{"name":"Calibration Settings","type":"checkbox","position":1,"required":false,"title_format":"label","default":"","description_enable":true,"description":"As a default, our Rockwell ball scale blocks are calibrated using a Tungsten Carbide ball indenter (W). If you would like calibration using a steel indenter (S) instead, please check the relevant option.","placeholder_enable":false,"placeholder":"","display":"radiobutton","restrictions_type":"any_text","adjust_price":false,"price":"","price_type":"flat_fee","restrictions":false,"min":"0","max":"0","options":[{"label":"Steel Calibrated","price":"","price_type":"quantity_based","image":0,"visibility":true}],"id":1679393946}],"acf":[],"_links":{"self":[{"href":"https:\/\/indentec.com\/fr\/wp-json\/wp\/v2\/product\/4989","targetHints":{"allow":["GET"]}}],"collection":[{"href":"https:\/\/indentec.com\/fr\/wp-json\/wp\/v2\/product"}],"about":[{"href":"https:\/\/indentec.com\/fr\/wp-json\/wp\/v2\/types\/product"}],"wp:featuredmedia":[{"embeddable":true,"href":"https:\/\/indentec.com\/fr\/wp-json\/wp\/v2\/media\/8188"}],"wp:attachment":[{"href":"https:\/\/indentec.com\/fr\/wp-json\/wp\/v2\/media?parent=4989"}],"wp:term":[{"taxonomy":"product_brand","embeddable":true,"href":"https:\/\/indentec.com\/fr\/wp-json\/wp\/v2\/product_brand?post=4989"},{"taxonomy":"product_cat","embeddable":true,"href":"https:\/\/indentec.com\/fr\/wp-json\/wp\/v2\/product_cat?post=4989"},{"taxonomy":"product_tag","embeddable":true,"href":"https:\/\/indentec.com\/fr\/wp-json\/wp\/v2\/product_tag?post=4989"}],"curies":[{"name":"wp","href":"https:\/\/api.w.org\/{rel}","templated":true}]}}