{"id":7363,"date":"2024-07-02T14:00:07","date_gmt":"2024-07-02T13:00:07","guid":{"rendered":"https:\/\/indentec.co.uk\/stockez-des-blocs-dessai-de-durete-et-assurez-la-fluidite-de-votre-production\/"},"modified":"2024-07-31T09:38:48","modified_gmt":"2024-07-31T08:38:48","slug":"stockez-des-blocs-dessai-de-durete-et-assurez-la-fluidite-de-votre-production","status":"publish","type":"page","link":"https:\/\/indentec.com\/fr\/stockez-des-blocs-dessai-de-durete-et-assurez-la-fluidite-de-votre-production\/","title":{"rendered":"Stockez des blocs d&rsquo;essai de duret\u00e9 et assurez la fluidit\u00e9 de votre production"},"content":{"rendered":"\n\t<section class=\"section\" id=\"section_1036445669\">\n\t\t<div class=\"section-bg fill\" >\n\t\t\t\t\t\t\t\t\t<div class=\"section-bg-overlay absolute fill\"><\/div>\n\t\t\t\n\n\t\t<\/div>\n\n\t\t\n\n\t\t<div class=\"section-content relative\">\n\t\t\t\n\n<div class=\"row row-large align-center\"  id=\"row-286593781\">\n\n\n\t<div id=\"col-1719229104\" class=\"col large-12\"  >\n\t\t\t\t<div class=\"col-inner\"  >\n\t\t\t\n\t\t\t\n\n\t<div class=\"img has-hover x md-x lg-x y md-y lg-y\" id=\"image_769878974\">\n\t\t\t\t\t\t\t\t<div class=\"img-inner image-cover dark\" style=\"padding-top:400px;\">\n\t\t\t<img loading=\"lazy\" decoding=\"async\" width=\"2048\" height=\"1366\" src=\"https:\/\/indentec.com\/wp-content\/uploads\/2023\/03\/20220316-Indentec-21-2048x1366.jpg\" class=\"attachment-2048x2048 size-2048x2048\" alt=\"Hardness Testing Blocks being tested in Hardness Testing Machine\" srcset=\"https:\/\/indentec.com\/wp-content\/uploads\/2023\/03\/20220316-Indentec-21-2048x1366.jpg 2048w, https:\/\/indentec.com\/wp-content\/uploads\/2023\/03\/20220316-Indentec-21-scaled-510x340.jpg 510w, https:\/\/indentec.com\/wp-content\/uploads\/2023\/03\/20220316-Indentec-21-300x200.jpg 300w, https:\/\/indentec.com\/wp-content\/uploads\/2023\/03\/20220316-Indentec-21-1024x683.jpg 1024w, https:\/\/indentec.com\/wp-content\/uploads\/2023\/03\/20220316-Indentec-21-768x512.jpg 768w, https:\/\/indentec.com\/wp-content\/uploads\/2023\/03\/20220316-Indentec-21-1536x1025.jpg 1536w\" sizes=\"auto, (max-width: 2048px) 100vw, 2048px\" \/>\t\t\t\t\t\t\n\t\t\t\t\t<\/div>\n\t\t\t\t\t\t\t\t\n<style>\n#image_769878974 {\n  width: 100%;\n}\n<\/style>\n\t<\/div>\n\t\n\n\n\t\t<\/div>\n\t\t\t\t\t<\/div>\n\n\t\n\n\t<div id=\"col-478493917\" class=\"col medium-10 small-12 large-10\"  >\n\t\t\t\t<div class=\"col-inner text-center\"  >\n\t\t\t\n\t\t\t\n\n<h1><strong>Assurez la fluidit\u00e9 de votre cha\u00eene de production : <\/strong><\/h1>\n<h3><strong>Pourquoi vous avez besoin d&rsquo;un stock de blocs d&rsquo;essai de duret\u00e9<\/strong><\/h3>\n<p>Avez-vous d\u00e9j\u00e0 eu une ligne de production \u00e0 l&rsquo;arr\u00eat parce que vous n&rsquo;aviez plus de blocs d&rsquo;essai de duret\u00e9 ? C&rsquo;est une situation frustrante qui peut co\u00fbter beaucoup de temps et d&rsquo;argent. Les essais de duret\u00e9 sont essentiels pour garantir la qualit\u00e9 constante de vos produits, et il est indispensable de disposer d&rsquo;un stock fiable de blocs d&rsquo;essai pour assurer le bon d\u00e9roulement des op\u00e9rations.<\/p>\n<a href=\"https:\/\/indentec.com\/tests-blocks\/\" class=\"button primary\"  >\n\t\t<span>Acheter maintenant<\/span>\n\t<\/a>\n\n\n\n\t\t<\/div>\n\t\t\t\t\t<\/div>\n\n\t\n\n<\/div>\n\n\t\t<\/div>\n\n\t\t\n<style>\n#section_1036445669 {\n  padding-top: 0px;\n  padding-bottom: 0px;\n  background-color: rgb(255, 255, 255);\n}\n#section_1036445669 .section-bg-overlay {\n  background-color: rgba(255, 255, 255, 0.85);\n}\n<\/style>\n\t<\/section>\n\t\n\n\t<section class=\"section\" id=\"section_413815263\">\n\t\t<div class=\"section-bg fill\" >\n\t\t\t\t\t\t\t\t\t\n\t\t\t\n\t<div class=\"is-border\"\n\t\tstyle=\"border-color:rgb(235, 235, 235);border-width:1px 0px 0px 0px;\">\n\t<\/div>\n\n\t\t<\/div>\n\n\t\t\n\n\t\t<div class=\"section-content relative\">\n\t\t\t\n\n<div class=\"row\"  id=\"row-1865395140\">\n\n\n\t<div id=\"col-1657979706\" class=\"col medium-6 small-12 large-6\"  >\n\t\t\t\t<div class=\"col-inner\"  >\n\t\t\t\n\t\t\t\n\n<h2>Voici pourquoi vous devriez toujours avoir des blocs d&rsquo;essai de duret\u00e9 sous la main :<\/h2>\n<p><strong>\u00c9vitez les perturbations <\/strong>: si vous manquez de blocs, cela peut paralyser votre cha\u00eene de production pendant que vous attendez des blocs de remplacement. Cela peut conduire \u00e0 des d\u00e9lais non respect\u00e9s, \u00e0 des clients frustr\u00e9s et \u00e0 des pertes de revenus.<\/p>\n<p><strong>Maintenez une qualit\u00e9 constante<\/strong> : des essais de duret\u00e9 r\u00e9guliers sont essentiels pour garantir que vos produits r\u00e9pondent aux sp\u00e9cifications requises. Un approvisionnement r\u00e9gulier en blocs vous permet donc d&rsquo;effectuer ces essais sans interruption.<\/p>\n\n\t\t<\/div>\n\t\t\t\t\t<\/div>\n\n\t\n\n\t<div id=\"col-1492552233\" class=\"col medium-6 small-12 large-6\"  >\n\t\t\t\t<div class=\"col-inner\"  >\n\t\t\t\n\t\t\t\n\n<p> <\/p>\n<p><strong>Am\u00e9liorez votre efficacit\u00e9<\/strong> : avoir un stock de blocs imm\u00e9diatement disponible vous \u00e9vite les commandes de derni\u00e8re minute et les retards potentiels. Cela permet \u00e0 votre ligne de production de fonctionner de mani\u00e8re fluide et efficace.<\/p>\n<p><strong>Planifiez l&rsquo;avenir :<\/strong> anticipez vos besoins en mati\u00e8re d&rsquo;essais et commandez des blocs \u00e0 l&rsquo;avance. Vous \u00eates ainsi pr\u00eat \u00e0 r\u00e9pondre \u00e0 toutes les exigences en mati\u00e8re d&rsquo;essais et vous \u00e9vitez les p\u00e9nuries potentielles et les pertes de revenus dues \u00e0 des arr\u00eats de production.<\/p>\n\n\t\t<\/div>\n\t\t\t\t\t<\/div>\n\n\t\n\n<\/div>\n\n\t\t<\/div>\n\n\t\t\n<style>\n#section_413815263 {\n  padding-top: 60px;\n  padding-bottom: 60px;\n  min-height: 300px;\n  background-color: rgb(245, 245, 245);\n}\n<\/style>\n\t<\/section>\n\t\n\n\t<section class=\"section\" id=\"section_939116250\">\n\t\t<div class=\"section-bg fill\" >\n\t\t\t\t\t\t\t\t\t<div class=\"section-bg-overlay absolute fill\"><\/div>\n\t\t\t\n\n\t\t<\/div>\n\n\t\t\n\n\t\t<div class=\"section-content relative\">\n\t\t\t\n\n<div class=\"row row-large align-middle\"  id=\"row-496845299\">\n\n\n\t<div id=\"col-594468043\" class=\"col medium-3 small-12 large-3\"  >\n\t\t\t\t<div class=\"col-inner\"  >\n\t\t\t\n\t\t\t\n\n\t<div class=\"img has-hover x md-x lg-x y md-y lg-y\" id=\"image_794588422\">\n\t\t\t\t\t\t\t\t<div class=\"img-inner dark\" >\n\t\t\t<img loading=\"lazy\" decoding=\"async\" width=\"683\" height=\"1024\" src=\"https:\/\/indentec.com\/wp-content\/uploads\/2023\/03\/20220824-Indentec-41-of-52-683x1024.jpg\" class=\"attachment-large size-large\" alt=\"ZwickRoell Hardness Testing Blocks and Machines\" srcset=\"https:\/\/indentec.com\/wp-content\/uploads\/2023\/03\/20220824-Indentec-41-of-52-683x1024.jpg 683w, https:\/\/indentec.com\/wp-content\/uploads\/2023\/03\/20220824-Indentec-41-of-52-scaled-510x765.jpg 510w, https:\/\/indentec.com\/wp-content\/uploads\/2023\/03\/20220824-Indentec-41-of-52-200x300.jpg 200w, https:\/\/indentec.com\/wp-content\/uploads\/2023\/03\/20220824-Indentec-41-of-52-768x1152.jpg 768w, https:\/\/indentec.com\/wp-content\/uploads\/2023\/03\/20220824-Indentec-41-of-52-1024x1536.jpg 1024w, https:\/\/indentec.com\/wp-content\/uploads\/2023\/03\/20220824-Indentec-41-of-52-1365x2048.jpg 1365w, https:\/\/indentec.com\/wp-content\/uploads\/2023\/03\/20220824-Indentec-41-of-52-scaled.jpg 1707w\" sizes=\"auto, (max-width: 683px) 100vw, 683px\" \/>\t\t\t\t\t\t\n\t\t\t\t\t<\/div>\n\t\t\t\t\t\t\t\t\n<style>\n#image_794588422 {\n  width: 100%;\n}\n<\/style>\n\t<\/div>\n\t\n\n\n\t\t<\/div>\n\t\t\t\t\t<\/div>\n\n\t\n\n\t<div id=\"col-1341590003\" class=\"col medium-9 small-12 large-9\"  >\n\t\t\t\t<div class=\"col-inner text-left\"  >\n\t\t\t\n\t\t\t\n\n<h3><strong>Assurez une production fluide avec un stock fiable de blocs d&rsquo;essai de duret\u00e9<\/strong><\/h3>\n<p>Chez Indentec, nous comprenons l&rsquo;importance de maintenir un flux r\u00e9gulier dans votre processus de production. C&rsquo;est pourquoi nous proposons non seulement des machines d&rsquo;essai de duret\u00e9 de haute qualit\u00e9, mais \u00e9galement un approvisionnement fiable en blocs d&rsquo;essai de duret\u00e9 dans divers mat\u00e9riaux et \u00e9chelles.<\/p>\n<p><strong>En gardant un stock de blocs d&rsquo;essai de duret\u00e9 \u00e0 port\u00e9e de main, vous pouvez :<\/strong><\/p>\n<ul>\n<li>\u00c9viter les temps d&rsquo;arr\u00eat co\u00fbteux<\/li>\n<li>Garantir une qualit\u00e9 de produit constante<\/li>\n<li>Maintenir des calendriers de production efficaces<\/li>\n<li>R\u00e9duire le risque de retards et de perturbations<\/li>\n<\/ul>\n<a href=\"https:\/\/indentec.com\/tests-blocks\/\" class=\"button primary\"  >\n\t\t<span>Acheter nos blocs maintenant<\/span>\n\t<\/a>\n\n\n\n\t\t<\/div>\n\t\t\t\t\t<\/div>\n\n\t\n\n<\/div>\n\n\t\t<\/div>\n\n\t\t\n<style>\n#section_939116250 {\n  padding-top: 60px;\n  padding-bottom: 60px;\n  background-color: rgb(255, 255, 255);\n}\n#section_939116250 .section-bg-overlay {\n  background-color: rgba(255, 255, 255, 0.85);\n}\n<\/style>\n\t<\/section>\n\t\n\n\t<section class=\"section\" id=\"section_1868163422\">\n\t\t<div class=\"section-bg fill\" >\n\t\t\t\t\t\t\t\t\t\n\t\t\t\n\n\t\t<\/div>\n\n\t\t\n\n\t\t<div class=\"section-content relative\">\n\t\t\t\n\n<div class=\"row align-center\"  id=\"row-688438410\">\n\n\n\t<div id=\"col-92434293\" class=\"col medium-10 small-12 large-10\"  >\n\t\t\t\t<div class=\"col-inner text-center\"  >\n\t\t\t\n\t\t\t\n\n<h2>D\u00e9couvrez notre gamme de blocs d&rsquo;essai de duret\u00e9<\/h2>\n<h3><strong>Le bon choix pour chaque application<\/strong><\/h3>\n<p>L&rsquo;essai de duret\u00e9 est une proc\u00e9dure critique de contr\u00f4le de la qualit\u00e9 utilis\u00e9e dans diverses industries pour mesurer la r\u00e9sistance d&rsquo;un mat\u00e9riau \u00e0 une indentation permanente. Il joue un r\u00f4le essentiel en garantissant l&rsquo;int\u00e9grit\u00e9 et la performance des produits finis. Mais l&rsquo;obtention de mesures de duret\u00e9 pr\u00e9cises et constantes d\u00e9pend fortement de l&rsquo;utilisation de blocs d&rsquo;essai fiables.<\/p>\n<p>Chez Indentec, nous offrons une large gamme de blocs d&rsquo;essai qui peuvent \u00eatre utilis\u00e9s pour une vari\u00e9t\u00e9 d&rsquo;industries et d&rsquo;op\u00e9rations. Nous n&rsquo;utilisons que des mat\u00e9riaux de haute qualit\u00e9 avec une variation minimale de la duret\u00e9, ce qui permet de garantir que l&rsquo;\u00e9talonnage est aussi proche que possible de la mesure.<\/p>\n<p>Utilis\u00e9e pour \u00e9talonner et v\u00e9rifier la pr\u00e9cision des machines d&rsquo;essai de duret\u00e9, notre gamme de blocs d&rsquo;essai comprend les m\u00e9thodes suivantes :<\/p>\n<div class=\"row\"  id=\"row-1834945912\">\n\n\n\t<div id=\"col-219822122\" class=\"col medium-6 small-12 large-6\"  >\n\t\t\t\t<div class=\"col-inner\"  >\n\t\t\t\n\t\t\t\n\n<p><strong>Vickers (HV)<\/strong> \u2013 Mesure les diagonales des indentations, ce qui vous permet d&rsquo;\u00e9talonner la machine d&rsquo;essai de duret\u00e9 avec pr\u00e9cision par rapport \u00e0 l&rsquo;indentation.<br><strong>Brinell (HB)<\/strong> \u2013 Utilise un p\u00e9n\u00e9trateur \u00e0 bille pour d\u00e9terminer le degr\u00e9 de duret\u00e9, en utilisant le diam\u00e8tre de l&rsquo;indentation pour mesurer les r\u00e9sultats.<\/p>\n\n\t\t<\/div>\n\t\t\t\t\t<\/div>\n\n\t\n\n\t<div id=\"col-1697307733\" class=\"col medium-6 small-12 large-6\"  >\n\t\t\t\t<div class=\"col-inner\"  >\n\t\t\t\n\t\t\t\n\n<p><strong>Knoop (HK)<\/strong> \u2013 Mesure la longueur de la longue diagonale de l&rsquo;indentation avec son p\u00e9n\u00e9trateur pyramidal allong\u00e9.<\/p>\n<p><strong>Rockwell (HRC, HRB, etc.)<\/strong> \u2013 L&rsquo;essai Rockwell mesure la profondeur de p\u00e9n\u00e9tration sous une charge sp\u00e9cifique. Chez Indentec, nous fournissons diff\u00e9rentes \u00e9chelles Rockwell pour assurer une compatibilit\u00e9 totale avec votre machine d&rsquo;essai.<\/p>\n\n\t\t<\/div>\n\t\t\t\t\t<\/div>\n\n\t\n\n<\/div>\n<a href=\"https:\/\/indentec.com\/tests-blocks\/\" class=\"button primary\"  >\n\t\t<span>En savoir plus sur nos blocs<\/span>\n\t<\/a>\n\n\n\n\t\t<\/div>\n\t\t\t\t\t<\/div>\n\n\t\n\n<\/div>\n\n\t\t<\/div>\n\n\t\t\n<style>\n#section_1868163422 {\n  padding-top: 60px;\n  padding-bottom: 60px;\n  min-height: 300px;\n  background-color: rgb(236, 236, 236);\n}\n<\/style>\n\t<\/section>\n\t\n\n\t<section class=\"section\" id=\"section_1815540284\">\n\t\t<div class=\"section-bg fill\" >\n\t\t\t\t\t\t\t\t\t<div class=\"section-bg-overlay absolute fill\"><\/div>\n\t\t\t\n\n\t\t<\/div>\n\n\t\t\n\n\t\t<div class=\"section-content relative\">\n\t\t\t\n\n<div class=\"row row-large align-middle\"  id=\"row-1394311133\">\n\n\n\t<div id=\"col-899877059\" class=\"col medium-6 small-12 large-6\"  >\n\t\t\t\t<div class=\"col-inner text-left\"  >\n\t\t\t\n\t\t\t\n\n<h4><strong>Garantissez des essais de duret\u00e9 pr\u00e9cis : investissez dans des blocs d&rsquo;essai de haute qualit\u00e9<\/strong><\/h4>\n<p>N&rsquo;h\u00e9sitez pas \u00e0 contacter notre \u00e9quipe chez Indentec pour obtenir plus d&rsquo;informations sur nos blocs d&rsquo;essai de duret\u00e9 et nos machines d&rsquo;essai de duret\u00e9. Nos sp\u00e9cialistes r\u00e9pondront \u00e0 toutes vos questions et se feront un plaisir de vous aider !<\/p>\n<p>Sinon, vous pouvez acheter notre gamme de blocs <a href=\"https:\/\/indentec.com\/tests-blocks\/\">ici <\/a>et s\u00e9lectionner les bonnes m\u00e9thodes en fonction des types, de l&rsquo;\u00e9chelle et des valeurs, selon les besoins de votre secteur et de votre entreprise.<\/p>\n<a href=\"https:\/\/indentec.com\/contact\/\" class=\"button primary\"  >\n\t\t<span>Nous contacter<\/span>\n\t<\/a>\n\n\n\n\t\t<\/div>\n\t\t\t\t\t<\/div>\n\n\t\n\n\t<div id=\"col-1308178151\" class=\"col medium-6 small-12 large-6\"  >\n\t\t\t\t<div class=\"col-inner\"  >\n\t\t\t\n\t\t\t\n\n\t<div class=\"img has-hover x md-x lg-x y md-y lg-y\" id=\"image_1475990428\">\n\t\t\t\t\t\t\t\t<div class=\"img-inner dark\" >\n\t\t\t<img loading=\"lazy\" decoding=\"async\" width=\"1020\" height=\"680\" src=\"https:\/\/indentec.com\/wp-content\/uploads\/2023\/03\/20220316-Indentec-53-1024x683.jpg\" class=\"attachment-large size-large\" alt=\"Hardness Testing Blocks\" srcset=\"https:\/\/indentec.com\/wp-content\/uploads\/2023\/03\/20220316-Indentec-53-1024x683.jpg 1024w, https:\/\/indentec.com\/wp-content\/uploads\/2023\/03\/20220316-Indentec-53-scaled-510x340.jpg 510w, https:\/\/indentec.com\/wp-content\/uploads\/2023\/03\/20220316-Indentec-53-300x200.jpg 300w, https:\/\/indentec.com\/wp-content\/uploads\/2023\/03\/20220316-Indentec-53-768x512.jpg 768w, https:\/\/indentec.com\/wp-content\/uploads\/2023\/03\/20220316-Indentec-53-1536x1025.jpg 1536w, https:\/\/indentec.com\/wp-content\/uploads\/2023\/03\/20220316-Indentec-53-2048x1366.jpg 2048w\" sizes=\"auto, (max-width: 1020px) 100vw, 1020px\" \/>\t\t\t\t\t\t\n\t\t\t\t\t<\/div>\n\t\t\t\t\t\t\t\t\n<style>\n#image_1475990428 {\n  width: 100%;\n}\n<\/style>\n\t<\/div>\n\t\n\n\n\t\t<\/div>\n\t\t\t\t\t<\/div>\n\n\t\n\n<\/div>\n\n\t\t<\/div>\n\n\t\t\n<style>\n#section_1815540284 {\n  padding-top: 60px;\n  padding-bottom: 60px;\n  background-color: rgb(254, 248, 248);\n}\n#section_1815540284 .section-bg-overlay {\n  background-color: rgba(255, 255, 255, 0.85);\n}\n<\/style>\n\t<\/section>\n\t","protected":false},"excerpt":{"rendered":"","protected":false},"author":27,"featured_media":0,"parent":0,"menu_order":0,"comment_status":"closed","ping_status":"closed","template":"","meta":{"_acf_changed":false,"footnotes":""},"class_list":["post-7363","page","type-page","status-publish","hentry"],"acf":[],"_links":{"self":[{"href":"https:\/\/indentec.com\/fr\/wp-json\/wp\/v2\/pages\/7363","targetHints":{"allow":["GET"]}}],"collection":[{"href":"https:\/\/indentec.com\/fr\/wp-json\/wp\/v2\/pages"}],"about":[{"href":"https:\/\/indentec.com\/fr\/wp-json\/wp\/v2\/types\/page"}],"author":[{"embeddable":true,"href":"https:\/\/indentec.com\/fr\/wp-json\/wp\/v2\/users\/27"}],"replies":[{"embeddable":true,"href":"https:\/\/indentec.com\/fr\/wp-json\/wp\/v2\/comments?post=7363"}],"version-history":[{"count":0,"href":"https:\/\/indentec.com\/fr\/wp-json\/wp\/v2\/pages\/7363\/revisions"}],"wp:attachment":[{"href":"https:\/\/indentec.com\/fr\/wp-json\/wp\/v2\/media?parent=7363"}],"curies":[{"name":"wp","href":"https:\/\/api.w.org\/{rel}","templated":true}]}}