{"id":4810,"date":"2023-03-04T06:47:15","date_gmt":"2023-03-04T06:47:15","guid":{"rendered":"https:\/\/indentec.co.uk\/a-propos\/"},"modified":"2026-01-12T10:33:59","modified_gmt":"2026-01-12T10:33:59","slug":"a-propos","status":"publish","type":"page","link":"https:\/\/indentec.com\/fr\/a-propos\/","title":{"rendered":"\u00c0 propos"},"content":{"rendered":"\n\t<section class=\"section\" id=\"section_798956839\">\n\t\t<div class=\"section-bg fill\" >\n\t\t\t\t\t\t\t\t\t\n\t\t\t\n\n\t\t<\/div>\n\n\t\t\n\n\t\t<div class=\"section-content relative\">\n\t\t\t\r\n\r\n<div class=\"row align-middle\"  id=\"row-770912546\">\r\n\r\n\n\t<div id=\"col-513090009\" class=\"col medium-6 small-12 large-6\"  >\n\t\t\t\t<div class=\"col-inner text-left\"  >\n\t\t\t\n\t\t\t\r\n\r\n\t<div id=\"text-3249122269\" class=\"text\">\n\t\t\r\n<h1>Qui sommes-nous<\/h1>\r\n<strong>Fond\u00e9e en 1976, Indentec Hardness Testing Machines Ltd fait partie du groupe ZwickRoell depuis 2000.<\/strong>\r\n\r\nEn tant que centre de comp\u00e9tence pour les essais Rockwell au sein du groupe ZwickRoell, Indentec d\u00e9veloppe et fabrique des machines pour les essais de duret\u00e9 Rockwell ainsi que des blocs \u00e9talons de duret\u00e9 pour d&rsquo;autres m\u00e9thodes de duret\u00e9.\r\n\r\nLa conception, le d\u00e9veloppement et la fabrication de machines de duret\u00e9 Rockwell fiables et robustes n\u00e9cessitent des comp\u00e9tences en ing\u00e9nierie m\u00e9canique, \u00e9lectronique et logicielle. La connaissance approfondie des essais de duret\u00e9 Rockwell permet \u00e0 Indentec de fournir des produits standard de haute qualit\u00e9 et un programme de personnalisation efficace. La connaissance approfondie des tests de duret\u00e9 Rockwell signifie qu&rsquo;Indentec fournira des produits standard de haute qualit\u00e9 et un programme de personnalisation efficace.\r\n\r\n\t\t\n<style>\n#text-3249122269 {\n  font-size: 1.1rem;\n}\n<\/style>\n\t<\/div>\n\t\r\n<a href=\"https:\/\/indentec.com\/contact\/\" class=\"button primary\"  >\n\t\t<span>Contactez-nous<\/span>\n\t<\/a>\n\r\n\r\n\t\t<\/div>\n\t\t\t\t\t<\/div>\n\n\t\r\n\n\t<div id=\"col-2114545189\" class=\"col medium-6 small-12 large-6\"  >\n\t\t\t\t<div class=\"col-inner\"  >\n\t\t\t\n\t\t\t\r\n\r\n\t<div class=\"img has-hover x md-x lg-x y md-y lg-y\" id=\"image_1752184867\">\n\t\t\t\t\t\t\t\t<div class=\"img-inner dark\" style=\"margin:20px 0px 0px 0px;\">\n\t\t\t<img loading=\"lazy\" decoding=\"async\" width=\"1020\" height=\"680\" src=\"https:\/\/indentec.com\/wp-content\/uploads\/2025\/01\/indentec-about-us-1024x683.jpg\" class=\"attachment-large size-large\" alt=\"indentec supply hardness testing machines and have experience in the sector\" srcset=\"https:\/\/indentec.com\/wp-content\/uploads\/2025\/01\/indentec-about-us-1024x683.jpg 1024w, https:\/\/indentec.com\/wp-content\/uploads\/2025\/01\/indentec-about-us-300x200.jpg 300w, https:\/\/indentec.com\/wp-content\/uploads\/2025\/01\/indentec-about-us-768x512.jpg 768w, https:\/\/indentec.com\/wp-content\/uploads\/2025\/01\/indentec-about-us-1536x1025.jpg 1536w, https:\/\/indentec.com\/wp-content\/uploads\/2025\/01\/indentec-about-us-2048x1366.jpg 2048w, https:\/\/indentec.com\/wp-content\/uploads\/2025\/01\/indentec-about-us-510x340.jpg 510w\" sizes=\"auto, (max-width: 1020px) 100vw, 1020px\" \/>\t\t\t\t\t\t\n\t\t\t\t\t<\/div>\n\t\t\t\t\t\t\t\t\n<style>\n#image_1752184867 {\n  width: 100%;\n}\n<\/style>\n\t<\/div>\n\t\r\n\r\n\t\t<\/div>\n\t\t\t\t\t<\/div>\n\n\t\r\n\r\n<\/div>\r\n\r\n\t\t<\/div>\n\n\t\t\n<style>\n#section_798956839 {\n  padding-top: 60px;\n  padding-bottom: 60px;\n}\n<\/style>\n\t<\/section>\n\t","protected":false},"excerpt":{"rendered":"","protected":false},"author":16,"featured_media":0,"parent":0,"menu_order":39,"comment_status":"closed","ping_status":"closed","template":"","meta":{"_acf_changed":false,"footnotes":""},"class_list":["post-4810","page","type-page","status-publish","hentry"],"acf":[],"_links":{"self":[{"href":"https:\/\/indentec.com\/fr\/wp-json\/wp\/v2\/pages\/4810","targetHints":{"allow":["GET"]}}],"collection":[{"href":"https:\/\/indentec.com\/fr\/wp-json\/wp\/v2\/pages"}],"about":[{"href":"https:\/\/indentec.com\/fr\/wp-json\/wp\/v2\/types\/page"}],"author":[{"embeddable":true,"href":"https:\/\/indentec.com\/fr\/wp-json\/wp\/v2\/users\/16"}],"replies":[{"embeddable":true,"href":"https:\/\/indentec.com\/fr\/wp-json\/wp\/v2\/comments?post=4810"}],"version-history":[{"count":2,"href":"https:\/\/indentec.com\/fr\/wp-json\/wp\/v2\/pages\/4810\/revisions"}],"predecessor-version":[{"id":8507,"href":"https:\/\/indentec.com\/fr\/wp-json\/wp\/v2\/pages\/4810\/revisions\/8507"}],"wp:attachment":[{"href":"https:\/\/indentec.com\/fr\/wp-json\/wp\/v2\/media?parent=4810"}],"curies":[{"name":"wp","href":"https:\/\/api.w.org\/{rel}","templated":true}]}}