{"id":5992,"date":"2024-05-15T15:04:29","date_gmt":"2024-05-15T14:04:29","guid":{"rendered":"https:\/\/indentec.co.uk\/product\/vickers\/"},"modified":"2025-12-16T15:30:23","modified_gmt":"2025-12-16T15:30:23","slug":"vickers","status":"publish","type":"product","link":"https:\/\/indentec.com\/es\/producto\/vickers\/","title":{"rendered":"Bloque patr\u00f3n de dureza Vickers"},"content":{"rendered":"","protected":false},"excerpt":{"rendered":"Calibrado por nuestro laboratorio de calibraci\u00f3n interno acreditado por UKAS\/ISO y suministrado con un certificado de calibraci\u00f3n UKAS. Tambi\u00e9n se suministra con embalaje anticorrosi\u00f3n y estuche de almacenamiento. Los valores indicados son nominales; el bloque real estar\u00e1 dentro del rango especificado del valor nominal.  ","protected":false},"featured_media":8181,"template":"","meta":{"_acf_changed":false},"product_brand":[],"product_cat":[455,963],"product_tag":[],"class_list":{"0":"post-5992","1":"product","2":"type-product","3":"status-publish","4":"has-post-thumbnail","6":"product_cat-bloque-patron-de-dureza","7":"product_cat-vickers-es","8":"pa_block-type-low-load-vickers-es","9":"pa_block-type-macro-vickers-es","10":"pa_block-type-micro-vickers-es","11":"pa_diameter-65-es","12":"pa_scale-hv0-010-es","13":"pa_scale-hv0-025-es","14":"pa_scale-hv0-050-es","15":"pa_scale-hv0-1-es","16":"pa_scale-hv0-2-es","17":"pa_scale-hv0-3-es","18":"pa_scale-hv0-5-es","19":"pa_scale-hv1-es","20":"pa_scale-hv10-es","21":"pa_scale-hv100-es","22":"pa_scale-hv2-es","23":"pa_scale-hv2-5-es","24":"pa_scale-hv20-es","25":"pa_scale-hv3-es","26":"pa_scale-hv30-es","27":"pa_scale-hv5-es","28":"pa_scale-hv50-es","29":"pa_value-100-25-es","30":"pa_value-150-25-es","31":"pa_value-200-25-es","32":"pa_value-250-25-es","33":"pa_value-300-25-es","34":"pa_value-350-25-es","35":"pa_value-400-25-es","36":"pa_value-450-25-es","37":"pa_value-500-25-es","38":"pa_value-550-25-es","39":"pa_value-600-25-es","40":"pa_value-650-25-es","41":"pa_value-70-25-es","42":"pa_value-700-25-es","44":"first","45":"instock","46":"taxable","47":"shipping-taxable","48":"purchasable","49":"product-type-variable"},"exclude_global_add_ons":false,"addons":[{"name":"Extras opcionales","type":"checkbox","position":0,"required":false,"title_format":"label","default":"","description_enable":false,"description":null,"placeholder_enable":false,"placeholder":null,"display":"radiobutton","restrictions_type":"any_text","adjust_price":false,"price":"","price_type":"flat_fee","restrictions":false,"min":"0","max":"0","options":[{"label":"Agregar l\u00edneas de cuadr\u00edcula","price":"22","price_type":"quantity_based","image":0,"visibility":true}],"id":1715855007},{"name":"Optional Extras","type":"checkbox","position":0,"required":false,"title_format":"label","default":"","description_enable":false,"description":"","placeholder_enable":false,"placeholder":"","display":"radiobutton","restrictions_type":"any_text","adjust_price":false,"price":"","price_type":"flat_fee","restrictions":false,"min":"0","max":"0","options":[{"label":"Add gridlines","price":"22","price_type":"quantity_based","image":0,"visibility":true},{"label":"Supplied with mirror finish as standard. Choose optional matte surface finish.","price":"55","price_type":"quantity_based","image":0,"visibility":true}],"id":1678974320},{"name":"Optional Extras","type":"checkbox","position":0,"required":false,"title_format":"label","default":"","description_enable":false,"description":"","placeholder_enable":false,"placeholder":"","display":"select","restrictions_type":"any_text","adjust_price":false,"price":"","price_type":"flat_fee","restrictions":false,"min":"0","max":"0","options":[{"label":"Add gridlines","price":"22","price_type":"quantity_based","image":0,"visibility":true}],"id":1682592785},{"name":"Optional Extras","type":"checkbox","position":0,"required":false,"title_format":"label","default":"","description_enable":false,"description":"","placeholder_enable":false,"placeholder":"","display":"select","restrictions_type":"any_text","adjust_price":false,"price":"","price_type":"flat_fee","restrictions":false,"min":"0","max":"0","options":[{"label":"Add gridlines","price":"22","price_type":"quantity_based","image":0,"visibility":true}],"id":1682592811},{"name":"Optional Extras","type":"checkbox","position":0,"required":false,"title_format":"label","default":"","description_enable":false,"description":"","placeholder_enable":false,"placeholder":"","display":"radiobutton","restrictions_type":"any_text","adjust_price":false,"price":"","price_type":"flat_fee","restrictions":false,"min":"0","max":"0","options":[{"label":"Add gridlines","price":"22","price_type":"quantity_based","image":0,"visibility":true}],"id":1678974411},{"name":"Optional Extras","type":"multiple_choice","position":0,"required":false,"title_format":"label","default":"","description_enable":false,"description":"","placeholder_enable":false,"placeholder":"","display":"select","restrictions_type":"any_text","adjust_price":false,"price":"","price_type":"flat_fee","restrictions":false,"min":"0","max":"0","options":[{"label":"Add gridlines","price":"22","price_type":"quantity_based","image":0,"visibility":true}],"id":1682592821},{"name":"Optional Extras","type":"checkbox","position":0,"required":false,"title_format":"label","default":"","description_enable":false,"description":"","placeholder_enable":false,"placeholder":"","display":"select","restrictions_type":"any_text","adjust_price":false,"price":"","price_type":"flat_fee","restrictions":false,"min":"0","max":"0","options":[{"label":"Add gridlines","price":"22","price_type":"quantity_based","image":0,"visibility":true}],"id":1678969354},{"name":"Calibration Settings","type":"checkbox","position":1,"required":false,"title_format":"label","default":"","description_enable":true,"description":"As a default, our Rockwell ball scale blocks are calibrated using a Tungsten Carbide ball indenter (W). If you would like calibration using a steel indenter (S) instead, please check the relevant option.","placeholder_enable":false,"placeholder":"","display":"radiobutton","restrictions_type":"any_text","adjust_price":false,"price":"","price_type":"flat_fee","restrictions":false,"min":"0","max":"0","options":[{"label":"Steel Calibrated","price":"","price_type":"quantity_based","image":0,"visibility":true}],"id":1679393946}],"acf":[],"_links":{"self":[{"href":"https:\/\/indentec.com\/es\/wp-json\/wp\/v2\/product\/5992","targetHints":{"allow":["GET"]}}],"collection":[{"href":"https:\/\/indentec.com\/es\/wp-json\/wp\/v2\/product"}],"about":[{"href":"https:\/\/indentec.com\/es\/wp-json\/wp\/v2\/types\/product"}],"wp:featuredmedia":[{"embeddable":true,"href":"https:\/\/indentec.com\/es\/wp-json\/wp\/v2\/media\/8181"}],"wp:attachment":[{"href":"https:\/\/indentec.com\/es\/wp-json\/wp\/v2\/media?parent=5992"}],"wp:term":[{"taxonomy":"product_brand","embeddable":true,"href":"https:\/\/indentec.com\/es\/wp-json\/wp\/v2\/product_brand?post=5992"},{"taxonomy":"product_cat","embeddable":true,"href":"https:\/\/indentec.com\/es\/wp-json\/wp\/v2\/product_cat?post=5992"},{"taxonomy":"product_tag","embeddable":true,"href":"https:\/\/indentec.com\/es\/wp-json\/wp\/v2\/product_tag?post=5992"}],"curies":[{"name":"wp","href":"https:\/\/api.w.org\/{rel}","templated":true}]}}