{"id":4867,"date":"2024-05-15T11:45:13","date_gmt":"2024-05-15T10:45:13","guid":{"rendered":"https:\/\/indentec.co.uk\/product\/rockwell\/"},"modified":"2025-12-16T15:03:23","modified_gmt":"2025-12-16T15:03:23","slug":"rockwell","status":"publish","type":"product","link":"https:\/\/indentec.com\/es\/producto\/rockwell\/","title":{"rendered":"Blocchi per prove di durezza Rockwell"},"content":{"rendered":"","protected":false},"excerpt":{"rendered":"<p style=\"font-size: 18px;\"><strong>Entrega disponible al d\u00eda siguiente<\/strong><\/p>\nCalibrado por nuestro laboratorio de calibraci\u00f3n interno acreditado por UKAS\/ISO y suministrado con un certificado de calibraci\u00f3n UKAS. Tambi\u00e9n se suministra con embalaje anticorrosi\u00f3n y estuche de almacenamiento. Los valores indicados son nominales; el bloque real estar\u00e1 dentro del rango especificado del valor nominal.  ","protected":false},"featured_media":8161,"template":"","meta":{"_acf_changed":false},"product_brand":[],"product_cat":[455,456],"product_tag":[],"class_list":{"0":"post-4867","1":"product","2":"type-product","3":"status-publish","4":"has-post-thumbnail","6":"product_cat-bloque-patron-de-dureza","7":"product_cat-rockwell-es","8":"pa_block-type-rockwell-es","9":"pa_block-type-superficial-rockwell-es","10":"pa_diameter-65-es","11":"pa_scale-hr15n-es","12":"pa_scale-hr15t-es","13":"pa_scale-hr15w-es","14":"pa_scale-hr30n-es","15":"pa_scale-hr30t-es","16":"pa_scale-hr45n-es","17":"pa_scale-hr45t-es","18":"pa_scale-hra-es","19":"pa_scale-hrb-es","20":"pa_scale-hrc-es","21":"pa_scale-hrd-es","22":"pa_scale-hre-es","23":"pa_scale-hrf-es","24":"pa_scale-hrg-es","25":"pa_scale-hrk-es","26":"pa_scale-hrl-es","27":"pa_scale-hrp-es","28":"pa_scale-hrr-es","29":"pa_value-100-5-es","30":"pa_value-106-5-es","31":"pa_value-112-4-es","32":"pa_value-118-4-es","33":"pa_value-118-5-es","34":"pa_value-120-4-es","35":"pa_value-123-4-es","36":"pa_value-124-4-es","37":"pa_value-126-4-es","38":"pa_value-16-5-es","39":"pa_value-18-5","40":"pa_value-23-5","41":"pa_value-25-2-5-es","42":"pa_value-26-2-5-es","43":"pa_value-3-5-3-es","44":"pa_value-30-2-5-es","45":"pa_value-31-2-5-es","46":"pa_value-33-2-5-es","47":"pa_value-33-5-es","48":"pa_value-35-2-5-es","49":"pa_value-37-2-5-es","50":"pa_value-40-2-5-es","51":"pa_value-40-5-es","52":"pa_value-43-2-5-es","53":"pa_value-43-5","54":"pa_value-44-2-5-es","55":"pa_value-45-2-5-es","56":"pa_value-46-2-5-es","57":"pa_value-46-5","58":"pa_value-48-2-5-es","59":"pa_value-49-2-5-es","60":"pa_value-50-2-5-es","61":"pa_value-50-5-es","62":"pa_value-51-5-es","63":"pa_value-52-2-5-es","64":"pa_value-53-5","65":"pa_value-55-2-5-es","66":"pa_value-56-2-5-es","67":"pa_value-56-5-es","68":"pa_value-60-2-5-es","69":"pa_value-60-5-es","70":"pa_value-61-2-5-es","71":"pa_value-63-1-5-es","72":"pa_value-63-5","73":"pa_value-64-2-5-es","74":"pa_value-65-1-5-es","75":"pa_value-65-2-5-es","76":"pa_value-65-5-es","77":"pa_value-67-2-5-es","78":"pa_value-68-1-5-es","79":"pa_value-68-2-5-es","80":"pa_value-69-5-es","81":"pa_value-70-1-5-es","82":"pa_value-70-5","83":"pa_value-71-2-5-es","84":"pa_value-72-2-5-es","85":"pa_value-72-5-es","86":"pa_value-73-1-5-es","87":"pa_value-73-2-5-es","88":"pa_value-75-2-5-es","89":"pa_value-75-5-es","90":"pa_value-76-1-5-es","91":"pa_value-77-2-5-es","92":"pa_value-77-5","93":"pa_value-78-1-5-es","94":"pa_value-78-2-5-es","95":"pa_value-78-5","96":"pa_value-80-2-5-es","97":"pa_value-80-5","98":"pa_value-81-1-5-es","99":"pa_value-81-5-es","100":"pa_value-83-2-5-es","101":"pa_value-83-5-es","102":"pa_value-84-5-es","103":"pa_value-85-2-5-es","104":"pa_value-85-5-es","105":"pa_value-87-4-es","106":"pa_value-87-5-es","107":"pa_value-88-2-5-es","108":"pa_value-88-5","109":"pa_value-90-2-5-es","110":"pa_value-90-4-es","111":"pa_value-90-5-es","112":"pa_value-91-5-es","113":"pa_value-93-5-es","114":"pa_value-94-4-es","116":"first","117":"instock","118":"taxable","119":"shipping-taxable","120":"purchasable","121":"product-type-variable","122":"has-default-attributes"},"exclude_global_add_ons":false,"addons":[{"name":"Extras opcionales","type":"checkbox","position":0,"required":false,"title_format":"label","default":"","description_enable":false,"description":null,"placeholder_enable":false,"placeholder":null,"display":"select","restrictions_type":"any_text","adjust_price":false,"price":"","price_type":"flat_fee","restrictions":false,"min":"0","max":"0","options":[{"label":"Agregar l\u00edneas de cuadr\u00edcula","price":"22","price_type":"quantity_based","image":0,"visibility":true}],"id":1715777429},{"name":"Ajustes de calibraci\u00f3n","type":"checkbox","position":1,"required":false,"title_format":"label","default":"","description_enable":true,"description":"Por defecto, nuestros bloques de escala de bolas Rockwell se calibran utilizando un penetrador de bola de carburo de tungsteno (W). ","placeholder_enable":false,"placeholder":null,"display":"radiobutton","restrictions_type":"any_text","adjust_price":false,"price":"","price_type":"flat_fee","restrictions":false,"min":"0","max":"0","options":[{"label":"Steel Calibrated","price":"","price_type":"quantity_based","image":0,"visibility":false}],"id":1715777430},{"name":"Optional Extras","type":"checkbox","position":0,"required":false,"title_format":"label","default":"","description_enable":false,"description":"","placeholder_enable":false,"placeholder":"","display":"radiobutton","restrictions_type":"any_text","adjust_price":false,"price":"","price_type":"flat_fee","restrictions":false,"min":"0","max":"0","options":[{"label":"Add gridlines","price":"22","price_type":"quantity_based","image":0,"visibility":true},{"label":"Supplied with mirror finish as standard. Choose optional matte surface finish.","price":"55","price_type":"quantity_based","image":0,"visibility":true}],"id":1678974320},{"name":"Optional Extras","type":"checkbox","position":0,"required":false,"title_format":"label","default":"","description_enable":false,"description":"","placeholder_enable":false,"placeholder":"","display":"select","restrictions_type":"any_text","adjust_price":false,"price":"","price_type":"flat_fee","restrictions":false,"min":"0","max":"0","options":[{"label":"Add gridlines","price":"22","price_type":"quantity_based","image":0,"visibility":true}],"id":1682592785},{"name":"Optional Extras","type":"checkbox","position":0,"required":false,"title_format":"label","default":"","description_enable":false,"description":"","placeholder_enable":false,"placeholder":"","display":"select","restrictions_type":"any_text","adjust_price":false,"price":"","price_type":"flat_fee","restrictions":false,"min":"0","max":"0","options":[{"label":"Add gridlines","price":"22","price_type":"quantity_based","image":0,"visibility":true}],"id":1682592811},{"name":"Optional Extras","type":"checkbox","position":0,"required":false,"title_format":"label","default":"","description_enable":false,"description":"","placeholder_enable":false,"placeholder":"","display":"radiobutton","restrictions_type":"any_text","adjust_price":false,"price":"","price_type":"flat_fee","restrictions":false,"min":"0","max":"0","options":[{"label":"Add gridlines","price":"22","price_type":"quantity_based","image":0,"visibility":true}],"id":1678974411},{"name":"Optional Extras","type":"multiple_choice","position":0,"required":false,"title_format":"label","default":"","description_enable":false,"description":"","placeholder_enable":false,"placeholder":"","display":"select","restrictions_type":"any_text","adjust_price":false,"price":"","price_type":"flat_fee","restrictions":false,"min":"0","max":"0","options":[{"label":"Add gridlines","price":"22","price_type":"quantity_based","image":0,"visibility":true}],"id":1682592821},{"name":"Optional Extras","type":"checkbox","position":0,"required":false,"title_format":"label","default":"","description_enable":false,"description":"","placeholder_enable":false,"placeholder":"","display":"select","restrictions_type":"any_text","adjust_price":false,"price":"","price_type":"flat_fee","restrictions":false,"min":"0","max":"0","options":[{"label":"Add gridlines","price":"22","price_type":"quantity_based","image":0,"visibility":true}],"id":1678969354},{"name":"Calibration Settings","type":"checkbox","position":1,"required":false,"title_format":"label","default":"","description_enable":true,"description":"As a default, our Rockwell ball scale blocks are calibrated using a Tungsten Carbide ball indenter (W). If you would like calibration using a steel indenter (S) instead, please check the relevant option.","placeholder_enable":false,"placeholder":"","display":"radiobutton","restrictions_type":"any_text","adjust_price":false,"price":"","price_type":"flat_fee","restrictions":false,"min":"0","max":"0","options":[{"label":"Steel Calibrated","price":"","price_type":"quantity_based","image":0,"visibility":true}],"id":1679393946}],"acf":[],"_links":{"self":[{"href":"https:\/\/indentec.com\/es\/wp-json\/wp\/v2\/product\/4867","targetHints":{"allow":["GET"]}}],"collection":[{"href":"https:\/\/indentec.com\/es\/wp-json\/wp\/v2\/product"}],"about":[{"href":"https:\/\/indentec.com\/es\/wp-json\/wp\/v2\/types\/product"}],"wp:featuredmedia":[{"embeddable":true,"href":"https:\/\/indentec.com\/es\/wp-json\/wp\/v2\/media\/8161"}],"wp:attachment":[{"href":"https:\/\/indentec.com\/es\/wp-json\/wp\/v2\/media?parent=4867"}],"wp:term":[{"taxonomy":"product_brand","embeddable":true,"href":"https:\/\/indentec.com\/es\/wp-json\/wp\/v2\/product_brand?post=4867"},{"taxonomy":"product_cat","embeddable":true,"href":"https:\/\/indentec.com\/es\/wp-json\/wp\/v2\/product_cat?post=4867"},{"taxonomy":"product_tag","embeddable":true,"href":"https:\/\/indentec.com\/es\/wp-json\/wp\/v2\/product_tag?post=4867"}],"curies":[{"name":"wp","href":"https:\/\/api.w.org\/{rel}","templated":true}]}}