{"id":7373,"date":"2024-07-02T14:00:07","date_gmt":"2024-07-02T13:00:07","guid":{"rendered":"https:\/\/indentec.co.uk\/disponga-de-bloques-de-prueba-de-dureza-y-mantenga-la-buena-marcha-de-la-produccion\/"},"modified":"2024-07-31T09:38:40","modified_gmt":"2024-07-31T08:38:40","slug":"disponga-de-bloques-de-prueba-de-dureza-y-mantenga-la-buena-marcha-de-la-produccion","status":"publish","type":"page","link":"https:\/\/indentec.com\/es\/disponga-de-bloques-de-prueba-de-dureza-y-mantenga-la-buena-marcha-de-la-produccion\/","title":{"rendered":"Disponga de bloques de prueba de dureza y mantenga la buena marcha de la producci\u00f3n"},"content":{"rendered":"\n\t<section class=\"section\" id=\"section_624373635\">\n\t\t<div class=\"section-bg fill\" >\n\t\t\t\t\t\t\t\t\t<div class=\"section-bg-overlay absolute fill\"><\/div>\n\t\t\t\n\n\t\t<\/div>\n\n\t\t\n\n\t\t<div class=\"section-content relative\">\n\t\t\t\n\n<div class=\"row row-large align-center\"  id=\"row-1678152737\">\n\n\n\t<div id=\"col-1957139018\" class=\"col large-12\"  >\n\t\t\t\t<div class=\"col-inner\"  >\n\t\t\t\n\t\t\t\n\n\t<div class=\"img has-hover x md-x lg-x y md-y lg-y\" id=\"image_1559483889\">\n\t\t\t\t\t\t\t\t<div class=\"img-inner image-cover dark\" style=\"padding-top:400px;\">\n\t\t\t<img loading=\"lazy\" decoding=\"async\" width=\"2048\" height=\"1366\" src=\"https:\/\/indentec.com\/wp-content\/uploads\/2023\/03\/20220316-Indentec-21-2048x1366.jpg\" class=\"attachment-2048x2048 size-2048x2048\" alt=\"Hardness Testing Blocks being tested in Hardness Testing Machine\" srcset=\"https:\/\/indentec.com\/wp-content\/uploads\/2023\/03\/20220316-Indentec-21-2048x1366.jpg 2048w, https:\/\/indentec.com\/wp-content\/uploads\/2023\/03\/20220316-Indentec-21-scaled-510x340.jpg 510w, https:\/\/indentec.com\/wp-content\/uploads\/2023\/03\/20220316-Indentec-21-300x200.jpg 300w, https:\/\/indentec.com\/wp-content\/uploads\/2023\/03\/20220316-Indentec-21-1024x683.jpg 1024w, https:\/\/indentec.com\/wp-content\/uploads\/2023\/03\/20220316-Indentec-21-768x512.jpg 768w, https:\/\/indentec.com\/wp-content\/uploads\/2023\/03\/20220316-Indentec-21-1536x1025.jpg 1536w\" sizes=\"auto, (max-width: 2048px) 100vw, 2048px\" \/>\t\t\t\t\t\t\n\t\t\t\t\t<\/div>\n\t\t\t\t\t\t\t\t\n<style>\n#image_1559483889 {\n  width: 100%;\n}\n<\/style>\n\t<\/div>\n\t\n\n\n\t\t<\/div>\n\t\t\t\t\t<\/div>\n\n\t\n\n\t<div id=\"col-401562817\" class=\"col medium-10 small-12 large-10\"  >\n\t\t\t\t<div class=\"col-inner text-center\"  >\n\t\t\t\n\t\t\t\n\n<h1><strong>Mantener la buena marcha de la l\u00ednea de producci\u00f3n: <\/strong><\/h1>\n<h3><strong>Por qu\u00e9 necesita existencias de bloques de prueba de dureza<\/strong><\/h3>\n<p>\u00bfAlguna vez se ha detenido el trabajo de una l\u00ednea producci\u00f3n por haberse quedado sin bloques de prueba de dureza? Es una situaci\u00f3n frustrante que puede costar un tiempo y un dinero valiosos. Las pruebas de dureza son cruciales para garantizar la calidad y la consistencia de sus productos, por lo que contar con existencias de bloques para realizarlas es esencial a fin de operar sin problemas.  <\/p>\n<a href=\"https:\/\/indentec.com\/tests-blocks\/\" class=\"button primary\"  >\n\t\t<span>Comprar ahora<\/span>\n\t<\/a>\n\n\n\n\t\t<\/div>\n\t\t\t\t\t<\/div>\n\n\t\n\n<\/div>\n\n\t\t<\/div>\n\n\t\t\n<style>\n#section_624373635 {\n  padding-top: 0px;\n  padding-bottom: 0px;\n  background-color: rgb(255, 255, 255);\n}\n#section_624373635 .section-bg-overlay {\n  background-color: rgba(255, 255, 255, 0.85);\n}\n<\/style>\n\t<\/section>\n\t\n\n\t<section class=\"section\" id=\"section_177021613\">\n\t\t<div class=\"section-bg fill\" >\n\t\t\t\t\t\t\t\t\t\n\t\t\t\n\t<div class=\"is-border\"\n\t\tstyle=\"border-color:rgb(235, 235, 235);border-width:1px 0px 0px 0px;\">\n\t<\/div>\n\n\t\t<\/div>\n\n\t\t\n\n\t\t<div class=\"section-content relative\">\n\t\t\t\n\n<div class=\"row\"  id=\"row-1554959579\">\n\n\n\t<div id=\"col-14224722\" class=\"col medium-6 small-12 large-6\"  >\n\t\t\t\t<div class=\"col-inner\"  >\n\t\t\t\n\t\t\t\n\n<h2>Estas son las razones por las que siempre debe tener bloques de prueba de dureza a mano:<\/h2>\n<p><strong>Evitar interrupciones: <\/strong>al quedarse sin bloques, se puede paralizar su l\u00ednea de producci\u00f3n hasta que lleguen los reemplazos. Esto puede hacer que no se cumplan los plazos l\u00edmite, que los clientes se frustren o que pierda ingresos. <\/p>\n<p><strong>Mantener una calidad constante<\/strong>: realizar pruebas de dureza de manera peri\u00f3dica es vital para garantizar que sus productos cumplan las especificaciones requeridas y, por tanto, contar con un suministro regular de bloques le permitir\u00e1 realizar pruebas consistentemente sin interrupciones.<\/p>\n\n\t\t<\/div>\n\t\t\t\t\t<\/div>\n\n\t\n\n\t<div id=\"col-924401505\" class=\"col medium-6 small-12 large-6\"  >\n\t\t\t\t<div class=\"col-inner\"  >\n\t\t\t\n\t\t\t\n\n<p> <\/p>\n<p><strong>Mejorar la eficiencia:<\/strong> disponer de bloques en el momento evita tener que hacer pedidos a \u00faltima hora y sufrir posibles retrasos. Con ellos, su l\u00ednea de producci\u00f3n seguir\u00e1 funcionando eficientemente sin problemas. <\/p>\n<p><strong>Planear el futuro: <\/strong>antic\u00edpese a las necesidades que vaya a tener en lo que respecta a las pruebas y solicite los bloques de antemano. De esta manera, se habr\u00e1 preparado para cualquier requisito de las pruebas y evitar\u00e1 quedarse sin existencias y perder ingresos por la paralizaci\u00f3n de la producci\u00f3n. <\/p>\n\n\t\t<\/div>\n\t\t\t\t\t<\/div>\n\n\t\n\n<\/div>\n\n\t\t<\/div>\n\n\t\t\n<style>\n#section_177021613 {\n  padding-top: 60px;\n  padding-bottom: 60px;\n  min-height: 300px;\n  background-color: rgb(245, 245, 245);\n}\n<\/style>\n\t<\/section>\n\t\n\n\t<section class=\"section\" id=\"section_600392034\">\n\t\t<div class=\"section-bg fill\" >\n\t\t\t\t\t\t\t\t\t<div class=\"section-bg-overlay absolute fill\"><\/div>\n\t\t\t\n\n\t\t<\/div>\n\n\t\t\n\n\t\t<div class=\"section-content relative\">\n\t\t\t\n\n<div class=\"row row-large align-middle\"  id=\"row-1519739277\">\n\n\n\t<div id=\"col-804091996\" class=\"col medium-3 small-12 large-3\"  >\n\t\t\t\t<div class=\"col-inner\"  >\n\t\t\t\n\t\t\t\n\n\t<div class=\"img has-hover x md-x lg-x y md-y lg-y\" id=\"image_89741857\">\n\t\t\t\t\t\t\t\t<div class=\"img-inner dark\" >\n\t\t\t<img loading=\"lazy\" decoding=\"async\" width=\"683\" height=\"1024\" src=\"https:\/\/indentec.com\/wp-content\/uploads\/2023\/03\/20220824-Indentec-41-of-52-683x1024.jpg\" class=\"attachment-large size-large\" alt=\"ZwickRoell Hardness Testing Blocks and Machines\" srcset=\"https:\/\/indentec.com\/wp-content\/uploads\/2023\/03\/20220824-Indentec-41-of-52-683x1024.jpg 683w, https:\/\/indentec.com\/wp-content\/uploads\/2023\/03\/20220824-Indentec-41-of-52-scaled-510x765.jpg 510w, https:\/\/indentec.com\/wp-content\/uploads\/2023\/03\/20220824-Indentec-41-of-52-200x300.jpg 200w, https:\/\/indentec.com\/wp-content\/uploads\/2023\/03\/20220824-Indentec-41-of-52-768x1152.jpg 768w, https:\/\/indentec.com\/wp-content\/uploads\/2023\/03\/20220824-Indentec-41-of-52-1024x1536.jpg 1024w, https:\/\/indentec.com\/wp-content\/uploads\/2023\/03\/20220824-Indentec-41-of-52-1365x2048.jpg 1365w, https:\/\/indentec.com\/wp-content\/uploads\/2023\/03\/20220824-Indentec-41-of-52-scaled.jpg 1707w\" sizes=\"auto, (max-width: 683px) 100vw, 683px\" \/>\t\t\t\t\t\t\n\t\t\t\t\t<\/div>\n\t\t\t\t\t\t\t\t\n<style>\n#image_89741857 {\n  width: 100%;\n}\n<\/style>\n\t<\/div>\n\t\n\n\n\t\t<\/div>\n\t\t\t\t\t<\/div>\n\n\t\n\n\t<div id=\"col-542583227\" class=\"col medium-9 small-12 large-9\"  >\n\t\t\t\t<div class=\"col-inner text-left\"  >\n\t\t\t\n\t\t\t\n\n<h3><strong>Aseg\u00farese de que la producci\u00f3n funcione sin problemas disponiendo de existencias fiables de bloques de prueba de dureza<\/strong><\/h3>\n<p>En Indentec, sabemos lo importante que es mantener un flujo constante en el proceso de producci\u00f3n. Por eso, no solo ofrecemos m\u00e1quinas de pruebas de dureza de alta calidad, sino tambi\u00e9n un suministro fiables de bloques de prueba de dureza de distintos materiales y tama\u00f1os. <\/p>\n<p><strong>Teniendo existencias de bloques de prueba de dureza a mano, podr\u00e1:<\/strong><\/p>\n<ul>\n<li>Evitar los costosos periodos de inactividad<\/li>\n<li>Garantizar una calidad constante del producto<\/li>\n<li>Mantener programas de producci\u00f3n eficientes<\/li>\n<li>Reducir el riesgo de sufrir retrasos e interrupciones<\/li>\n<\/ul>\n<a href=\"https:\/\/indentec.com\/tests-blocks\/\" class=\"button primary\"  >\n\t\t<span>Compre nuestros bloques ahora<\/span>\n\t<\/a>\n\n\n\n\t\t<\/div>\n\t\t\t\t\t<\/div>\n\n\t\n\n<\/div>\n\n\t\t<\/div>\n\n\t\t\n<style>\n#section_600392034 {\n  padding-top: 60px;\n  padding-bottom: 60px;\n  background-color: rgb(255, 255, 255);\n}\n#section_600392034 .section-bg-overlay {\n  background-color: rgba(255, 255, 255, 0.85);\n}\n<\/style>\n\t<\/section>\n\t\n\n\t<section class=\"section\" id=\"section_502243788\">\n\t\t<div class=\"section-bg fill\" >\n\t\t\t\t\t\t\t\t\t\n\t\t\t\n\n\t\t<\/div>\n\n\t\t\n\n\t\t<div class=\"section-content relative\">\n\t\t\t\n\n<div class=\"row align-center\"  id=\"row-633702197\">\n\n\n\t<div id=\"col-1869666654\" class=\"col medium-10 small-12 large-10\"  >\n\t\t\t\t<div class=\"col-inner text-center\"  >\n\t\t\t\n\t\t\t\n\n<h2>Descubra nuestra gama de bloques de prueba de dureza<\/h2>\n<h3><strong>La opci\u00f3n correcta para cada aplicaci\u00f3n<\/strong><\/h3>\n<p>Las pruebas de dureza son un procedimiento cr\u00edtico del control de la calidad y se usan en varios sectores para medir la resistencia de un material a la perforaci\u00f3n permanente. Desempe\u00f1an un papel fundamental en el aseguramiento de la integridad y el rendimiento de los productos terminados. Sin embargo, lograr mediciones precisas y consistentes depende en gran medida de que se usen bloques de prueba fiables.  <\/p>\n<p>En Indentec, ofrecemos una amplia gama de bloques de prueba que se pueden utilizar en distintos sectores y en diversas operaciones. Solo utilizamos materiales de alta calidad con una variaci\u00f3n m\u00ednima de la dureza, para garantizar que la calibraci\u00f3n ofrezca una medici\u00f3n lo m\u00e1s exacta posible. <\/p>\n<p>Nuestra gama de m\u00e9todos de bloques para realizar pruebas, que sirve para calibrar y verificar la precisi\u00f3n de las m\u00e1quinas de pruebas de dureza, incluye:<\/p>\n<div class=\"row\"  id=\"row-1413618796\">\n\n\n\t<div id=\"col-446210907\" class=\"col medium-6 small-12 large-6\"  >\n\t\t\t\t<div class=\"col-inner\"  >\n\t\t\t\n\t\t\t\n\n<p><strong>Vickers (HV)<\/strong> \u2013 Mide las diagonales de las perforaciones, lo que le permite calibrar la m\u00e1quina de pruebas de dureza para que mida con precisi\u00f3n cada perforaci\u00f3n.<br><strong>Brinell (HB)<\/strong> \u2013 Cuenta con un perforador con una bola para determinar el nivel de dureza y usa el di\u00e1metro de la perforaci\u00f3n para medir los resultados.<\/p>\n\n\t\t<\/div>\n\t\t\t\t\t<\/div>\n\n\t\n\n\t<div id=\"col-821212011\" class=\"col medium-6 small-12 large-6\"  >\n\t\t\t\t<div class=\"col-inner\"  >\n\t\t\t\n\t\t\t\n\n<p><strong>Knoop (HK)<\/strong> \u2013 Mide la longitud de la diagonal larga de la perforaci\u00f3n con un perforador piramidal alargado.<\/p>\n<p><strong>Rockwell (HRC, HRB, etc.)<\/strong> \u2013 La prueba Rockwell mide la profundidad de la penetraci\u00f3n bajo una carga espec\u00edfica. En Indentec, proporcionamos varias escalas Rockwell para garantizar la plena compatibilidad con su m\u00e1quina de pruebas. <\/p>\n\n\t\t<\/div>\n\t\t\t\t\t<\/div>\n\n\t\n\n<\/div>\n<a href=\"https:\/\/indentec.com\/tests-blocks\/\" class=\"button primary\"  >\n\t\t<span>Obtenga m\u00e1s informaci\u00f3n sobre nuestros bloques<\/span>\n\t<\/a>\n\n\n\n\t\t<\/div>\n\t\t\t\t\t<\/div>\n\n\t\n\n<\/div>\n\n\t\t<\/div>\n\n\t\t\n<style>\n#section_502243788 {\n  padding-top: 60px;\n  padding-bottom: 60px;\n  min-height: 300px;\n  background-color: rgb(236, 236, 236);\n}\n<\/style>\n\t<\/section>\n\t\n\n\t<section class=\"section\" id=\"section_1350614756\">\n\t\t<div class=\"section-bg fill\" >\n\t\t\t\t\t\t\t\t\t<div class=\"section-bg-overlay absolute fill\"><\/div>\n\t\t\t\n\n\t\t<\/div>\n\n\t\t\n\n\t\t<div class=\"section-content relative\">\n\t\t\t\n\n<div class=\"row row-large align-middle\"  id=\"row-2112020273\">\n\n\n\t<div id=\"col-271440714\" class=\"col medium-6 small-12 large-6\"  >\n\t\t\t\t<div class=\"col-inner text-left\"  >\n\t\t\t\n\t\t\t\n\n<h4><strong>Garantice la precisi\u00f3n de las pruebas de dureza: invierta en bloques de prueba de alta calidad<\/strong><\/h4>\n<p>No dude en ponerse en contacto con el equipo de Indentec para obtener m\u00e1s informaci\u00f3n sobre nuestros bloques y nuestras m\u00e1quinas para realizar pruebas de dureza. \u00a1Nuestros especialistas responder\u00e1n cualquier pregunta que pueda tener y estar\u00e1n encantados de ayudarle! <\/p>\n<p>O compre nuestra gama de bloques <a href=\"https:\/\/indentec.com\/tests-blocks\/\">aqu\u00ed<\/a> y seleccione los m\u00e9todos apropiados por tipo, escala y valores, en funci\u00f3n de las necesidades de su sector y de su empresa.<\/p>\n<a href=\"https:\/\/indentec.com\/contact\/\" class=\"button primary\"  >\n\t\t<span>Contacte con nosotros<\/span>\n\t<\/a>\n\n\n\n\t\t<\/div>\n\t\t\t\t\t<\/div>\n\n\t\n\n\t<div id=\"col-601624194\" class=\"col medium-6 small-12 large-6\"  >\n\t\t\t\t<div class=\"col-inner\"  >\n\t\t\t\n\t\t\t\n\n\t<div class=\"img has-hover x md-x lg-x y md-y lg-y\" id=\"image_1786055754\">\n\t\t\t\t\t\t\t\t<div class=\"img-inner dark\" >\n\t\t\t<img loading=\"lazy\" decoding=\"async\" width=\"1020\" height=\"680\" src=\"https:\/\/indentec.com\/wp-content\/uploads\/2023\/03\/20220316-Indentec-53-1024x683.jpg\" class=\"attachment-large size-large\" alt=\"Hardness Testing Blocks\" srcset=\"https:\/\/indentec.com\/wp-content\/uploads\/2023\/03\/20220316-Indentec-53-1024x683.jpg 1024w, https:\/\/indentec.com\/wp-content\/uploads\/2023\/03\/20220316-Indentec-53-scaled-510x340.jpg 510w, https:\/\/indentec.com\/wp-content\/uploads\/2023\/03\/20220316-Indentec-53-300x200.jpg 300w, https:\/\/indentec.com\/wp-content\/uploads\/2023\/03\/20220316-Indentec-53-768x512.jpg 768w, https:\/\/indentec.com\/wp-content\/uploads\/2023\/03\/20220316-Indentec-53-1536x1025.jpg 1536w, https:\/\/indentec.com\/wp-content\/uploads\/2023\/03\/20220316-Indentec-53-2048x1366.jpg 2048w\" sizes=\"auto, (max-width: 1020px) 100vw, 1020px\" \/>\t\t\t\t\t\t\n\t\t\t\t\t<\/div>\n\t\t\t\t\t\t\t\t\n<style>\n#image_1786055754 {\n  width: 100%;\n}\n<\/style>\n\t<\/div>\n\t\n\n\n\t\t<\/div>\n\t\t\t\t\t<\/div>\n\n\t\n\n<\/div>\n\n\t\t<\/div>\n\n\t\t\n<style>\n#section_1350614756 {\n  padding-top: 60px;\n  padding-bottom: 60px;\n  background-color: rgb(254, 248, 248);\n}\n#section_1350614756 .section-bg-overlay {\n  background-color: rgba(255, 255, 255, 0.85);\n}\n<\/style>\n\t<\/section>\n\t","protected":false},"excerpt":{"rendered":"","protected":false},"author":27,"featured_media":0,"parent":0,"menu_order":0,"comment_status":"closed","ping_status":"closed","template":"","meta":{"_acf_changed":false,"footnotes":""},"class_list":["post-7373","page","type-page","status-publish","hentry"],"acf":[],"_links":{"self":[{"href":"https:\/\/indentec.com\/es\/wp-json\/wp\/v2\/pages\/7373","targetHints":{"allow":["GET"]}}],"collection":[{"href":"https:\/\/indentec.com\/es\/wp-json\/wp\/v2\/pages"}],"about":[{"href":"https:\/\/indentec.com\/es\/wp-json\/wp\/v2\/types\/page"}],"author":[{"embeddable":true,"href":"https:\/\/indentec.com\/es\/wp-json\/wp\/v2\/users\/27"}],"replies":[{"embeddable":true,"href":"https:\/\/indentec.com\/es\/wp-json\/wp\/v2\/comments?post=7373"}],"version-history":[{"count":0,"href":"https:\/\/indentec.com\/es\/wp-json\/wp\/v2\/pages\/7373\/revisions"}],"wp:attachment":[{"href":"https:\/\/indentec.com\/es\/wp-json\/wp\/v2\/media?parent=7373"}],"curies":[{"name":"wp","href":"https:\/\/api.w.org\/{rel}","templated":true}]}}