{"id":4834,"date":"2023-03-09T13:31:42","date_gmt":"2023-03-09T13:31:42","guid":{"rendered":"https:\/\/indentec.co.uk\/test-block-shop\/"},"modified":"2025-01-27T13:11:55","modified_gmt":"2025-01-27T13:11:55","slug":"test-block-shop","status":"publish","type":"page","link":"https:\/\/indentec.com\/es\/test-block-shop\/","title":{"rendered":"Bloques patr\u00f3n de dureza Shop"},"content":{"rendered":"\n\t<section class=\"section\" id=\"section_1073997482\">\n\t\t<div class=\"section-bg fill\" >\n\t\t\t\t\t\t\t\t\t\n\t\t\t\n\n\t\t<\/div>\n\n\t\t\n\n\t\t<div class=\"section-content relative\">\n\t\t\t\n\n<div class=\"row align-middle\"  id=\"row-482827415\">\n\n\n\t<div id=\"col-1396951701\" class=\"col small-12 large-12\"  >\n\t\t\t\t<div class=\"col-inner\"  >\n\t\t\t\n\t\t\t\n\n\t<div id=\"text-772568769\" class=\"text\">\n\t\t\n\n<h1>Bloques patr\u00f3n de dureza<\/h1> Los bloques de prueba de dureza, tambi\u00e9n llamados bloques de referencia, se utilizan para llevar a cabo procedimientos de calibraci\u00f3n indirecta y comprobaciones diarias peri\u00f3dicas de los instrumentos de prueba de dureza. Usar bloques de referencia de dureza consistentes y de alta calidad con una variaci\u00f3n m\u00ednima en la dureza es fundamental para garantizar la fiabilidad operativa de las m\u00e1quinas de pruebas de dureza. Para garantizar su trazabilidad seg\u00fan el est\u00e1ndar de dureza, los bloques de referencia deben mostrar una variaci\u00f3n de dureza m\u00ednima y calibrarse con una peque\u00f1a incertidumbre de medici\u00f3n.<br><br>\n\t\t\n<style>\n#text-772568769 {\n  font-size: 1.1rem;\n}\n<\/style>\n\t<\/div>\n\t\n\n\t\t<\/div>\n\t\t\t\t\t<\/div>\n\n\t\n\n<\/div>\n\n\t\t<\/div>\n\n\t\t\n<style>\n#section_1073997482 {\n  padding-top: 30px;\n  padding-bottom: 30px;\n}\n<\/style>\n\t<\/section>\n\t\n\n\t<section class=\"section\" id=\"section_985951980\">\n\t\t<div class=\"section-bg fill\" >\n\t\t\t\t\t\t\t\t\t\n\t\t\t\n\n\t\t<\/div>\n\n\t\t\n\n\t\t<div class=\"section-content relative\">\n\t\t\t\n\n<div class=\"row align-equal row-box-shadow-1\"  id=\"row-295684400\">\n\n\n\t<div id=\"col-1519652145\" class=\"col medium-3 small-12 large-3\"  >\n\t\t\t\t<div class=\"col-inner text-center\" style=\"background-color:rgb(255, 255, 255);\" >\n\t\t\t\n\t\t\t\n\n\t<div class=\"img has-hover x md-x lg-x y md-y lg-y\" id=\"image_397161981\">\n\t\t<a class=\"\" href=\"https:\/\/indentec.com\/product\/vickers\/\" >\t\t\t\t\t\t<div class=\"img-inner dark\" >\n\t\t\t<img loading=\"lazy\" decoding=\"async\" width=\"1020\" height=\"1020\" src=\"https:\/\/indentec.com\/wp-content\/uploads\/2023\/03\/Vickers-Test-Block-Boxed-and-Certificate-PNG-1024x1024.png\" class=\"attachment-large size-large\" alt=\"Vickers Test Block - Boxed and Certificate\" srcset=\"https:\/\/indentec.com\/wp-content\/uploads\/2023\/03\/Vickers-Test-Block-Boxed-and-Certificate-PNG-1024x1024.png 1024w, https:\/\/indentec.com\/wp-content\/uploads\/2023\/03\/Vickers-Test-Block-Boxed-and-Certificate-PNG-100x100.png 100w, https:\/\/indentec.com\/wp-content\/uploads\/2023\/03\/Vickers-Test-Block-Boxed-and-Certificate-PNG-510x510.png 510w, https:\/\/indentec.com\/wp-content\/uploads\/2023\/03\/Vickers-Test-Block-Boxed-and-Certificate-PNG-300x300.png 300w, https:\/\/indentec.com\/wp-content\/uploads\/2023\/03\/Vickers-Test-Block-Boxed-and-Certificate-PNG-150x150.png 150w, https:\/\/indentec.com\/wp-content\/uploads\/2023\/03\/Vickers-Test-Block-Boxed-and-Certificate-PNG-768x768.png 768w, https:\/\/indentec.com\/wp-content\/uploads\/2023\/03\/Vickers-Test-Block-Boxed-and-Certificate-PNG-1536x1536.png 1536w, https:\/\/indentec.com\/wp-content\/uploads\/2023\/03\/Vickers-Test-Block-Boxed-and-Certificate-PNG-50x50.png 50w, https:\/\/indentec.com\/wp-content\/uploads\/2023\/03\/Vickers-Test-Block-Boxed-and-Certificate-PNG.png 2000w\" sizes=\"auto, (max-width: 1020px) 100vw, 1020px\" \/>\t\t\t\t\t\t\n\t\t\t\t\t<\/div>\n\t\t\t\t\t\t<\/a>\t\t\n<style>\n#image_397161981 {\n  width: 80%;\n}\n<\/style>\n\t<\/div>\n\t\n\n\t<div id=\"gap-2048961527\" class=\"gap-element clearfix\" style=\"display:block; height:auto;\">\n\t\t\n<style>\n#gap-2048961527 {\n  padding-top: 30px;\n}\n<\/style>\n\t<\/div>\n\t\n\n\t<div id=\"text-1033087971\" class=\"text\">\n\t\t\n\n<p> <\/p>\n<h3>Dureza Vickers<br>Bloques de prueba<br><br><\/h3>\n<p> <\/p>\n\t\t\n<style>\n#text-1033087971 {\n  text-align: center;\n  color: #000000;\n}\n#text-1033087971 > * {\n  color: #000000;\n}\n<\/style>\n\t<\/div>\n\t\n\n\t\t<\/div>\n\t\t\t\t\n<style>\n#col-1519652145 > .col-inner {\n  padding: 30px 30px 30px 30px;\n}\n<\/style>\n\t<\/div>\n\n\t\n\n\t<div id=\"col-28210959\" class=\"col medium-3 small-12 large-3\"  >\n\t\t\t\t<div class=\"col-inner text-center\" style=\"background-color:rgb(255, 255, 255);\" >\n\t\t\t\n\t\t\t\n\n\t<div class=\"img has-hover x md-x lg-x y md-y lg-y\" id=\"image_326540587\">\n\t\t<a class=\"\" href=\"https:\/\/indentec.com\/es\/producto\/rockwell\/\" >\t\t\t\t\t\t<div class=\"img-inner dark\" >\n\t\t\t<img loading=\"lazy\" decoding=\"async\" width=\"1020\" height=\"1020\" src=\"https:\/\/indentec.com\/wp-content\/uploads\/2023\/03\/Rockwell-Test-Block-Boxed-and-Certificate-PNG-1024x1024.png\" class=\"attachment-large size-large\" alt=\"Rockwell Test Block - Boxed and Certificate\" srcset=\"https:\/\/indentec.com\/wp-content\/uploads\/2023\/03\/Rockwell-Test-Block-Boxed-and-Certificate-PNG-1024x1024.png 1024w, https:\/\/indentec.com\/wp-content\/uploads\/2023\/03\/Rockwell-Test-Block-Boxed-and-Certificate-PNG-100x100.png 100w, https:\/\/indentec.com\/wp-content\/uploads\/2023\/03\/Rockwell-Test-Block-Boxed-and-Certificate-PNG-510x510.png 510w, https:\/\/indentec.com\/wp-content\/uploads\/2023\/03\/Rockwell-Test-Block-Boxed-and-Certificate-PNG-300x300.png 300w, https:\/\/indentec.com\/wp-content\/uploads\/2023\/03\/Rockwell-Test-Block-Boxed-and-Certificate-PNG-150x150.png 150w, https:\/\/indentec.com\/wp-content\/uploads\/2023\/03\/Rockwell-Test-Block-Boxed-and-Certificate-PNG-768x768.png 768w, https:\/\/indentec.com\/wp-content\/uploads\/2023\/03\/Rockwell-Test-Block-Boxed-and-Certificate-PNG-1536x1536.png 1536w, https:\/\/indentec.com\/wp-content\/uploads\/2023\/03\/Rockwell-Test-Block-Boxed-and-Certificate-PNG-50x50.png 50w, https:\/\/indentec.com\/wp-content\/uploads\/2023\/03\/Rockwell-Test-Block-Boxed-and-Certificate-PNG.png 2000w\" sizes=\"auto, (max-width: 1020px) 100vw, 1020px\" \/>\t\t\t\t\t\t\n\t\t\t\t\t<\/div>\n\t\t\t\t\t\t<\/a>\t\t\n<style>\n#image_326540587 {\n  width: 80%;\n}\n<\/style>\n\t<\/div>\n\t\n\n\t<div id=\"gap-1079473381\" class=\"gap-element clearfix\" style=\"display:block; height:auto;\">\n\t\t\n<style>\n#gap-1079473381 {\n  padding-top: 30px;\n}\n<\/style>\n\t<\/div>\n\t\n\n\t<div id=\"text-3974922736\" class=\"text\">\n\t\t\n\n<p> <\/p>\n<h3>Bloques de prueba de dureza Rockwell y superficiales<br><br><\/h3>\n\t\t\n<style>\n#text-3974922736 {\n  text-align: center;\n  color: #000000;\n}\n#text-3974922736 > * {\n  color: #000000;\n}\n<\/style>\n\t<\/div>\n\t\n\n\t\t<\/div>\n\t\t\t\t\n<style>\n#col-28210959 > .col-inner {\n  padding: 30px 30px 30px 30px;\n}\n<\/style>\n\t<\/div>\n\n\t\n\n\t<div id=\"col-1712807745\" class=\"col medium-3 small-12 large-3\"  >\n\t\t\t\t<div class=\"col-inner text-center\" style=\"background-color:rgb(255, 255, 255);\" >\n\t\t\t\n\t\t\t\n\n\t<div class=\"img has-hover x md-x lg-x y md-y lg-y\" id=\"image_2083745559\">\n\t\t<a class=\"\" href=\"https:\/\/indentec.com\/es\/producto\/knoop\/\" >\t\t\t\t\t\t<div class=\"img-inner dark\" >\n\t\t\t<img loading=\"lazy\" decoding=\"async\" width=\"1020\" height=\"1020\" src=\"https:\/\/indentec.com\/wp-content\/uploads\/2023\/03\/Knoop-Test-Block-Boxed-and-Certificate-1024x1024.png\" class=\"attachment-large size-large\" alt=\"Knoop Hardness Test Block - Boxed and Certificate\" srcset=\"https:\/\/indentec.com\/wp-content\/uploads\/2023\/03\/Knoop-Test-Block-Boxed-and-Certificate-1024x1024.png 1024w, https:\/\/indentec.com\/wp-content\/uploads\/2023\/03\/Knoop-Test-Block-Boxed-and-Certificate-100x100.png 100w, https:\/\/indentec.com\/wp-content\/uploads\/2023\/03\/Knoop-Test-Block-Boxed-and-Certificate-510x510.png 510w, https:\/\/indentec.com\/wp-content\/uploads\/2023\/03\/Knoop-Test-Block-Boxed-and-Certificate-300x300.png 300w, https:\/\/indentec.com\/wp-content\/uploads\/2023\/03\/Knoop-Test-Block-Boxed-and-Certificate-150x150.png 150w, https:\/\/indentec.com\/wp-content\/uploads\/2023\/03\/Knoop-Test-Block-Boxed-and-Certificate-768x768.png 768w, https:\/\/indentec.com\/wp-content\/uploads\/2023\/03\/Knoop-Test-Block-Boxed-and-Certificate-1536x1536.png 1536w, https:\/\/indentec.com\/wp-content\/uploads\/2023\/03\/Knoop-Test-Block-Boxed-and-Certificate-50x50.png 50w, https:\/\/indentec.com\/wp-content\/uploads\/2023\/03\/Knoop-Test-Block-Boxed-and-Certificate.png 2000w\" sizes=\"auto, (max-width: 1020px) 100vw, 1020px\" \/>\t\t\t\t\t\t\n\t\t\t\t\t<\/div>\n\t\t\t\t\t\t<\/a>\t\t\n<style>\n#image_2083745559 {\n  width: 80%;\n}\n<\/style>\n\t<\/div>\n\t\n\n\t<div id=\"gap-1745386822\" class=\"gap-element clearfix\" style=\"display:block; height:auto;\">\n\t\t\n<style>\n#gap-1745386822 {\n  padding-top: 30px;\n}\n<\/style>\n\t<\/div>\n\t\n\n\t<div id=\"text-297532030\" class=\"text\">\n\t\t\n\n<p> <\/p>\n<h3>Bloques de prueba de dureza Knoop<br><br><\/h3>\n<p> <\/p>\n\t\t\n<style>\n#text-297532030 {\n  text-align: center;\n  color: #000000;\n}\n#text-297532030 > * {\n  color: #000000;\n}\n<\/style>\n\t<\/div>\n\t\n\n\t\t<\/div>\n\t\t\t\t\n<style>\n#col-1712807745 > .col-inner {\n  padding: 30px 30px 30px 30px;\n}\n<\/style>\n\t<\/div>\n\n\t\n\n\t<div id=\"col-1581264940\" class=\"col medium-3 small-12 large-3\"  >\n\t\t\t\t<div class=\"col-inner text-center\" style=\"background-color:rgb(255, 255, 255);\" >\n\t\t\t\n\t\t\t\n\n\t<div class=\"img has-hover x md-x lg-x y md-y lg-y\" id=\"image_488099875\">\n\t\t<a class=\"\" href=\"https:\/\/indentec.com\/es\/producto\/brinell\/\" >\t\t\t\t\t\t<div class=\"img-inner dark\" >\n\t\t\t<img loading=\"lazy\" decoding=\"async\" width=\"1020\" height=\"1020\" src=\"https:\/\/indentec.com\/wp-content\/uploads\/2023\/03\/Brinell-Test-Block-2-Boxed-and-Certificate-PNG-1024x1024.png\" class=\"attachment-large size-large\" alt=\"Brinell Test Block Boxed and Certificate\" srcset=\"https:\/\/indentec.com\/wp-content\/uploads\/2023\/03\/Brinell-Test-Block-2-Boxed-and-Certificate-PNG-1024x1024.png 1024w, https:\/\/indentec.com\/wp-content\/uploads\/2023\/03\/Brinell-Test-Block-2-Boxed-and-Certificate-PNG-100x100.png 100w, https:\/\/indentec.com\/wp-content\/uploads\/2023\/03\/Brinell-Test-Block-2-Boxed-and-Certificate-PNG-510x510.png 510w, https:\/\/indentec.com\/wp-content\/uploads\/2023\/03\/Brinell-Test-Block-2-Boxed-and-Certificate-PNG-300x300.png 300w, https:\/\/indentec.com\/wp-content\/uploads\/2023\/03\/Brinell-Test-Block-2-Boxed-and-Certificate-PNG-150x150.png 150w, https:\/\/indentec.com\/wp-content\/uploads\/2023\/03\/Brinell-Test-Block-2-Boxed-and-Certificate-PNG-768x768.png 768w, https:\/\/indentec.com\/wp-content\/uploads\/2023\/03\/Brinell-Test-Block-2-Boxed-and-Certificate-PNG-1536x1536.png 1536w, https:\/\/indentec.com\/wp-content\/uploads\/2023\/03\/Brinell-Test-Block-2-Boxed-and-Certificate-PNG-50x50.png 50w, https:\/\/indentec.com\/wp-content\/uploads\/2023\/03\/Brinell-Test-Block-2-Boxed-and-Certificate-PNG.png 2000w\" sizes=\"auto, (max-width: 1020px) 100vw, 1020px\" \/>\t\t\t\t\t\t\n\t\t\t\t\t<\/div>\n\t\t\t\t\t\t<\/a>\t\t\n<style>\n#image_488099875 {\n  width: 80%;\n}\n<\/style>\n\t<\/div>\n\t\n\n\t<div id=\"gap-1353035921\" class=\"gap-element clearfix\" style=\"display:block; height:auto;\">\n\t\t\n<style>\n#gap-1353035921 {\n  padding-top: 30px;\n}\n<\/style>\n\t<\/div>\n\t\n\n\t<div id=\"text-1140012907\" class=\"text\">\n\t\t\n\n<p> <\/p>\n<h3>Bloques de prueba de dureza Brinell<br><br><\/h3>\n<p> <\/p>\n\t\t\n<style>\n#text-1140012907 {\n  text-align: center;\n  color: #000000;\n}\n#text-1140012907 > * {\n  color: #000000;\n}\n<\/style>\n\t<\/div>\n\t\n\n\t\t<\/div>\n\t\t\t\t\n<style>\n#col-1581264940 > .col-inner {\n  padding: 30px 30px 30px 30px;\n}\n<\/style>\n\t<\/div>\n\n\t\n\n<\/div>\n<div class=\"row\"  id=\"row-1210346879\">\n\n\n\t<div id=\"col-568534275\" class=\"col medium-6 small-12 large-6\"  >\n\t\t\t\t<div class=\"col-inner\"  >\n\t\t\t\n\t\t\t\n\n<p>Nuestros bloques de prueba de dureza cubren toda la gama de m\u00e9todos, escalas y valores de las pruebas de dureza.<\/p>\n<h2>M\u00e9todos para probar la dureza<\/p>\n<\/h2>\n<p>Las t\u00e9cnicas habituales para medir la dureza incluyen las pruebas de dureza Rockwell, Brinell, Vickers y Knoop, que utilizan distintos perforadores y cargas. Las pruebas Brinell implican presionar una esfera dura sobre un material para medir el di\u00e1metro de la perforaci\u00f3n, mientras que las pruebas Rockwell miden la profundidad de la penetraci\u00f3n bajo una fuerza continua. En las pruebas Vickers y Knoop se utiliza un perforador piramidal para determinar el nivel de dureza en funci\u00f3n del tama\u00f1o de la perforaci\u00f3n.<\/p>\n<a href=\"mailto:zrb.sales@zwickroell.com\" target=\"_blank\" class=\"button primary\" rel=\"noopener\"  >\n\t\t<span>M\u00e1s informaci\u00f3n<\/span>\n\t<\/a>\n\n\n\n\t\t<\/div>\n\t\t\t\t\t<\/div>\n\n\t\n\n\t<div id=\"col-1447429052\" class=\"col medium-6 small-12 large-6\"  >\n\t\t\t\t<div class=\"col-inner\"  >\n\t\t\t\n\t\t\t\n\n\t<div class=\"img has-hover x md-x lg-x y md-y lg-y\" id=\"image_1355870621\">\n\t\t\t\t\t\t\t\t<div class=\"img-inner dark\" style=\"margin:0px 0px 50px 0px;\">\n\t\t\t<img loading=\"lazy\" decoding=\"async\" width=\"1020\" height=\"680\" src=\"https:\/\/indentec.com\/wp-content\/uploads\/2023\/03\/20220316-Indentec-11-1024x683.jpg\" class=\"attachment-large size-large\" alt=\"Hardness Testing Machine details\" srcset=\"https:\/\/indentec.com\/wp-content\/uploads\/2023\/03\/20220316-Indentec-11-1024x683.jpg 1024w, https:\/\/indentec.com\/wp-content\/uploads\/2023\/03\/20220316-Indentec-11-scaled-510x340.jpg 510w, https:\/\/indentec.com\/wp-content\/uploads\/2023\/03\/20220316-Indentec-11-300x200.jpg 300w, https:\/\/indentec.com\/wp-content\/uploads\/2023\/03\/20220316-Indentec-11-768x512.jpg 768w, https:\/\/indentec.com\/wp-content\/uploads\/2023\/03\/20220316-Indentec-11-1536x1024.jpg 1536w, https:\/\/indentec.com\/wp-content\/uploads\/2023\/03\/20220316-Indentec-11-2048x1365.jpg 2048w\" sizes=\"auto, (max-width: 1020px) 100vw, 1020px\" \/>\t\t\t\t\t\t\n\t\t\t\t\t<\/div>\n\t\t\t\t\t\t\t\t\n<style>\n#image_1355870621 {\n  width: 100%;\n}\n<\/style>\n\t<\/div>\n\t\n\n\n\t\t<\/div>\n\t\t\t\t\t<\/div>\n\n\t\n\n\t<div id=\"col-298479425\" class=\"col medium-6 small-12 large-6\"  >\n\t\t\t\t<div class=\"col-inner\"  >\n\t\t\t\n\t\t\t\n\n\t<div class=\"img has-hover hide-for-small x md-x lg-x y md-y lg-y\" id=\"image_1586407262\">\n\t\t\t\t\t\t\t\t<div class=\"img-inner dark\" style=\"margin:0px 0px 60px 0px;\">\n\t\t\t<img loading=\"lazy\" decoding=\"async\" width=\"1020\" height=\"680\" src=\"https:\/\/indentec.com\/wp-content\/uploads\/2024\/04\/20220316-Indentec-50-1024x683.jpg\" class=\"attachment-large size-large\" alt=\"collection of hardness test blocks\" srcset=\"https:\/\/indentec.com\/wp-content\/uploads\/2024\/04\/20220316-Indentec-50-1024x683.jpg 1024w, https:\/\/indentec.com\/wp-content\/uploads\/2024\/04\/20220316-Indentec-50-300x200.jpg 300w, https:\/\/indentec.com\/wp-content\/uploads\/2024\/04\/20220316-Indentec-50-768x512.jpg 768w, https:\/\/indentec.com\/wp-content\/uploads\/2024\/04\/20220316-Indentec-50-1536x1025.jpg 1536w, https:\/\/indentec.com\/wp-content\/uploads\/2024\/04\/20220316-Indentec-50-2048x1366.jpg 2048w, https:\/\/indentec.com\/wp-content\/uploads\/2024\/04\/20220316-Indentec-50-510x340.jpg 510w\" sizes=\"auto, (max-width: 1020px) 100vw, 1020px\" \/>\t\t\t\t\t\t\n\t\t\t\t\t<\/div>\n\t\t\t\t\t\t\t\t\n<style>\n#image_1586407262 {\n  width: 100%;\n}\n<\/style>\n\t<\/div>\n\t\n\n\n\t\t<\/div>\n\t\t\t\t\t<\/div>\n\n\t\n\n\t<div id=\"col-738672018\" class=\"col medium-6 small-12 large-6\"  >\n\t\t\t\t<div class=\"col-inner\"  >\n\t\t\t\n\t\t\t\n\n\t<div id=\"text-122223649\" class=\"text\">\n\t\t\n\n<h2>Valores de los bloques para las pruebas de dureza<br><br><\/h2>\n<p>Las mediciones num\u00e9ricas derivadas de diferentes t\u00e9cnicas de prueba de dureza se denominan valores de prueba de dureza e indican hasta qu\u00e9 punto un material resiste una perforaci\u00f3n o penetraci\u00f3n. Al describir las caracter\u00edsticas de un material y determinar si es apropiado para una aplicaci\u00f3n dada, estos valores son esenciales. Los valores t\u00edpicos de la dureza son:  <\/p>\n<ul>\n<li>Dureza Vickers (representada como HV)<\/li>\n<li>Dureza Brinell (medida en HB)<\/li>\n<li>Dureza Knoop (generalmente expresada en HK)<\/li>\n<li>Dureza Rockwell (expresada como HRC, HRB, etc.)<br><br><\/li>\n<\/ul>\n\t\t\n<style>\n#text-122223649 {\n  line-height: 1.75;\n}\n<\/style>\n\t<\/div>\n\t\n\t<div class=\"img has-hover show-for-small x md-x lg-x y md-y lg-y\" id=\"image_1636376452\">\n\t\t\t\t\t\t\t\t<div class=\"img-inner dark\" style=\"margin:0px 0px 60px 0px;\">\n\t\t\t<img loading=\"lazy\" decoding=\"async\" width=\"1020\" height=\"680\" src=\"https:\/\/indentec.com\/wp-content\/uploads\/2024\/04\/20220316-Indentec-50-1024x683.jpg\" class=\"attachment-large size-large\" alt=\"collection of hardness test blocks\" srcset=\"https:\/\/indentec.com\/wp-content\/uploads\/2024\/04\/20220316-Indentec-50-1024x683.jpg 1024w, https:\/\/indentec.com\/wp-content\/uploads\/2024\/04\/20220316-Indentec-50-300x200.jpg 300w, https:\/\/indentec.com\/wp-content\/uploads\/2024\/04\/20220316-Indentec-50-768x512.jpg 768w, https:\/\/indentec.com\/wp-content\/uploads\/2024\/04\/20220316-Indentec-50-1536x1025.jpg 1536w, https:\/\/indentec.com\/wp-content\/uploads\/2024\/04\/20220316-Indentec-50-2048x1366.jpg 2048w, https:\/\/indentec.com\/wp-content\/uploads\/2024\/04\/20220316-Indentec-50-510x340.jpg 510w\" sizes=\"auto, (max-width: 1020px) 100vw, 1020px\" \/>\t\t\t\t\t\t\n\t\t\t\t\t<\/div>\n\t\t\t\t\t\t\t\t\n<style>\n#image_1636376452 {\n  width: 100%;\n}\n<\/style>\n\t<\/div>\n\t\n\n\n\t\t<\/div>\n\t\t\t\t\t<\/div>\n\n\t\n\n\t<div id=\"col-649926297\" class=\"col medium-6 small-12 large-6\"  >\n\t\t\t\t<div class=\"col-inner\"  >\n\t\t\t\n\t\t\t\n\n<p>Nuestros bloques de prueba de dureza tambi\u00e9n se utilizan en todo el mundo en una gran variedad de sectores, como el aeroespacial, el automovil\u00edstico, el acad\u00e9mico, el de la ingenier\u00eda, el de la producci\u00f3n, el de la medicina y el de la fabricaci\u00f3n de metales primarios.<\/p>\n<h2>Sectores que utilizan bloques de prueba de dureza<\/p>\n<\/h2>\n<p>Los bloques de prueba de dureza son puntos de referencia cruciales para diversos sectores:<\/p>\n<p><strong>El sector espacial y el automovil\u00edstico<\/strong>: los bloques de prueba de dureza garantizan la precisi\u00f3n y la fiabilidad del equipo de las pruebas de dureza al asegurar la integridad de los componentes cr\u00edticos, como las piezas del motor, los elementos estructurales y los componentes del tren de aterrizaje, en los que es importante respetar unos estrictos est\u00e1ndares de calidad.<\/p>\n<p><strong>El sector acad\u00e9mico y el de la ingenier\u00eda<\/strong>: los bloques de prueba de dureza brindan a los investigadores y a los estudiantes materiales estandarizados para estudiar las cualidades de los materiales y el comportamiento mec\u00e1nico, lo cual es importante para la investigaci\u00f3n, la experimentaci\u00f3n y la formaci\u00f3n.<\/p>\n<p><strong>El sector de la medicina y el de la fabricaci\u00f3n de metales primarios<\/strong>: los bloques de prueba de dureza respaldan los procedimientos del control de la calidad al facilitar la validaci\u00f3n y la calibraci\u00f3n del equipo de las pruebas de dureza para preservar la precisi\u00f3n y la consistencia.<\/p>\n<a href=\"mailto:zrb.sales@zwickroell.com\" target=\"_blank\" class=\"button primary\" rel=\"noopener\"  >\n\t\t<span>Empiece hoy mismo<\/span>\n\t<\/a>\n\n\n\n\t\t<\/div>\n\t\t\t\t\t<\/div>\n\n\t\n\n\t<div id=\"col-985294817\" class=\"col medium-6 small-12 large-6\"  >\n\t\t\t\t<div class=\"col-inner\"  >\n\t\t\t\n\t\t\t\n\n\t<div class=\"img has-hover x md-x lg-x y md-y lg-y\" id=\"image_115589154\">\n\t\t\t\t\t\t\t\t<div class=\"img-inner image-cover dark\" style=\"padding-top:100%;margin:0px 0px 80px 0px;\">\n\t\t\t<img loading=\"lazy\" decoding=\"async\" width=\"1020\" height=\"680\" src=\"https:\/\/indentec.com\/wp-content\/uploads\/2023\/03\/20220316-Indentec-21-1024x683.jpg\" class=\"attachment-large size-large\" alt=\"Hardness Testing Blocks being tested in Hardness Testing Machine\" srcset=\"https:\/\/indentec.com\/wp-content\/uploads\/2023\/03\/20220316-Indentec-21-1024x683.jpg 1024w, https:\/\/indentec.com\/wp-content\/uploads\/2023\/03\/20220316-Indentec-21-scaled-510x340.jpg 510w, https:\/\/indentec.com\/wp-content\/uploads\/2023\/03\/20220316-Indentec-21-300x200.jpg 300w, https:\/\/indentec.com\/wp-content\/uploads\/2023\/03\/20220316-Indentec-21-768x512.jpg 768w, https:\/\/indentec.com\/wp-content\/uploads\/2023\/03\/20220316-Indentec-21-1536x1025.jpg 1536w, https:\/\/indentec.com\/wp-content\/uploads\/2023\/03\/20220316-Indentec-21-2048x1366.jpg 2048w\" sizes=\"auto, (max-width: 1020px) 100vw, 1020px\" \/>\t\t\t\t\t\t\n\t\t\t\t\t<\/div>\n\t\t\t\t\t\t\t\t\n<style>\n#image_115589154 {\n  width: 100%;\n}\n<\/style>\n\t<\/div>\n\t\n\n\n\t\t<\/div>\n\t\t\t\t\t<\/div>\n\n\t\n\n\t<div id=\"col-208637699\" class=\"col small-12 large-12\"  >\n\t\t\t\t<div class=\"col-inner\"  >\n\t\t\t\n\t\t\t\n\n<h3 class=\"accordion_title\">Preguntas frecuentes sobre los bloques para realizar pruebas de dureza<\/h3><div class=\"accordion\">\n\n\t<div id=\"accordion-3570747682\" class=\"accordion-item\">\n\t\t<a id=\"accordion-3570747682-label\" class=\"accordion-title plain active\" href=\"#accordion-item-\u00bfpara-qu\u00e9-sirven-los-bloques-de-las-pruebas-de-dureza?\" aria-expanded=\"true\" aria-controls=\"accordion-3570747682-content\" >\n\t\t\t<button class=\"toggle\" aria-label=\"Toggle\"><i class=\"icon-angle-down\"><\/i><\/button>\n\t\t\t<span>\u00bfPara qu\u00e9 sirven los bloques de las pruebas de dureza?<\/span>\n\t\t<\/a>\n\t\t<div id=\"accordion-3570747682-content\" class=\"accordion-inner\" style=\"display: block;\" aria-labelledby=\"accordion-3570747682-label\" >\n\t\t\t\n\n\t<div id=\"text-876117907\" class=\"text\">\n\t\t\n\n<p>Los bloques de prueba de dureza son muestras de materiales con una dureza conocida y consistente. Se utilizan para calibrar y verificar la precisi\u00f3n de las m\u00e1quinas de pruebas de dureza.<br><br> <\/p>\n\t\t\n<style>\n#text-876117907 {\n  line-height: 1.65;\n}\n<\/style>\n\t<\/div>\n\t\n\n\t\t<\/div>\n\t<\/div>\n\t\n\t<div id=\"accordion-2319809041\" class=\"accordion-item\">\n\t\t<a id=\"accordion-2319809041-label\" class=\"accordion-title plain\" href=\"#accordion-item-\u00bfc\u00f3mo-funcionan-los-bloques-de-prueba-de-dureza?\" aria-expanded=\"false\" aria-controls=\"accordion-2319809041-content\" >\n\t\t\t<button class=\"toggle\" aria-label=\"Toggle\"><i class=\"icon-angle-down\"><\/i><\/button>\n\t\t\t<span>\u00bfC\u00f3mo funcionan los bloques de prueba de dureza?<\/span>\n\t\t<\/a>\n\t\t<div id=\"accordion-2319809041-content\" class=\"accordion-inner\" aria-labelledby=\"accordion-2319809041-label\" >\n\t\t\t\n\n<p>Durante el proceso de calibraci\u00f3n, se coloca un bloque de prueba de dureza bajo el perforador de una m\u00e1quina de pruebas de dureza y se mide el valor de la dureza. Este se compara con el valor de dureza conocido del bloque para garantizar que el equipo de la prueba proporciona resultados precisos.<\/p>\n\n\t\t<\/div>\n\t<\/div>\n\t\n\t<div id=\"accordion-2763439615\" class=\"accordion-item\">\n\t\t<a id=\"accordion-2763439615-label\" class=\"accordion-title plain\" href=\"#accordion-item-\u00bfqu\u00e9-tipos-de-bloques-de-prueba-de-dureza-son-los-m\u00e1s-habituales?\" aria-expanded=\"false\" aria-controls=\"accordion-2763439615-content\" >\n\t\t\t<button class=\"toggle\" aria-label=\"Toggle\"><i class=\"icon-angle-down\"><\/i><\/button>\n\t\t\t<span>\u00bfQu\u00e9 tipos de bloques de prueba de dureza son los m\u00e1s habituales?<\/span>\n\t\t<\/a>\n\t\t<div id=\"accordion-2763439615-content\" class=\"accordion-inner\" aria-labelledby=\"accordion-2763439615-label\" >\n\t\t\t\n\n<p>Algunos tipos habituales de bloques de prueba de dureza son los bloques cil\u00edndricos, los rectangulares y los esf\u00e9ricos hechos de materiales como el acero, el carburo de tungsteno o la cer\u00e1mica.<\/p>\n\n\t\t<\/div>\n\t<\/div>\n\t\n\t<div id=\"accordion-1211923749\" class=\"accordion-item\">\n\t\t<a id=\"accordion-1211923749-label\" class=\"accordion-title plain\" href=\"#accordion-item-\u00bfcon-qu\u00e9-frecuencia-se-deben-calibrar-las-m\u00e1quinas-de-pruebas-de-dureza-con-los-bloques-de-prueba-de-dureza?\" aria-expanded=\"false\" aria-controls=\"accordion-1211923749-content\" >\n\t\t\t<button class=\"toggle\" aria-label=\"Toggle\"><i class=\"icon-angle-down\"><\/i><\/button>\n\t\t\t<span>\u00bfCon qu\u00e9 frecuencia se deben calibrar las m\u00e1quinas de pruebas de dureza con los bloques de prueba de dureza?<\/span>\n\t\t<\/a>\n\t\t<div id=\"accordion-1211923749-content\" class=\"accordion-inner\" aria-labelledby=\"accordion-1211923749-label\" >\n\t\t\t\n\n<p>Se recomienda calibrar las m\u00e1quinas de prueba de dureza utilizando bloques de prueba de dureza cada cierto tiempo, ya sea anualmente o despu\u00e9s de un cierto n\u00famero de pruebas, para garantizar unos resultados fiables.<\/p>\n\n\t\t<\/div>\n\t<\/div>\n\t\n\n<\/div>\n\n\t\t<\/div>\n\t\t\t\t\t<\/div>\n\n\t\n\n\t<div id=\"col-1898021477\" class=\"col small-12 large-12\"  >\n\t\t\t\t<div class=\"col-inner\"  >\n\t\t\t\n\t\t\t\n\n<h3>P\u00f3ngase en contacto con nosotros hoy mismo<\/p>\n<\/h3>\n<p>Tanto si le interesan nuestros productos como si precisa obtener m\u00e1s informaci\u00f3n, nuestro equipo est\u00e1 a su disposici\u00f3n para ayudarle con cualquier consulta.<\/p>\n<a href=\"mailto:zrb.sales@zwickroell.com\" target=\"_blank\" class=\"button primary\" rel=\"noopener\"  >\n\t\t<span>Hable con Ventas<\/span>\n\t<\/a>\n\n\n\n\t\t<\/div>\n\t\t\t\t\t<\/div>\n\n\t\n\n<\/div>\n\n\t\t<\/div>\n\n\t\t\n<style>\n#section_985951980 {\n  padding-top: 30px;\n  padding-bottom: 30px;\n  background-color: rgb(255, 255, 255);\n}\n<\/style>\n\t<\/section>\n\t","protected":false},"excerpt":{"rendered":"","protected":false},"author":0,"featured_media":0,"parent":0,"menu_order":12,"comment_status":"closed","ping_status":"closed","template":"","meta":{"_acf_changed":false,"footnotes":""},"class_list":["post-4834","page","type-page","status-publish","hentry"],"acf":[],"_links":{"self":[{"href":"https:\/\/indentec.com\/es\/wp-json\/wp\/v2\/pages\/4834","targetHints":{"allow":["GET"]}}],"collection":[{"href":"https:\/\/indentec.com\/es\/wp-json\/wp\/v2\/pages"}],"about":[{"href":"https:\/\/indentec.com\/es\/wp-json\/wp\/v2\/types\/page"}],"replies":[{"embeddable":true,"href":"https:\/\/indentec.com\/es\/wp-json\/wp\/v2\/comments?post=4834"}],"version-history":[{"count":0,"href":"https:\/\/indentec.com\/es\/wp-json\/wp\/v2\/pages\/4834\/revisions"}],"wp:attachment":[{"href":"https:\/\/indentec.com\/es\/wp-json\/wp\/v2\/media?parent=4834"}],"curies":[{"name":"wp","href":"https:\/\/api.w.org\/{rel}","templated":true}]}}