{"id":4807,"date":"2023-03-04T06:47:15","date_gmt":"2023-03-04T06:47:15","guid":{"rendered":"https:\/\/indentec.co.uk\/sobre\/"},"modified":"2026-01-12T12:21:52","modified_gmt":"2026-01-12T12:21:52","slug":"sobre","status":"publish","type":"page","link":"https:\/\/indentec.com\/es\/sobre\/","title":{"rendered":"Sobre"},"content":{"rendered":"\n\t<section class=\"section\" id=\"section_100248146\">\n\t\t<div class=\"section-bg fill\" >\n\t\t\t\t\t\t\t\t\t\n\t\t\t\n\n\t\t<\/div>\n\n\t\t\n\n\t\t<div class=\"section-content relative\">\n\t\t\t\r\n\r\n<div class=\"row align-middle\"  id=\"row-1657314790\">\r\n\r\n\n\t<div id=\"col-111447367\" class=\"col medium-6 small-12 large-6\"  >\n\t\t\t\t<div class=\"col-inner text-left\"  >\n\t\t\t\n\t\t\t\r\n\r\n\t<div id=\"text-4137188186\" class=\"text\">\n\t\t\r\n<h1>Sobre Indentec<\/h1>\r\n<strong>Fundada en 1976, Indentec Hardness Testing Machines Ltd pas\u00f3 a formar parte del Grupo ZwickRoell en el a\u00f1o 2000.<\/strong>\r\n\r\nComo centro de competencia para ensayos Rockwell dentro del grupo ZwickRoell, Indentec desarrolla y fabrica m\u00e1quinas para ensayos de dureza Rockwell, as\u00ed como bloques patr\u00f3n de calibraci\u00f3n para una amplia gama de m\u00e9todos de dureza.\r\n\r\nEl dise\u00f1o, el desarrollo y la fabricaci\u00f3n de equipos de dureza Rockwell fiables y robustos requiere del conocimiento experto en ingenier\u00eda mec\u00e1nica, electr\u00f3nica y software. Gracias a nuestra dilatada experiencia en el ensayo de dureza Rockwell, en Indentec, ofrecemos productos est\u00e1ndar de la m\u00e1xima calidad y una amplia gama de equipos adaptados a medida. El profundo conocimiento de las pruebas de dureza Rockwell significa que Indentec ofrecer\u00e1 productos est\u00e1ndar de alta calidad y un programa de personalizaci\u00f3n eficiente.\r\n\r\n\t\t\n<style>\n#text-4137188186 {\n  font-size: 1.1rem;\n}\n<\/style>\n\t<\/div>\n\t\r\n<a href=\"https:\/\/indentec.com\/contact\/\" class=\"button primary\"  >\n\t\t<span>Contacta con nosotros<\/span>\n\t<\/a>\n\r\n\r\n\t\t<\/div>\n\t\t\t\t\t<\/div>\n\n\t\r\n\n\t<div id=\"col-140800384\" class=\"col medium-6 small-12 large-6\"  >\n\t\t\t\t<div class=\"col-inner\"  >\n\t\t\t\n\t\t\t\r\n\r\n\t<div class=\"img has-hover x md-x lg-x y md-y lg-y\" id=\"image_2029205823\">\n\t\t\t\t\t\t\t\t<div class=\"img-inner dark\" style=\"margin:20px 0px 0px 0px;\">\n\t\t\t<img loading=\"lazy\" decoding=\"async\" width=\"1020\" height=\"680\" src=\"https:\/\/indentec.com\/wp-content\/uploads\/2025\/01\/indentec-about-us-1024x683.jpg\" class=\"attachment-large size-large\" alt=\"indentec supply hardness testing machines and have experience in the sector\" srcset=\"https:\/\/indentec.com\/wp-content\/uploads\/2025\/01\/indentec-about-us-1024x683.jpg 1024w, https:\/\/indentec.com\/wp-content\/uploads\/2025\/01\/indentec-about-us-300x200.jpg 300w, https:\/\/indentec.com\/wp-content\/uploads\/2025\/01\/indentec-about-us-768x512.jpg 768w, https:\/\/indentec.com\/wp-content\/uploads\/2025\/01\/indentec-about-us-1536x1025.jpg 1536w, https:\/\/indentec.com\/wp-content\/uploads\/2025\/01\/indentec-about-us-2048x1366.jpg 2048w, https:\/\/indentec.com\/wp-content\/uploads\/2025\/01\/indentec-about-us-510x340.jpg 510w\" sizes=\"auto, (max-width: 1020px) 100vw, 1020px\" \/>\t\t\t\t\t\t\n\t\t\t\t\t<\/div>\n\t\t\t\t\t\t\t\t\n<style>\n#image_2029205823 {\n  width: 100%;\n}\n<\/style>\n\t<\/div>\n\t\r\n\r\n\t\t<\/div>\n\t\t\t\t\t<\/div>\n\n\t\r\n\r\n<\/div>\r\n\r\n\t\t<\/div>\n\n\t\t\n<style>\n#section_100248146 {\n  padding-top: 60px;\n  padding-bottom: 60px;\n}\n<\/style>\n\t<\/section>\n\t","protected":false},"excerpt":{"rendered":"","protected":false},"author":16,"featured_media":0,"parent":0,"menu_order":39,"comment_status":"closed","ping_status":"closed","template":"","meta":{"_acf_changed":false,"footnotes":""},"class_list":["post-4807","page","type-page","status-publish","hentry"],"acf":[],"_links":{"self":[{"href":"https:\/\/indentec.com\/es\/wp-json\/wp\/v2\/pages\/4807","targetHints":{"allow":["GET"]}}],"collection":[{"href":"https:\/\/indentec.com\/es\/wp-json\/wp\/v2\/pages"}],"about":[{"href":"https:\/\/indentec.com\/es\/wp-json\/wp\/v2\/types\/page"}],"author":[{"embeddable":true,"href":"https:\/\/indentec.com\/es\/wp-json\/wp\/v2\/users\/16"}],"replies":[{"embeddable":true,"href":"https:\/\/indentec.com\/es\/wp-json\/wp\/v2\/comments?post=4807"}],"version-history":[{"count":2,"href":"https:\/\/indentec.com\/es\/wp-json\/wp\/v2\/pages\/4807\/revisions"}],"predecessor-version":[{"id":8512,"href":"https:\/\/indentec.com\/es\/wp-json\/wp\/v2\/pages\/4807\/revisions\/8512"}],"wp:attachment":[{"href":"https:\/\/indentec.com\/es\/wp-json\/wp\/v2\/media?parent=4807"}],"curies":[{"name":"wp","href":"https:\/\/api.w.org\/{rel}","templated":true}]}}