{"id":6881,"date":"2024-05-15T11:45:13","date_gmt":"2024-05-15T10:45:13","guid":{"rendered":"https:\/\/indentec.co.uk\/product\/rockwell\/"},"modified":"2025-12-16T14:52:03","modified_gmt":"2025-12-16T14:52:03","slug":"rockwell","status":"publish","type":"product","link":"https:\/\/indentec.com\/de\/produkt\/rockwell\/","title":{"rendered":"Rockwell H\u00e4rtevergleichsplatten"},"content":{"rendered":"","protected":false},"excerpt":{"rendered":"<p style=\"font-size: 18px;\"><strong>Lieferung am n\u00e4chsten Tag verf\u00fcgbar<\/strong><\/p>\nVon unserem hauseigenen UKAS\/ISO-akkreditierten Kalibrierungslabor kalibriert und mit einem UKAS-Kalibrierungszertifikat geliefert. Wird auch mit einer Korrosionsschutzverpackung und einem Aufbewahrungskoffer geliefert. Die angegebenen Werte sind Nominalwerte. Der tats\u00e4chliche Block liegt innerhalb des angegebenen Bereichs des Nominalwerts.  ","protected":false},"featured_media":8159,"template":"","meta":{"_acf_changed":false},"product_brand":[],"product_cat":[941,1143],"product_tag":[],"class_list":{"0":"post-6881","1":"product","2":"type-product","3":"status-publish","4":"has-post-thumbnail","6":"product_cat-hartevergleichsplatten","7":"product_cat-rockwell-de","8":"pa_block-type-rockwell-de","9":"pa_block-type-superficial-rockwell-de","10":"pa_diameter-65-de","11":"pa_scale-hr15n-de","12":"pa_scale-hr15t-de","13":"pa_scale-hr15w-de","14":"pa_scale-hr30n-de","15":"pa_scale-hr30t-de","16":"pa_scale-hr45n-de","17":"pa_scale-hr45t-de","18":"pa_scale-hra-de","19":"pa_scale-hrb-de","20":"pa_scale-hrc-de","21":"pa_scale-hrd-de","22":"pa_scale-hre-de","23":"pa_scale-hrf-de","24":"pa_scale-hrg-de","25":"pa_scale-hrk-de","26":"pa_scale-hrl-de","27":"pa_scale-hrp-de","28":"pa_scale-hrr-de","29":"pa_value-100-5-de","30":"pa_value-106-5-de","31":"pa_value-112-4-de","32":"pa_value-118-4-de","33":"pa_value-118-5-de","34":"pa_value-120-4-de","35":"pa_value-123-4-de","36":"pa_value-124-4-de","37":"pa_value-126-4-de","38":"pa_value-16-5-de","39":"pa_value-18-5-de","40":"pa_value-23-5-de","41":"pa_value-25-2-5-de","42":"pa_value-26-2-5-de","43":"pa_value-3-5-3-de","44":"pa_value-30-2-5-de","45":"pa_value-31-2-5-de","46":"pa_value-33-2-5-de","47":"pa_value-33-5-de","48":"pa_value-35-2-5-de","49":"pa_value-37-2-5-de","50":"pa_value-40-2-5-de","51":"pa_value-40-5-de","52":"pa_value-43-2-5-de","53":"pa_value-43-5-de","54":"pa_value-44-2-5-de","55":"pa_value-45-2-5-de","56":"pa_value-46-2-5-de","57":"pa_value-46-5-de","58":"pa_value-48-2-5-de","59":"pa_value-49-2-5-de","60":"pa_value-50-2-5-de","61":"pa_value-50-5-de","62":"pa_value-51-5-de","63":"pa_value-52-2-5-de","64":"pa_value-53-5-de","65":"pa_value-55-2-5-de","66":"pa_value-56-2-5-de","67":"pa_value-56-5-de","68":"pa_value-60-2-5-de","69":"pa_value-60-5-de","70":"pa_value-61-2-5-de","71":"pa_value-63-1-5-de","72":"pa_value-63-5-de","73":"pa_value-64-2-5-de","74":"pa_value-65-1-5-de","75":"pa_value-65-2-5-de","76":"pa_value-65-5-de","77":"pa_value-67-2-5-de","78":"pa_value-68-1-5-de","79":"pa_value-68-2-5-de","80":"pa_value-69-5-de","81":"pa_value-70-1-5-de","82":"pa_value-70-5-de","83":"pa_value-71-2-5-de","84":"pa_value-72-2-5-de","85":"pa_value-72-5-de","86":"pa_value-73-1-5-de","87":"pa_value-73-2-5-de","88":"pa_value-75-2-5-de","89":"pa_value-75-5-de","90":"pa_value-76-1-5-de","91":"pa_value-77-2-5-de","92":"pa_value-77-5-de","93":"pa_value-78-1-5-de","94":"pa_value-78-2-5-de","95":"pa_value-78-5-de","96":"pa_value-80-2-5-de","97":"pa_value-80-5-de","98":"pa_value-81-1-5-de","99":"pa_value-81-5-de","100":"pa_value-83-2-5-de","101":"pa_value-83-5-de","102":"pa_value-84-5-de","103":"pa_value-85-2-5-de","104":"pa_value-85-5-de","105":"pa_value-87-4-de","106":"pa_value-87-5-de","107":"pa_value-88-2-5-de","108":"pa_value-88-5-de","109":"pa_value-90-2-5-de","110":"pa_value-90-4-de","111":"pa_value-90-5-de","112":"pa_value-91-5-de","113":"pa_value-93-5-de","114":"pa_value-94-4-de","116":"first","117":"instock","118":"taxable","119":"shipping-taxable","120":"purchasable","121":"product-type-variable","122":"has-default-attributes"},"exclude_global_add_ons":false,"addons":[{"name":"Optionale Zusatzleistungen","type":"checkbox","position":0,"required":false,"title_format":"label","default":"","description_enable":false,"description":null,"placeholder_enable":false,"placeholder":null,"display":"select","restrictions_type":"any_text","adjust_price":false,"price":"","price_type":"flat_fee","restrictions":false,"min":"0","max":"0","options":[{"label":"Gitternetzlinien hinzuf\u00fcgen","price":"22","price_type":"quantity_based","image":0,"visibility":true}],"id":1715777429},{"name":"Kalibrierungseinstellungen","type":"checkbox","position":1,"required":false,"title_format":"label","default":"","description_enable":true,"description":"Standardm\u00e4\u00dfig werden unsere Rockwell-Kugelma\u00dfbl\u00f6cke mit einem Eindringk\u00f6rper aus Wolframkarbidkugel (W) kalibriert. ","placeholder_enable":false,"placeholder":null,"display":"radiobutton","restrictions_type":"any_text","adjust_price":false,"price":"","price_type":"flat_fee","restrictions":false,"min":"0","max":"0","options":[{"label":"Steel Calibrated","price":"","price_type":"quantity_based","image":0,"visibility":false}],"id":1715777430},{"name":"Optional Extras","type":"checkbox","position":0,"required":false,"title_format":"label","default":"","description_enable":false,"description":"","placeholder_enable":false,"placeholder":"","display":"radiobutton","restrictions_type":"any_text","adjust_price":false,"price":"","price_type":"flat_fee","restrictions":false,"min":"0","max":"0","options":[{"label":"Add gridlines","price":"22","price_type":"quantity_based","image":0,"visibility":true},{"label":"Supplied with mirror finish as standard. Choose optional matte surface finish.","price":"55","price_type":"quantity_based","image":0,"visibility":true}],"id":1678974320},{"name":"Optional Extras","type":"checkbox","position":0,"required":false,"title_format":"label","default":"","description_enable":false,"description":"","placeholder_enable":false,"placeholder":"","display":"select","restrictions_type":"any_text","adjust_price":false,"price":"","price_type":"flat_fee","restrictions":false,"min":"0","max":"0","options":[{"label":"Add gridlines","price":"22","price_type":"quantity_based","image":0,"visibility":true}],"id":1682592785},{"name":"Optional Extras","type":"checkbox","position":0,"required":false,"title_format":"label","default":"","description_enable":false,"description":"","placeholder_enable":false,"placeholder":"","display":"select","restrictions_type":"any_text","adjust_price":false,"price":"","price_type":"flat_fee","restrictions":false,"min":"0","max":"0","options":[{"label":"Add gridlines","price":"22","price_type":"quantity_based","image":0,"visibility":true}],"id":1682592811},{"name":"Optional Extras","type":"checkbox","position":0,"required":false,"title_format":"label","default":"","description_enable":false,"description":"","placeholder_enable":false,"placeholder":"","display":"radiobutton","restrictions_type":"any_text","adjust_price":false,"price":"","price_type":"flat_fee","restrictions":false,"min":"0","max":"0","options":[{"label":"Add gridlines","price":"22","price_type":"quantity_based","image":0,"visibility":true}],"id":1678974411},{"name":"Optional Extras","type":"multiple_choice","position":0,"required":false,"title_format":"label","default":"","description_enable":false,"description":"","placeholder_enable":false,"placeholder":"","display":"select","restrictions_type":"any_text","adjust_price":false,"price":"","price_type":"flat_fee","restrictions":false,"min":"0","max":"0","options":[{"label":"Add gridlines","price":"22","price_type":"quantity_based","image":0,"visibility":true}],"id":1682592821},{"name":"Optional Extras","type":"checkbox","position":0,"required":false,"title_format":"label","default":"","description_enable":false,"description":"","placeholder_enable":false,"placeholder":"","display":"select","restrictions_type":"any_text","adjust_price":false,"price":"","price_type":"flat_fee","restrictions":false,"min":"0","max":"0","options":[{"label":"Add gridlines","price":"22","price_type":"quantity_based","image":0,"visibility":true}],"id":1678969354},{"name":"Calibration Settings","type":"checkbox","position":1,"required":false,"title_format":"label","default":"","description_enable":true,"description":"As a default, our Rockwell ball scale blocks are calibrated using a Tungsten Carbide ball indenter (W). If you would like calibration using a steel indenter (S) instead, please check the relevant option.","placeholder_enable":false,"placeholder":"","display":"radiobutton","restrictions_type":"any_text","adjust_price":false,"price":"","price_type":"flat_fee","restrictions":false,"min":"0","max":"0","options":[{"label":"Steel Calibrated","price":"","price_type":"quantity_based","image":0,"visibility":true}],"id":1679393946}],"acf":[],"_links":{"self":[{"href":"https:\/\/indentec.com\/de\/wp-json\/wp\/v2\/product\/6881","targetHints":{"allow":["GET"]}}],"collection":[{"href":"https:\/\/indentec.com\/de\/wp-json\/wp\/v2\/product"}],"about":[{"href":"https:\/\/indentec.com\/de\/wp-json\/wp\/v2\/types\/product"}],"wp:featuredmedia":[{"embeddable":true,"href":"https:\/\/indentec.com\/de\/wp-json\/wp\/v2\/media\/8159"}],"wp:attachment":[{"href":"https:\/\/indentec.com\/de\/wp-json\/wp\/v2\/media?parent=6881"}],"wp:term":[{"taxonomy":"product_brand","embeddable":true,"href":"https:\/\/indentec.com\/de\/wp-json\/wp\/v2\/product_brand?post=6881"},{"taxonomy":"product_cat","embeddable":true,"href":"https:\/\/indentec.com\/de\/wp-json\/wp\/v2\/product_cat?post=6881"},{"taxonomy":"product_tag","embeddable":true,"href":"https:\/\/indentec.com\/de\/wp-json\/wp\/v2\/product_tag?post=6881"}],"curies":[{"name":"wp","href":"https:\/\/api.w.org\/{rel}","templated":true}]}}