{"id":7366,"date":"2024-07-02T14:00:07","date_gmt":"2024-07-02T13:00:07","guid":{"rendered":"https:\/\/indentec.co.uk\/halten-sie-haertepruefbloecke-vor-und-sorgen-sie-fuer-einen-reibungslosen-produktionsablauf\/"},"modified":"2024-07-31T09:38:41","modified_gmt":"2024-07-31T08:38:41","slug":"halten-sie-haertepruefbloecke-vor-und-sorgen-sie-fuer-einen-reibungslosen-produktionsablauf","status":"publish","type":"page","link":"https:\/\/indentec.com\/de\/halten-sie-haertepruefbloecke-vor-und-sorgen-sie-fuer-einen-reibungslosen-produktionsablauf\/","title":{"rendered":"Halten Sie H\u00e4rtepr\u00fcfbl\u00f6cke vor und sorgen Sie f\u00fcr einen reibungslosen Produktionsablauf"},"content":{"rendered":"\n\t<section class=\"section\" id=\"section_732257142\">\n\t\t<div class=\"section-bg fill\" >\n\t\t\t\t\t\t\t\t\t<div class=\"section-bg-overlay absolute fill\"><\/div>\n\t\t\t\n\n\t\t<\/div>\n\n\t\t\n\n\t\t<div class=\"section-content relative\">\n\t\t\t\n\n<div class=\"row row-large align-center\"  id=\"row-526367321\">\n\n\n\t<div id=\"col-43916818\" class=\"col large-12\"  >\n\t\t\t\t<div class=\"col-inner\"  >\n\t\t\t\n\t\t\t\n\n\t<div class=\"img has-hover x md-x lg-x y md-y lg-y\" id=\"image_1108104202\">\n\t\t\t\t\t\t\t\t<div class=\"img-inner image-cover dark\" style=\"padding-top:400px;\">\n\t\t\t<img loading=\"lazy\" decoding=\"async\" width=\"2048\" height=\"1366\" src=\"https:\/\/indentec.com\/wp-content\/uploads\/2023\/03\/20220316-Indentec-21-2048x1366.jpg\" class=\"attachment-2048x2048 size-2048x2048\" alt=\"Hardness Testing Blocks being tested in Hardness Testing Machine\" srcset=\"https:\/\/indentec.com\/wp-content\/uploads\/2023\/03\/20220316-Indentec-21-2048x1366.jpg 2048w, https:\/\/indentec.com\/wp-content\/uploads\/2023\/03\/20220316-Indentec-21-scaled-510x340.jpg 510w, https:\/\/indentec.com\/wp-content\/uploads\/2023\/03\/20220316-Indentec-21-300x200.jpg 300w, https:\/\/indentec.com\/wp-content\/uploads\/2023\/03\/20220316-Indentec-21-1024x683.jpg 1024w, https:\/\/indentec.com\/wp-content\/uploads\/2023\/03\/20220316-Indentec-21-768x512.jpg 768w, https:\/\/indentec.com\/wp-content\/uploads\/2023\/03\/20220316-Indentec-21-1536x1025.jpg 1536w\" sizes=\"auto, (max-width: 2048px) 100vw, 2048px\" \/>\t\t\t\t\t\t\n\t\t\t\t\t<\/div>\n\t\t\t\t\t\t\t\t\n<style>\n#image_1108104202 {\n  width: 100%;\n}\n<\/style>\n\t<\/div>\n\t\n\n\n\t\t<\/div>\n\t\t\t\t\t<\/div>\n\n\t\n\n\t<div id=\"col-1755970633\" class=\"col medium-10 small-12 large-10\"  >\n\t\t\t\t<div class=\"col-inner text-center\"  >\n\t\t\t\n\t\t\t\n\n<h1><strong>Halten Sie Ihre Produktionslinie am Laufen: <\/strong><\/h1>\n<h3><strong>Warum Sie einen Vorrat an H\u00e4rtepr\u00fcfbl\u00f6cken ben\u00f6tigen<\/strong><\/h3>\n<p>Stand Ihre Produktionslinie schon einmal still, weil Ihnen die H\u00e4rtepr\u00fcfbl\u00f6cke ausgegangen sind? Das ist eine frustrierende Situation, die wertvolle Zeit und Geld kosten kann. Die H\u00e4rtepr\u00fcfung ist entscheidend f\u00fcr die Sicherstellung der Qualit\u00e4t und Konsistenz Ihrer Produkte, und ein zuverl\u00e4ssiger Bestand an Pr\u00fcfbl\u00f6cken ist f\u00fcr einen reibungslosen Betrieb unerl\u00e4sslich.  <\/p>\n<a href=\"https:\/\/indentec.com\/tests-blocks\/\" class=\"button primary\"  >\n\t\t<span>Jetzt kaufen<\/span>\n\t<\/a>\n\n\n\n\t\t<\/div>\n\t\t\t\t\t<\/div>\n\n\t\n\n<\/div>\n\n\t\t<\/div>\n\n\t\t\n<style>\n#section_732257142 {\n  padding-top: 0px;\n  padding-bottom: 0px;\n  background-color: rgb(255, 255, 255);\n}\n#section_732257142 .section-bg-overlay {\n  background-color: rgba(255, 255, 255, 0.85);\n}\n<\/style>\n\t<\/section>\n\t\n\n\t<section class=\"section\" id=\"section_789007744\">\n\t\t<div class=\"section-bg fill\" >\n\t\t\t\t\t\t\t\t\t\n\t\t\t\n\t<div class=\"is-border\"\n\t\tstyle=\"border-color:rgb(235, 235, 235);border-width:1px 0px 0px 0px;\">\n\t<\/div>\n\n\t\t<\/div>\n\n\t\t\n\n\t\t<div class=\"section-content relative\">\n\t\t\t\n\n<div class=\"row\"  id=\"row-1789842355\">\n\n\n\t<div id=\"col-581883214\" class=\"col medium-6 small-12 large-6\"  >\n\t\t\t\t<div class=\"col-inner\"  >\n\t\t\t\n\t\t\t\n\n<h2>Aus diesem Grund sollten Sie immer H\u00e4rtepr\u00fcfsteine zur Hand haben:<\/h2>\n<p><strong>Vermeiden Sie Unterbrechungen:<\/strong> Wenn Ihnen die Bl\u00f6cke ausgehen, kann Ihre Produktionslinie zum Stillstand kommen, w\u00e4hrend Sie auf Ersatz warten. Dies kann zu verpassten Terminen, frustrierten Kunden und Umsatzeinbu\u00dfen f\u00fchren. <\/p>\n<p><strong>Gleichbleibende Qualit\u00e4t:<\/strong> Regelm\u00e4\u00dfige H\u00e4rtepr\u00fcfungen sind unerl\u00e4sslich, um sicherzustellen, dass Ihre Produkte die erforderlichen Spezifikationen erf\u00fcllen. Daher erm\u00f6glicht Ihnen eine stete Versorgung mit Bl\u00f6cken, diese Pr\u00fcfungen ohne Unterbrechung konsequent durchzuf\u00fchren.<\/p>\n\n\t\t<\/div>\n\t\t\t\t\t<\/div>\n\n\t\n\n\t<div id=\"col-1263504277\" class=\"col medium-6 small-12 large-6\"  >\n\t\t\t\t<div class=\"col-inner\"  >\n\t\t\t\n\t\t\t\n\n<p> <\/p>\n<p><strong>H\u00f6here Effizienz:<\/strong> Ein sofort verf\u00fcgbarer Vorrat an Bl\u00f6cken macht eine Bestellung in letzter Minute und m\u00f6gliche Verz\u00f6gerungen \u00fcberfl\u00fcssig. So l\u00e4uft Ihre Produktionslinie reibungslos und effizient. <\/p>\n<p><strong>Planen Sie f\u00fcr die Zukunft:<\/strong> Sehen Sie Ihren Testbedarf voraus und bestellen Sie die Bl\u00f6cke im Voraus. So stellen Sie sicher, dass Sie auf alle Testanforderungen vorbereitet sind. Zudem vermeiden Sie potenzielle Engp\u00e4sse und Umsatzeinbu\u00dfen aufgrund von Produktionsunterbrechungen. <\/p>\n\n\t\t<\/div>\n\t\t\t\t\t<\/div>\n\n\t\n\n<\/div>\n\n\t\t<\/div>\n\n\t\t\n<style>\n#section_789007744 {\n  padding-top: 60px;\n  padding-bottom: 60px;\n  min-height: 300px;\n  background-color: rgb(245, 245, 245);\n}\n<\/style>\n\t<\/section>\n\t\n\n\t<section class=\"section\" id=\"section_1709427449\">\n\t\t<div class=\"section-bg fill\" >\n\t\t\t\t\t\t\t\t\t<div class=\"section-bg-overlay absolute fill\"><\/div>\n\t\t\t\n\n\t\t<\/div>\n\n\t\t\n\n\t\t<div class=\"section-content relative\">\n\t\t\t\n\n<div class=\"row row-large align-middle\"  id=\"row-888585554\">\n\n\n\t<div id=\"col-2040299044\" class=\"col medium-3 small-12 large-3\"  >\n\t\t\t\t<div class=\"col-inner\"  >\n\t\t\t\n\t\t\t\n\n\t<div class=\"img has-hover x md-x lg-x y md-y lg-y\" id=\"image_1041940367\">\n\t\t\t\t\t\t\t\t<div class=\"img-inner dark\" >\n\t\t\t<img loading=\"lazy\" decoding=\"async\" width=\"683\" height=\"1024\" src=\"https:\/\/indentec.com\/wp-content\/uploads\/2023\/03\/20220824-Indentec-41-of-52-683x1024.jpg\" class=\"attachment-large size-large\" alt=\"ZwickRoell Hardness Testing Blocks and Machines\" srcset=\"https:\/\/indentec.com\/wp-content\/uploads\/2023\/03\/20220824-Indentec-41-of-52-683x1024.jpg 683w, https:\/\/indentec.com\/wp-content\/uploads\/2023\/03\/20220824-Indentec-41-of-52-scaled-510x765.jpg 510w, https:\/\/indentec.com\/wp-content\/uploads\/2023\/03\/20220824-Indentec-41-of-52-200x300.jpg 200w, https:\/\/indentec.com\/wp-content\/uploads\/2023\/03\/20220824-Indentec-41-of-52-768x1152.jpg 768w, https:\/\/indentec.com\/wp-content\/uploads\/2023\/03\/20220824-Indentec-41-of-52-1024x1536.jpg 1024w, https:\/\/indentec.com\/wp-content\/uploads\/2023\/03\/20220824-Indentec-41-of-52-1365x2048.jpg 1365w, https:\/\/indentec.com\/wp-content\/uploads\/2023\/03\/20220824-Indentec-41-of-52-scaled.jpg 1707w\" sizes=\"auto, (max-width: 683px) 100vw, 683px\" \/>\t\t\t\t\t\t\n\t\t\t\t\t<\/div>\n\t\t\t\t\t\t\t\t\n<style>\n#image_1041940367 {\n  width: 100%;\n}\n<\/style>\n\t<\/div>\n\t\n\n\n\t\t<\/div>\n\t\t\t\t\t<\/div>\n\n\t\n\n\t<div id=\"col-143680215\" class=\"col medium-9 small-12 large-9\"  >\n\t\t\t\t<div class=\"col-inner text-left\"  >\n\t\t\t\n\t\t\t\n\n<h3><strong>Sorgen Sie f\u00fcr eine reibungslose Produktion mit einem zuverl\u00e4ssigen Vorrat an H\u00e4rtepr\u00fcfbl\u00f6cken<\/strong><\/h3>\n<p>Wir bei Indentec wissen, wie wichtig es ist, einen gleichm\u00e4\u00dfigen Produktionsfluss aufrechtzuerhalten. Deshalb bieten wir nicht nur hochwertige H\u00e4rtepr\u00fcfmaschinen, sondern auch eine zuverl\u00e4ssige Versorgung mit H\u00e4rtepr\u00fcfbl\u00f6cken in verschiedenen Materialien und Ma\u00dfst\u00e4ben an. <\/p>\n<p><strong>Indem Sie einen Vorrat an H\u00e4rtepr\u00fcfbl\u00f6cken bereithalten, k\u00f6nnen Sie:<\/strong><\/p>\n<ul>\n<li>Kostspielige Ausfallzeiten vermeiden<\/li>\n<li>eine gleichbleibende Produktqualit\u00e4t gew\u00e4hrleisten<\/li>\n<li>Effiziente Produktionspl\u00e4ne aufrechterhalten<\/li>\n<li>das Risiko von Verz\u00f6gerungen und Unterbrechungen reduzieren<\/li>\n<\/ul>\n<a href=\"https:\/\/indentec.com\/tests-blocks\/\" class=\"button primary\"  >\n\t\t<span>Kaufen Sie unsere Bl\u00f6cke jetzt<\/span>\n\t<\/a>\n\n\n\n\t\t<\/div>\n\t\t\t\t\t<\/div>\n\n\t\n\n<\/div>\n\n\t\t<\/div>\n\n\t\t\n<style>\n#section_1709427449 {\n  padding-top: 60px;\n  padding-bottom: 60px;\n  background-color: rgb(255, 255, 255);\n}\n#section_1709427449 .section-bg-overlay {\n  background-color: rgba(255, 255, 255, 0.85);\n}\n<\/style>\n\t<\/section>\n\t\n\n\t<section class=\"section\" id=\"section_1896649311\">\n\t\t<div class=\"section-bg fill\" >\n\t\t\t\t\t\t\t\t\t\n\t\t\t\n\n\t\t<\/div>\n\n\t\t\n\n\t\t<div class=\"section-content relative\">\n\t\t\t\n\n<div class=\"row align-center\"  id=\"row-93187085\">\n\n\n\t<div id=\"col-48221700\" class=\"col medium-10 small-12 large-10\"  >\n\t\t\t\t<div class=\"col-inner text-center\"  >\n\t\t\t\n\t\t\t\n\n<h2>Entdecken Sie unser Sortiment an H\u00e4rtepr\u00fcfbl\u00f6cken<\/h2>\n<h3><strong>F\u00fcr jede Anwendung die richtige Wahl<\/strong><\/h3>\n<p>Die H\u00e4rtepr\u00fcfung ist ein wichtiges Qualit\u00e4tskontrollverfahren, das in verschiedenen Industriezweigen eingesetzt wird, um die Widerstandsf\u00e4higkeit eines Materials gegen dauerhafte Beanspruchung zu messen. Sie spielt eine entscheidende Rolle bei der Sicherstellung der Integrit\u00e4t und Leistungsf\u00e4higkeit der Endprodukte. Genaue und konsistente H\u00e4rtemessungen h\u00e4ngen jedoch stark von der Verwendung zuverl\u00e4ssiger Pr\u00fcfbl\u00f6cke ab.  <\/p>\n<p>Wir bei Indentec bieten eine breite Palette von Pr\u00fcfbl\u00f6cken an, die f\u00fcr eine Vielzahl von Branchen und Verfahren verwendet werden k\u00f6nnen. Wir verwenden nur hochwertige Materialien mit minimalen H\u00e4rteunterschieden, um sicherzustellen, dass die Kalibrierung und die Messung so genau wie m\u00f6glich \u00fcbereinstimmen. <\/p>\n<p>Zur Kalibrierung und \u00dcberpr\u00fcfung der Genauigkeit von H\u00e4rtepr\u00fcfmaschinen umfasst unser Angebot an Pr\u00fcfbl\u00f6cken folgende Methoden:<\/p>\n<div class=\"row\"  id=\"row-745782599\">\n\n\n\t<div id=\"col-1078436239\" class=\"col medium-6 small-12 large-6\"  >\n\t\t\t\t<div class=\"col-inner\"  >\n\t\t\t\n\t\t\t\n\n<p><strong>Vickers (HV)<\/strong> \u2013 Misst die Diagonalen der Vertiefungen, was es Ihnen erlaubt, die H\u00e4rtepr\u00fcfmaschine genau zu kalibrieren, um die Vertiefung zu messen.<br><strong>Brinell (HB)<\/strong> \u2013 Verwendet einen Kugeldruckk\u00f6rper zur Bestimmung des H\u00e4rtegrads, wobei der Durchmesser des Eindrucks zur Messung der Ergebnisse verwendet wird.<\/p>\n\n\t\t<\/div>\n\t\t\t\t\t<\/div>\n\n\t\n\n\t<div id=\"col-1434384857\" class=\"col medium-6 small-12 large-6\"  >\n\t\t\t\t<div class=\"col-inner\"  >\n\t\t\t\n\t\t\t\n\n<p><strong>Knoop (HK)<\/strong> \u2013 Messen Sie die L\u00e4nge der langen Diagonale des Eindrucks mit dem l\u00e4nglichen pyramidenf\u00f6rmigen Druckk\u00f6rper.<\/p>\n<p><strong>Rockwell (HRC, HRB usw.)<\/strong> \u2013 Der Rockwell-Test misst die Eindringtiefe unter spezifischer Belastung. Bei Indentec bieten wir verschiedene Rockwell-Skalen an, um eine optimale Kompatibilit\u00e4t mit Ihrer Pr\u00fcfmaschine zu gew\u00e4hrleisten. <\/p>\n\n\t\t<\/div>\n\t\t\t\t\t<\/div>\n\n\t\n\n<\/div>\n<a href=\"https:\/\/indentec.com\/tests-blocks\/\" class=\"button primary\"  >\n\t\t<span>Erfahren Sie mehr \u00fcber unsere Bl\u00f6cke<\/span>\n\t<\/a>\n\n\n\n\t\t<\/div>\n\t\t\t\t\t<\/div>\n\n\t\n\n<\/div>\n\n\t\t<\/div>\n\n\t\t\n<style>\n#section_1896649311 {\n  padding-top: 60px;\n  padding-bottom: 60px;\n  min-height: 300px;\n  background-color: rgb(236, 236, 236);\n}\n<\/style>\n\t<\/section>\n\t\n\n\t<section class=\"section\" id=\"section_1872391783\">\n\t\t<div class=\"section-bg fill\" >\n\t\t\t\t\t\t\t\t\t<div class=\"section-bg-overlay absolute fill\"><\/div>\n\t\t\t\n\n\t\t<\/div>\n\n\t\t\n\n\t\t<div class=\"section-content relative\">\n\t\t\t\n\n<div class=\"row row-large align-middle\"  id=\"row-902547987\">\n\n\n\t<div id=\"col-98434725\" class=\"col medium-6 small-12 large-6\"  >\n\t\t\t\t<div class=\"col-inner text-left\"  >\n\t\t\t\n\t\t\t\n\n<h4><strong>Gew\u00e4hrleisten Sie genaue H\u00e4rtepr\u00fcfungen: Investieren Sie in hochwertige Pr\u00fcfbl\u00f6cke<\/strong><\/h4>\n<p>Z\u00f6gern Sie nicht, sich f\u00fcr weitere Informationen \u00fcber unsere H\u00e4rtepr\u00fcfbl\u00f6cke und -maschinen an das Indentec-Team zu wenden. Unsere Spezialisten beantworten Ihre Fragen und helfen Ihnen gerne weiter! <\/p>\n<p>Ansonsten finden Sie unser Angebot an Bl\u00f6cken <a href=\"https:\/\/indentec.com\/tests-blocks\/\">hier <\/a>W\u00e4hlen Sie die richtigen Methoden nach Art, Umfang und Werten aus, je nach Ihrer Branche und Ihren gesch\u00e4ftlichen Anforderungen.<\/p>\n<a href=\"https:\/\/indentec.com\/contact\/\" class=\"button primary\"  >\n\t\t<span>Kontakt<\/span>\n\t<\/a>\n\n\n\n\t\t<\/div>\n\t\t\t\t\t<\/div>\n\n\t\n\n\t<div id=\"col-1185801645\" class=\"col medium-6 small-12 large-6\"  >\n\t\t\t\t<div class=\"col-inner\"  >\n\t\t\t\n\t\t\t\n\n\t<div class=\"img has-hover x md-x lg-x y md-y lg-y\" id=\"image_1761914946\">\n\t\t\t\t\t\t\t\t<div class=\"img-inner dark\" >\n\t\t\t<img loading=\"lazy\" decoding=\"async\" width=\"1020\" height=\"680\" src=\"https:\/\/indentec.com\/wp-content\/uploads\/2023\/03\/20220316-Indentec-53-1024x683.jpg\" class=\"attachment-large size-large\" alt=\"Hardness Testing Blocks\" srcset=\"https:\/\/indentec.com\/wp-content\/uploads\/2023\/03\/20220316-Indentec-53-1024x683.jpg 1024w, https:\/\/indentec.com\/wp-content\/uploads\/2023\/03\/20220316-Indentec-53-scaled-510x340.jpg 510w, https:\/\/indentec.com\/wp-content\/uploads\/2023\/03\/20220316-Indentec-53-300x200.jpg 300w, https:\/\/indentec.com\/wp-content\/uploads\/2023\/03\/20220316-Indentec-53-768x512.jpg 768w, https:\/\/indentec.com\/wp-content\/uploads\/2023\/03\/20220316-Indentec-53-1536x1025.jpg 1536w, https:\/\/indentec.com\/wp-content\/uploads\/2023\/03\/20220316-Indentec-53-2048x1366.jpg 2048w\" sizes=\"auto, (max-width: 1020px) 100vw, 1020px\" \/>\t\t\t\t\t\t\n\t\t\t\t\t<\/div>\n\t\t\t\t\t\t\t\t\n<style>\n#image_1761914946 {\n  width: 100%;\n}\n<\/style>\n\t<\/div>\n\t\n\n\n\t\t<\/div>\n\t\t\t\t\t<\/div>\n\n\t\n\n<\/div>\n\n\t\t<\/div>\n\n\t\t\n<style>\n#section_1872391783 {\n  padding-top: 60px;\n  padding-bottom: 60px;\n  background-color: rgb(254, 248, 248);\n}\n#section_1872391783 .section-bg-overlay {\n  background-color: rgba(255, 255, 255, 0.85);\n}\n<\/style>\n\t<\/section>\n\t","protected":false},"excerpt":{"rendered":"","protected":false},"author":27,"featured_media":0,"parent":0,"menu_order":0,"comment_status":"closed","ping_status":"closed","template":"","meta":{"_acf_changed":false,"footnotes":""},"class_list":["post-7366","page","type-page","status-publish","hentry"],"acf":[],"_links":{"self":[{"href":"https:\/\/indentec.com\/de\/wp-json\/wp\/v2\/pages\/7366","targetHints":{"allow":["GET"]}}],"collection":[{"href":"https:\/\/indentec.com\/de\/wp-json\/wp\/v2\/pages"}],"about":[{"href":"https:\/\/indentec.com\/de\/wp-json\/wp\/v2\/types\/page"}],"author":[{"embeddable":true,"href":"https:\/\/indentec.com\/de\/wp-json\/wp\/v2\/users\/27"}],"replies":[{"embeddable":true,"href":"https:\/\/indentec.com\/de\/wp-json\/wp\/v2\/comments?post=7366"}],"version-history":[{"count":0,"href":"https:\/\/indentec.com\/de\/wp-json\/wp\/v2\/pages\/7366\/revisions"}],"wp:attachment":[{"href":"https:\/\/indentec.com\/de\/wp-json\/wp\/v2\/media?parent=7366"}],"curies":[{"name":"wp","href":"https:\/\/api.w.org\/{rel}","templated":true}]}}