{"id":4859,"date":"2023-03-09T13:31:42","date_gmt":"2023-03-09T13:31:42","guid":{"rendered":"https:\/\/indentec.co.uk\/test-block-shop\/"},"modified":"2025-01-27T12:09:03","modified_gmt":"2025-01-27T12:09:03","slug":"test-block-shop","status":"publish","type":"page","link":"https:\/\/indentec.com\/de\/test-block-shop\/","title":{"rendered":"H\u00e4rtevergleichsplatten Shop"},"content":{"rendered":"\n\t<section class=\"section\" id=\"section_616718313\">\n\t\t<div class=\"section-bg fill\" >\n\t\t\t\t\t\t\t\t\t\n\t\t\t\n\n\t\t<\/div>\n\n\t\t\n\n\t\t<div class=\"section-content relative\">\n\t\t\t\n\n<div class=\"row align-middle\"  id=\"row-435532688\">\n\n\n\t<div id=\"col-10205733\" class=\"col small-12 large-12\"  >\n\t\t\t\t<div class=\"col-inner\"  >\n\t\t\t\n\t\t\t\n\n\t<div id=\"text-630593767\" class=\"text\">\n\t\t\n\n<h1>H\u00e4rtevergleichsplatten<\/h1> H\u00e4rtepr\u00fcfbl\u00f6cke, auch Vergleichsk\u00f6rper genannt, werden f\u00fcr indirekte Kalibrierungsverfahren und regelm\u00e4\u00dfige t\u00e4gliche Kontrollen von H\u00e4rtepr\u00fcfger\u00e4ten verwendet. Die Verwendung hochwertiger, gleichbleibender H\u00e4rtevergleichsk\u00f6rper mit einer minimalen Variation der H\u00e4rte ist von entscheidender Bedeutung, um die Betriebssicherheit von H\u00e4rtepr\u00fcfmaschinen zu gew\u00e4hrleisten. Um ihre R\u00fcckf\u00fchrbarkeit auf den H\u00e4rte-Standard zu gew\u00e4hrleisten, m\u00fcssen Vergleichsk\u00f6rper eine minimale H\u00e4rtevariation aufweisen und mit einer geringen Messunsicherheit kalibriert sein.\n\t\t\n<style>\n#text-630593767 {\n  font-size: 1.1rem;\n}\n<\/style>\n\t<\/div>\n\t\n\n\t\t<\/div>\n\t\t\t\t\t<\/div>\n\n\t\n\n<\/div>\n\n\t\t<\/div>\n\n\t\t\n<style>\n#section_616718313 {\n  padding-top: 30px;\n  padding-bottom: 30px;\n}\n<\/style>\n\t<\/section>\n\t\n\n\t<section class=\"section\" id=\"section_303608706\">\n\t\t<div class=\"section-bg fill\" >\n\t\t\t\t\t\t\t\t\t\n\t\t\t\n\n\t\t<\/div>\n\n\t\t\n\n\t\t<div class=\"section-content relative\">\n\t\t\t\n\n<div class=\"row align-equal row-box-shadow-1\"  id=\"row-2049703944\">\n\n\n\t<div id=\"col-1132370556\" class=\"col medium-3 small-12 large-3\"  >\n\t\t\t\t<div class=\"col-inner text-center\" style=\"background-color:rgb(255, 255, 255);\" >\n\t\t\t\n\t\t\t\n\n\t<div class=\"img has-hover x md-x lg-x y md-y lg-y\" id=\"image_1821191530\">\n\t\t<a class=\"\" href=\"https:\/\/indentec.com\/product\/vickers\/\" >\t\t\t\t\t\t<div class=\"img-inner dark\" >\n\t\t\t<img loading=\"lazy\" decoding=\"async\" width=\"1020\" height=\"1020\" src=\"https:\/\/indentec.com\/wp-content\/uploads\/2023\/03\/Vickers-Test-Block-Boxed-and-Certificate-PNG-1024x1024.png\" class=\"attachment-large size-large\" alt=\"Vickers Test Block - Boxed and Certificate\" srcset=\"https:\/\/indentec.com\/wp-content\/uploads\/2023\/03\/Vickers-Test-Block-Boxed-and-Certificate-PNG-1024x1024.png 1024w, https:\/\/indentec.com\/wp-content\/uploads\/2023\/03\/Vickers-Test-Block-Boxed-and-Certificate-PNG-100x100.png 100w, https:\/\/indentec.com\/wp-content\/uploads\/2023\/03\/Vickers-Test-Block-Boxed-and-Certificate-PNG-510x510.png 510w, https:\/\/indentec.com\/wp-content\/uploads\/2023\/03\/Vickers-Test-Block-Boxed-and-Certificate-PNG-300x300.png 300w, https:\/\/indentec.com\/wp-content\/uploads\/2023\/03\/Vickers-Test-Block-Boxed-and-Certificate-PNG-150x150.png 150w, https:\/\/indentec.com\/wp-content\/uploads\/2023\/03\/Vickers-Test-Block-Boxed-and-Certificate-PNG-768x768.png 768w, https:\/\/indentec.com\/wp-content\/uploads\/2023\/03\/Vickers-Test-Block-Boxed-and-Certificate-PNG-1536x1536.png 1536w, https:\/\/indentec.com\/wp-content\/uploads\/2023\/03\/Vickers-Test-Block-Boxed-and-Certificate-PNG-50x50.png 50w, https:\/\/indentec.com\/wp-content\/uploads\/2023\/03\/Vickers-Test-Block-Boxed-and-Certificate-PNG.png 2000w\" sizes=\"auto, (max-width: 1020px) 100vw, 1020px\" \/>\t\t\t\t\t\t\n\t\t\t\t\t<\/div>\n\t\t\t\t\t\t<\/a>\t\t\n<style>\n#image_1821191530 {\n  width: 80%;\n}\n<\/style>\n\t<\/div>\n\t\n\n\t<div id=\"gap-18797112\" class=\"gap-element clearfix\" style=\"display:block; height:auto;\">\n\t\t\n<style>\n#gap-18797112 {\n  padding-top: 30px;\n}\n<\/style>\n\t<\/div>\n\t\n\n\t<div id=\"text-3493289888\" class=\"text\">\n\t\t\n\n<p> <\/p>\n<h3>Vickersh\u00e4rte<br>Pr\u00fcfbl\u00f6cke<\/h3>\n<p> <\/p>\n\t\t\n<style>\n#text-3493289888 {\n  text-align: center;\n  color: #000000;\n}\n#text-3493289888 > * {\n  color: #000000;\n}\n<\/style>\n\t<\/div>\n\t\n\n\t\t<\/div>\n\t\t\t\t\n<style>\n#col-1132370556 > .col-inner {\n  padding: 30px 30px 30px 30px;\n}\n<\/style>\n\t<\/div>\n\n\t\n\n\t<div id=\"col-1227198504\" class=\"col medium-3 small-12 large-3\"  >\n\t\t\t\t<div class=\"col-inner text-center\" style=\"background-color:rgb(255, 255, 255);\" >\n\t\t\t\n\t\t\t\n\n\t<div class=\"img has-hover x md-x lg-x y md-y lg-y\" id=\"image_1529624589\">\n\t\t<a class=\"\" href=\"https:\/\/indentec.com\/de\/produkt\/rockwell\/\" >\t\t\t\t\t\t<div class=\"img-inner dark\" >\n\t\t\t<img loading=\"lazy\" decoding=\"async\" width=\"1020\" height=\"1020\" src=\"https:\/\/indentec.com\/wp-content\/uploads\/2023\/03\/Rockwell-Test-Block-Boxed-and-Certificate-PNG-1024x1024.png\" class=\"attachment-large size-large\" alt=\"Rockwell Test Block - Boxed and Certificate\" srcset=\"https:\/\/indentec.com\/wp-content\/uploads\/2023\/03\/Rockwell-Test-Block-Boxed-and-Certificate-PNG-1024x1024.png 1024w, https:\/\/indentec.com\/wp-content\/uploads\/2023\/03\/Rockwell-Test-Block-Boxed-and-Certificate-PNG-100x100.png 100w, https:\/\/indentec.com\/wp-content\/uploads\/2023\/03\/Rockwell-Test-Block-Boxed-and-Certificate-PNG-510x510.png 510w, https:\/\/indentec.com\/wp-content\/uploads\/2023\/03\/Rockwell-Test-Block-Boxed-and-Certificate-PNG-300x300.png 300w, https:\/\/indentec.com\/wp-content\/uploads\/2023\/03\/Rockwell-Test-Block-Boxed-and-Certificate-PNG-150x150.png 150w, https:\/\/indentec.com\/wp-content\/uploads\/2023\/03\/Rockwell-Test-Block-Boxed-and-Certificate-PNG-768x768.png 768w, https:\/\/indentec.com\/wp-content\/uploads\/2023\/03\/Rockwell-Test-Block-Boxed-and-Certificate-PNG-1536x1536.png 1536w, https:\/\/indentec.com\/wp-content\/uploads\/2023\/03\/Rockwell-Test-Block-Boxed-and-Certificate-PNG-50x50.png 50w, https:\/\/indentec.com\/wp-content\/uploads\/2023\/03\/Rockwell-Test-Block-Boxed-and-Certificate-PNG.png 2000w\" sizes=\"auto, (max-width: 1020px) 100vw, 1020px\" \/>\t\t\t\t\t\t\n\t\t\t\t\t<\/div>\n\t\t\t\t\t\t<\/a>\t\t\n<style>\n#image_1529624589 {\n  width: 80%;\n}\n<\/style>\n\t<\/div>\n\t\n\n\t<div id=\"gap-1652195601\" class=\"gap-element clearfix\" style=\"display:block; height:auto;\">\n\t\t\n<style>\n#gap-1652195601 {\n  padding-top: 30px;\n}\n<\/style>\n\t<\/div>\n\t\n\n\t<div id=\"text-4101797085\" class=\"text\">\n\t\t\n\n<p> <\/p>\n<h3>Rockwell- Oberfl\u00e4chliche H\u00e4rtepr\u00fcfbl\u00f6cke<\/h3>\n\t\t\n<style>\n#text-4101797085 {\n  text-align: center;\n  color: #000000;\n}\n#text-4101797085 > * {\n  color: #000000;\n}\n<\/style>\n\t<\/div>\n\t\n\n\t\t<\/div>\n\t\t\t\t\n<style>\n#col-1227198504 > .col-inner {\n  padding: 30px 30px 30px 30px;\n}\n<\/style>\n\t<\/div>\n\n\t\n\n\t<div id=\"col-2000855521\" class=\"col medium-3 small-12 large-3\"  >\n\t\t\t\t<div class=\"col-inner text-center\" style=\"background-color:rgb(255, 255, 255);\" >\n\t\t\t\n\t\t\t\n\n\t<div class=\"img has-hover x md-x lg-x y md-y lg-y\" id=\"image_2105861675\">\n\t\t<a class=\"\" href=\"https:\/\/indentec.com\/de\/produkt\/knoop\/\" >\t\t\t\t\t\t<div class=\"img-inner dark\" >\n\t\t\t<img loading=\"lazy\" decoding=\"async\" width=\"1020\" height=\"1020\" src=\"https:\/\/indentec.com\/wp-content\/uploads\/2023\/03\/Knoop-Test-Block-Boxed-and-Certificate-1024x1024.png\" class=\"attachment-large size-large\" alt=\"Knoop Hardness Test Block - Boxed and Certificate\" srcset=\"https:\/\/indentec.com\/wp-content\/uploads\/2023\/03\/Knoop-Test-Block-Boxed-and-Certificate-1024x1024.png 1024w, https:\/\/indentec.com\/wp-content\/uploads\/2023\/03\/Knoop-Test-Block-Boxed-and-Certificate-100x100.png 100w, https:\/\/indentec.com\/wp-content\/uploads\/2023\/03\/Knoop-Test-Block-Boxed-and-Certificate-510x510.png 510w, https:\/\/indentec.com\/wp-content\/uploads\/2023\/03\/Knoop-Test-Block-Boxed-and-Certificate-300x300.png 300w, https:\/\/indentec.com\/wp-content\/uploads\/2023\/03\/Knoop-Test-Block-Boxed-and-Certificate-150x150.png 150w, https:\/\/indentec.com\/wp-content\/uploads\/2023\/03\/Knoop-Test-Block-Boxed-and-Certificate-768x768.png 768w, https:\/\/indentec.com\/wp-content\/uploads\/2023\/03\/Knoop-Test-Block-Boxed-and-Certificate-1536x1536.png 1536w, https:\/\/indentec.com\/wp-content\/uploads\/2023\/03\/Knoop-Test-Block-Boxed-and-Certificate-50x50.png 50w, https:\/\/indentec.com\/wp-content\/uploads\/2023\/03\/Knoop-Test-Block-Boxed-and-Certificate.png 2000w\" sizes=\"auto, (max-width: 1020px) 100vw, 1020px\" \/>\t\t\t\t\t\t\n\t\t\t\t\t<\/div>\n\t\t\t\t\t\t<\/a>\t\t\n<style>\n#image_2105861675 {\n  width: 80%;\n}\n<\/style>\n\t<\/div>\n\t\n\n\t<div id=\"gap-1002670759\" class=\"gap-element clearfix\" style=\"display:block; height:auto;\">\n\t\t\n<style>\n#gap-1002670759 {\n  padding-top: 30px;\n}\n<\/style>\n\t<\/div>\n\t\n\n\t<div id=\"text-2697607508\" class=\"text\">\n\t\t\n\n<p> <\/p>\n<h3>Knoop-H\u00e4rtepr\u00fcfbl\u00f6cke<\/h3>\n<p> <\/p>\n\t\t\n<style>\n#text-2697607508 {\n  text-align: center;\n  color: #000000;\n}\n#text-2697607508 > * {\n  color: #000000;\n}\n<\/style>\n\t<\/div>\n\t\n\n\t\t<\/div>\n\t\t\t\t\n<style>\n#col-2000855521 > .col-inner {\n  padding: 30px 30px 30px 30px;\n}\n<\/style>\n\t<\/div>\n\n\t\n\n\t<div id=\"col-1465962562\" class=\"col medium-3 small-12 large-3\"  >\n\t\t\t\t<div class=\"col-inner text-center\" style=\"background-color:rgb(255, 255, 255);\" >\n\t\t\t\n\t\t\t\n\n\t<div class=\"img has-hover x md-x lg-x y md-y lg-y\" id=\"image_267630895\">\n\t\t<a class=\"\" href=\"https:\/\/indentec.com\/de\/produkt\/brinell\/\" >\t\t\t\t\t\t<div class=\"img-inner dark\" >\n\t\t\t<img loading=\"lazy\" decoding=\"async\" width=\"1020\" height=\"1020\" src=\"https:\/\/indentec.com\/wp-content\/uploads\/2023\/03\/Brinell-Test-Block-2-Boxed-and-Certificate-PNG-1024x1024.png\" class=\"attachment-large size-large\" alt=\"Brinell Test Block Boxed and Certificate\" srcset=\"https:\/\/indentec.com\/wp-content\/uploads\/2023\/03\/Brinell-Test-Block-2-Boxed-and-Certificate-PNG-1024x1024.png 1024w, https:\/\/indentec.com\/wp-content\/uploads\/2023\/03\/Brinell-Test-Block-2-Boxed-and-Certificate-PNG-100x100.png 100w, https:\/\/indentec.com\/wp-content\/uploads\/2023\/03\/Brinell-Test-Block-2-Boxed-and-Certificate-PNG-510x510.png 510w, https:\/\/indentec.com\/wp-content\/uploads\/2023\/03\/Brinell-Test-Block-2-Boxed-and-Certificate-PNG-300x300.png 300w, https:\/\/indentec.com\/wp-content\/uploads\/2023\/03\/Brinell-Test-Block-2-Boxed-and-Certificate-PNG-150x150.png 150w, https:\/\/indentec.com\/wp-content\/uploads\/2023\/03\/Brinell-Test-Block-2-Boxed-and-Certificate-PNG-768x768.png 768w, https:\/\/indentec.com\/wp-content\/uploads\/2023\/03\/Brinell-Test-Block-2-Boxed-and-Certificate-PNG-1536x1536.png 1536w, https:\/\/indentec.com\/wp-content\/uploads\/2023\/03\/Brinell-Test-Block-2-Boxed-and-Certificate-PNG-50x50.png 50w, https:\/\/indentec.com\/wp-content\/uploads\/2023\/03\/Brinell-Test-Block-2-Boxed-and-Certificate-PNG.png 2000w\" sizes=\"auto, (max-width: 1020px) 100vw, 1020px\" \/>\t\t\t\t\t\t\n\t\t\t\t\t<\/div>\n\t\t\t\t\t\t<\/a>\t\t\n<style>\n#image_267630895 {\n  width: 80%;\n}\n<\/style>\n\t<\/div>\n\t\n\n\t<div id=\"gap-547289459\" class=\"gap-element clearfix\" style=\"display:block; height:auto;\">\n\t\t\n<style>\n#gap-547289459 {\n  padding-top: 30px;\n}\n<\/style>\n\t<\/div>\n\t\n\n\t<div id=\"text-3727074350\" class=\"text\">\n\t\t\n\n<p> <\/p>\n<h3>Brinell-H\u00e4rtepr\u00fcfbl\u00f6cke<br><br><\/h3>\n<p> <\/p>\n\t\t\n<style>\n#text-3727074350 {\n  text-align: center;\n  color: #000000;\n}\n#text-3727074350 > * {\n  color: #000000;\n}\n<\/style>\n\t<\/div>\n\t\n\n\t\t<\/div>\n\t\t\t\t\n<style>\n#col-1465962562 > .col-inner {\n  padding: 30px 30px 30px 30px;\n}\n<\/style>\n\t<\/div>\n\n\t\n\n<\/div>\n<div class=\"row\"  id=\"row-114177887\">\n\n\n\t<div id=\"col-274017627\" class=\"col medium-6 small-12 large-6\"  >\n\t\t\t\t<div class=\"col-inner\"  >\n\t\t\t\n\t\t\t\n\n<p>Unsere H\u00e4rtepr\u00fcfbl\u00f6cke decken das gesamte Spektrum an H\u00e4rtepr\u00fcfmethoden, Skalen und Werten ab.<\/p>\n<h2>H\u00e4rtepr\u00fcfverfahren<\/p>\n<\/h2>\n<p>Zu den g\u00e4ngigen Techniken zur Messung der H\u00e4rte geh\u00f6ren die H\u00e4rtepr\u00fcfungen von Rockwell, Brinell, Vickers und Knoop, bei denen verschiedene Druckk\u00f6rper und Belastungen verwendet werden. Bei der Brinell-Pr\u00fcfung wird eine harte Kugel in ein Material gedr\u00fcckt, um den Durchmesser der Vertiefung zu messen. W\u00e4hrend die Rockwell-Pr\u00fcfung die Eindringtiefe unter einer kontinuierlichen Krafteinwirkung misst. Ein pyramidenf\u00f6rmiger Druckk\u00f6rper wird in den Vickers- und Knoop-Tests verwendet, um den H\u00e4rtegrad basierend auf der Gr\u00f6\u00dfe der Einkerbung zu bestimmen.<\/p>\n<a href=\"mailto:zrb.sales@zwickroell.com\" target=\"_blank\" class=\"button primary\" rel=\"noopener\"  >\n\t\t<span>Mehr erfahren&lt;br&gt;&lt;br&gt;<\/span>\n\t<\/a>\n\n\n\n\t\t<\/div>\n\t\t\t\t\t<\/div>\n\n\t\n\n\t<div id=\"col-633768972\" class=\"col medium-6 small-12 large-6\"  >\n\t\t\t\t<div class=\"col-inner\"  >\n\t\t\t\n\t\t\t\n\n\t<div class=\"img has-hover x md-x lg-x y md-y lg-y\" id=\"image_1347829046\">\n\t\t\t\t\t\t\t\t<div class=\"img-inner dark\" style=\"margin:0px 0px 50px 0px;\">\n\t\t\t<img loading=\"lazy\" decoding=\"async\" width=\"1020\" height=\"680\" src=\"https:\/\/indentec.com\/wp-content\/uploads\/2023\/03\/20220316-Indentec-11-1024x683.jpg\" class=\"attachment-large size-large\" alt=\"Hardness Testing Machine details\" srcset=\"https:\/\/indentec.com\/wp-content\/uploads\/2023\/03\/20220316-Indentec-11-1024x683.jpg 1024w, https:\/\/indentec.com\/wp-content\/uploads\/2023\/03\/20220316-Indentec-11-scaled-510x340.jpg 510w, https:\/\/indentec.com\/wp-content\/uploads\/2023\/03\/20220316-Indentec-11-300x200.jpg 300w, https:\/\/indentec.com\/wp-content\/uploads\/2023\/03\/20220316-Indentec-11-768x512.jpg 768w, https:\/\/indentec.com\/wp-content\/uploads\/2023\/03\/20220316-Indentec-11-1536x1024.jpg 1536w, https:\/\/indentec.com\/wp-content\/uploads\/2023\/03\/20220316-Indentec-11-2048x1365.jpg 2048w\" sizes=\"auto, (max-width: 1020px) 100vw, 1020px\" \/>\t\t\t\t\t\t\n\t\t\t\t\t<\/div>\n\t\t\t\t\t\t\t\t\n<style>\n#image_1347829046 {\n  width: 100%;\n}\n<\/style>\n\t<\/div>\n\t\n\n\n\t\t<\/div>\n\t\t\t\t\t<\/div>\n\n\t\n\n\t<div id=\"col-132461288\" class=\"col medium-6 small-12 large-6\"  >\n\t\t\t\t<div class=\"col-inner\"  >\n\t\t\t\n\t\t\t\n\n\t<div class=\"img has-hover hide-for-small x md-x lg-x y md-y lg-y\" id=\"image_1076476191\">\n\t\t\t\t\t\t\t\t<div class=\"img-inner dark\" style=\"margin:0px 0px 60px 0px;\">\n\t\t\t<img loading=\"lazy\" decoding=\"async\" width=\"1020\" height=\"680\" src=\"https:\/\/indentec.com\/wp-content\/uploads\/2024\/04\/20220316-Indentec-50-1024x683.jpg\" class=\"attachment-large size-large\" alt=\"collection of hardness test blocks\" srcset=\"https:\/\/indentec.com\/wp-content\/uploads\/2024\/04\/20220316-Indentec-50-1024x683.jpg 1024w, https:\/\/indentec.com\/wp-content\/uploads\/2024\/04\/20220316-Indentec-50-300x200.jpg 300w, https:\/\/indentec.com\/wp-content\/uploads\/2024\/04\/20220316-Indentec-50-768x512.jpg 768w, https:\/\/indentec.com\/wp-content\/uploads\/2024\/04\/20220316-Indentec-50-1536x1025.jpg 1536w, https:\/\/indentec.com\/wp-content\/uploads\/2024\/04\/20220316-Indentec-50-2048x1366.jpg 2048w, https:\/\/indentec.com\/wp-content\/uploads\/2024\/04\/20220316-Indentec-50-510x340.jpg 510w\" sizes=\"auto, (max-width: 1020px) 100vw, 1020px\" \/>\t\t\t\t\t\t\n\t\t\t\t\t<\/div>\n\t\t\t\t\t\t\t\t\n<style>\n#image_1076476191 {\n  width: 100%;\n}\n<\/style>\n\t<\/div>\n\t\n\n\n\t\t<\/div>\n\t\t\t\t\t<\/div>\n\n\t\n\n\t<div id=\"col-1648597919\" class=\"col medium-6 small-12 large-6\"  >\n\t\t\t\t<div class=\"col-inner\"  >\n\t\t\t\n\t\t\t\n\n\t<div id=\"text-1498959536\" class=\"text\">\n\t\t\n\n<h2>H\u00e4rtepr\u00fcfblockwerte<br><br><\/h2>\n<p>Die aus den verschiedenen H\u00e4rtepr\u00fcfverfahren abgeleiteten numerischen Messwerte werden als H\u00e4rtepr\u00fcfwerte bezeichnet und geben an, wie widerstandsf\u00e4hig ein Material gegen Eindr\u00fccken oder Eindringen ist. F\u00fcr die Beschreibung der Eigenschaften eines Materials und die Bestimmung, ob es f\u00fcr eine bestimmte Anwendung geeignet ist, sind diese Werte unerl\u00e4sslich. Typische H\u00e4rtewerte sind:  <\/p>\n<ul>\n<li>Vickersh\u00e4rte (dargestellt als HV)<br><br><\/li>\n<li>Brinellh\u00e4rte (gemessen in HB)<br><br><\/li>\n<li>Knoop-H\u00e4rte (in der Regel in HK ausgedr\u00fcckt)<br><br><\/li>\n<li>Rockwell-H\u00e4rte (ausgedr\u00fcckt als HRC, HRB usw.)<br><br><\/li>\n<\/ul>\n\t\t\n<style>\n#text-1498959536 {\n  line-height: 1.75;\n}\n<\/style>\n\t<\/div>\n\t\n\t<div class=\"img has-hover show-for-small x md-x lg-x y md-y lg-y\" id=\"image_134176962\">\n\t\t\t\t\t\t\t\t<div class=\"img-inner dark\" style=\"margin:0px 0px 60px 0px;\">\n\t\t\t<img loading=\"lazy\" decoding=\"async\" width=\"1020\" height=\"680\" src=\"https:\/\/indentec.com\/wp-content\/uploads\/2024\/04\/20220316-Indentec-50-1024x683.jpg\" class=\"attachment-large size-large\" alt=\"collection of hardness test blocks\" srcset=\"https:\/\/indentec.com\/wp-content\/uploads\/2024\/04\/20220316-Indentec-50-1024x683.jpg 1024w, https:\/\/indentec.com\/wp-content\/uploads\/2024\/04\/20220316-Indentec-50-300x200.jpg 300w, https:\/\/indentec.com\/wp-content\/uploads\/2024\/04\/20220316-Indentec-50-768x512.jpg 768w, https:\/\/indentec.com\/wp-content\/uploads\/2024\/04\/20220316-Indentec-50-1536x1025.jpg 1536w, https:\/\/indentec.com\/wp-content\/uploads\/2024\/04\/20220316-Indentec-50-2048x1366.jpg 2048w, https:\/\/indentec.com\/wp-content\/uploads\/2024\/04\/20220316-Indentec-50-510x340.jpg 510w\" sizes=\"auto, (max-width: 1020px) 100vw, 1020px\" \/>\t\t\t\t\t\t\n\t\t\t\t\t<\/div>\n\t\t\t\t\t\t\t\t\n<style>\n#image_134176962 {\n  width: 100%;\n}\n<\/style>\n\t<\/div>\n\t\n\n\n\t\t<\/div>\n\t\t\t\t\t<\/div>\n\n\t\n\n\t<div id=\"col-207993840\" class=\"col medium-6 small-12 large-6\"  >\n\t\t\t\t<div class=\"col-inner\"  >\n\t\t\t\n\t\t\t\n\n<p>Unsere H\u00e4rtepr\u00fcfbl\u00f6cke werden auch weltweit in einer Vielzahl von Branchen eingesetzt, darunter Luft- und Raumfahrt, Automobile, Wissenschaft, Ingenieurwesen, Fertigung, Medizin und Prim\u00e4rmetallherstellung.<\/p>\n<h2>IBranchen, die H\u00e4rtepr\u00fcfbl\u00f6cke verwenden<\/p>\n<\/h2>\n<p>H\u00e4rtepr\u00fcfbl\u00f6cke sind entscheidende Bezugspunkte f\u00fcr eine Vielzahl von Branchen:<\/p>\n<p><strong>Luft- und Raumfahrt sowie Automobilindustrie<\/strong>: H\u00e4rtepr\u00fcfbl\u00f6cke gew\u00e4hrleisten die Genauigkeit und Zuverl\u00e4ssigkeit von H\u00e4rtepr\u00fcfger\u00e4ten und stellen die Integrit\u00e4t wichtiger Komponenten sicher, einschlie\u00dflich Motorbauteilen, Strukturelementen und Fahrwerkskomponenten, bei denen strenge Qualit\u00e4tsstandards wichtig sind.<\/p>\n<p><strong>Wissenschaft und Ingenieurwesen<\/strong>: H\u00e4rtepr\u00fcfbl\u00f6cke geben Forschern und Studenten standardisierte Materialien an die Hand, um Materialeigenschaften und mechanisches Verhalten zu untersuchen, was f\u00fcr Forschung, Experimentieren und Bildung wichtig ist.<\/p>\n<p><strong>Herstellung von Prim\u00e4rmetallen und medizinische Sektoren<\/strong>: H\u00e4rtepr\u00fcfbl\u00f6cke unterst\u00fctzen Qualit\u00e4tskontrollverfahren, indem sie die Validierung und Kalibrierung von H\u00e4rtepr\u00fcfger\u00e4ten erleichtern, um Genauigkeit und Konsistenz zu erhalten.<\/p>\n<a href=\"mailto:zrb.sales@zwickroell.com\" target=\"_blank\" class=\"button primary\" rel=\"noopener\"  >\n\t\t<span>Starten Sie noch heute<\/span>\n\t<\/a>\n\n\n\n\t\t<\/div>\n\t\t\t\t\t<\/div>\n\n\t\n\n\t<div id=\"col-380672828\" class=\"col medium-6 small-12 large-6\"  >\n\t\t\t\t<div class=\"col-inner\"  >\n\t\t\t\n\t\t\t\n\n\t<div class=\"img has-hover x md-x lg-x y md-y lg-y\" id=\"image_1443016328\">\n\t\t\t\t\t\t\t\t<div class=\"img-inner image-cover dark\" style=\"padding-top:100%;margin:0px 0px 80px 0px;\">\n\t\t\t<img loading=\"lazy\" decoding=\"async\" width=\"1020\" height=\"680\" src=\"https:\/\/indentec.com\/wp-content\/uploads\/2023\/03\/20220316-Indentec-21-1024x683.jpg\" class=\"attachment-large size-large\" alt=\"Hardness Testing Blocks being tested in Hardness Testing Machine\" srcset=\"https:\/\/indentec.com\/wp-content\/uploads\/2023\/03\/20220316-Indentec-21-1024x683.jpg 1024w, https:\/\/indentec.com\/wp-content\/uploads\/2023\/03\/20220316-Indentec-21-scaled-510x340.jpg 510w, https:\/\/indentec.com\/wp-content\/uploads\/2023\/03\/20220316-Indentec-21-300x200.jpg 300w, https:\/\/indentec.com\/wp-content\/uploads\/2023\/03\/20220316-Indentec-21-768x512.jpg 768w, https:\/\/indentec.com\/wp-content\/uploads\/2023\/03\/20220316-Indentec-21-1536x1025.jpg 1536w, https:\/\/indentec.com\/wp-content\/uploads\/2023\/03\/20220316-Indentec-21-2048x1366.jpg 2048w\" sizes=\"auto, (max-width: 1020px) 100vw, 1020px\" \/>\t\t\t\t\t\t\n\t\t\t\t\t<\/div>\n\t\t\t\t\t\t\t\t\n<style>\n#image_1443016328 {\n  width: 100%;\n}\n<\/style>\n\t<\/div>\n\t\n\n\n\t\t<\/div>\n\t\t\t\t\t<\/div>\n\n\t\n\n\t<div id=\"col-566677641\" class=\"col small-12 large-12\"  >\n\t\t\t\t<div class=\"col-inner\"  >\n\t\t\t\n\t\t\t\n\n<h3 class=\"accordion_title\">H\u00e4ufig gestellte Fragen zu H\u00e4rtepr\u00fcfbl\u00f6cken<\/h3><div class=\"accordion\">\n\n\t<div id=\"accordion-4215780415\" class=\"accordion-item\">\n\t\t<a id=\"accordion-4215780415-label\" class=\"accordion-title plain active\" href=\"#accordion-item-was-ist-der-zweck-von-h\u00e4rtepr\u00fcfbl\u00f6cken?\" aria-expanded=\"true\" aria-controls=\"accordion-4215780415-content\" >\n\t\t\t<button class=\"toggle\" aria-label=\"Umschalten\"><i class=\"icon-angle-down\"><\/i><\/button>\n\t\t\t<span>Was ist der Zweck von H\u00e4rtepr\u00fcfbl\u00f6cken?<\/span>\n\t\t<\/a>\n\t\t<div id=\"accordion-4215780415-content\" class=\"accordion-inner\" style=\"display: block;\" aria-labelledby=\"accordion-4215780415-label\" >\n\t\t\t\n\n\t<div id=\"text-3059827684\" class=\"text\">\n\t\t\n\n<p>H\u00e4rtepr\u00fcfbl\u00f6cke sind Werkstoffproben mit bekannter und gleichbleibender H\u00e4rte. Sie werden verwendet, um die Genauigkeit von H\u00e4rtepr\u00fcfmaschinen zu kalibrieren und zu \u00fcberpr\u00fcfen.<\/p>\n\t\t\n<style>\n#text-3059827684 {\n  line-height: 1.65;\n}\n<\/style>\n\t<\/div>\n\t\n\n\t\t<\/div>\n\t<\/div>\n\t\n\t<div id=\"accordion-3919790824\" class=\"accordion-item\">\n\t\t<a id=\"accordion-3919790824-label\" class=\"accordion-title plain\" href=\"#accordion-item-wie-funktionieren-h\u00e4rtepr\u00fcfbl\u00f6cke?\" aria-expanded=\"false\" aria-controls=\"accordion-3919790824-content\" >\n\t\t\t<button class=\"toggle\" aria-label=\"Umschalten\"><i class=\"icon-angle-down\"><\/i><\/button>\n\t\t\t<span>Wie funktionieren H\u00e4rtepr\u00fcfbl\u00f6cke?<\/span>\n\t\t<\/a>\n\t\t<div id=\"accordion-3919790824-content\" class=\"accordion-inner\" aria-labelledby=\"accordion-3919790824-label\" >\n\t\t\t\n\n<p>W\u00e4hrend des Kalibriervorgangs wird ein H\u00e4rtepr\u00fcfblock unter den Druckk\u00f6rper einer H\u00e4rtepr\u00fcfmaschine gelegt und der H\u00e4rtewert gemessen. Dieser Wert wird dann mit dem bekannten H\u00e4rtewert des Blocks verglichen, um sicherzustellen, dass das Pr\u00fcfger\u00e4t genaue Ergebnisse liefert.<\/p>\n\n\t\t<\/div>\n\t<\/div>\n\t\n\t<div id=\"accordion-1134886705\" class=\"accordion-item\">\n\t\t<a id=\"accordion-1134886705-label\" class=\"accordion-title plain\" href=\"#accordion-item-was-sind-einige-g\u00e4ngige-arten-von-h\u00e4rtepr\u00fcfbl\u00f6cken?\" aria-expanded=\"false\" aria-controls=\"accordion-1134886705-content\" >\n\t\t\t<button class=\"toggle\" aria-label=\"Umschalten\"><i class=\"icon-angle-down\"><\/i><\/button>\n\t\t\t<span>Was sind einige g\u00e4ngige Arten von H\u00e4rtepr\u00fcfbl\u00f6cken?<\/span>\n\t\t<\/a>\n\t\t<div id=\"accordion-1134886705-content\" class=\"accordion-inner\" aria-labelledby=\"accordion-1134886705-label\" >\n\t\t\t\n\n<p>Einige gebr\u00e4uchliche Arten von H\u00e4rtepr\u00fcfbl\u00f6cken umfassen zylindrische, rechteckige und kugelf\u00f6rmige Bl\u00f6cke aus Materialien wie Stahl, Wolframkarbid oder Keramik.<\/p>\n\n\t\t<\/div>\n\t<\/div>\n\t\n\t<div id=\"accordion-1831060521\" class=\"accordion-item\">\n\t\t<a id=\"accordion-1831060521-label\" class=\"accordion-title plain\" href=\"#accordion-item-wie-oft-sollten-h\u00e4rtepr\u00fcfmaschinen-mit-h\u00e4rtepr\u00fcfbl\u00f6cken-kalibriert-werden?\" aria-expanded=\"false\" aria-controls=\"accordion-1831060521-content\" >\n\t\t\t<button class=\"toggle\" aria-label=\"Umschalten\"><i class=\"icon-angle-down\"><\/i><\/button>\n\t\t\t<span>Wie oft sollten H\u00e4rtepr\u00fcfmaschinen mit H\u00e4rtepr\u00fcfbl\u00f6cken kalibriert werden?<\/span>\n\t\t<\/a>\n\t\t<div id=\"accordion-1831060521-content\" class=\"accordion-inner\" aria-labelledby=\"accordion-1831060521-label\" >\n\t\t\t\n\n<p>Es wird empfohlen, H\u00e4rtepr\u00fcfmaschinen in regelm\u00e4\u00dfigen Abst\u00e4nden, z. B. j\u00e4hrlich oder nach einer bestimmten Anzahl von Pr\u00fcfungen, mit H\u00e4rtepr\u00fcfbl\u00f6cken zu kalibrieren, um zuverl\u00e4ssige Ergebnisse zu gew\u00e4hrleisten<\/p>\n\n\t\t<\/div>\n\t<\/div>\n\t\n\n<\/div>\n\n\t\t<\/div>\n\t\t\t\t\t<\/div>\n\n\t\n\n\t<div id=\"col-805576976\" class=\"col small-12 large-12\"  >\n\t\t\t\t<div class=\"col-inner\"  >\n\t\t\t\n\t\t\t\n\n<h3>Kontaktieren Sie uns noch heute<\/p>\n<\/h3>\n<p>Egal, ob Sie sich f\u00fcr unsere Produkte interessieren oder einfach mehr erfahren m\u00f6chten. Unser Team ist stets bereit, Ihnen bei Ihrer Anfrage zu helfen.<\/p>\n<a href=\"mailto:zrb.sales@zwickroell.com\" target=\"_blank\" class=\"button primary\" rel=\"noopener\"  >\n\t\t<span>Sprechen Sie mit dem Vertrieb<\/span>\n\t<\/a>\n\n\n\n\t\t<\/div>\n\t\t\t\t\t<\/div>\n\n\t\n\n<\/div>\n\n\t\t<\/div>\n\n\t\t\n<style>\n#section_303608706 {\n  padding-top: 30px;\n  padding-bottom: 30px;\n  background-color: rgb(255, 255, 255);\n}\n<\/style>\n\t<\/section>\n\t","protected":false},"excerpt":{"rendered":"","protected":false},"author":0,"featured_media":0,"parent":0,"menu_order":12,"comment_status":"closed","ping_status":"closed","template":"","meta":{"_acf_changed":false,"footnotes":""},"class_list":["post-4859","page","type-page","status-publish","hentry"],"acf":[],"_links":{"self":[{"href":"https:\/\/indentec.com\/de\/wp-json\/wp\/v2\/pages\/4859","targetHints":{"allow":["GET"]}}],"collection":[{"href":"https:\/\/indentec.com\/de\/wp-json\/wp\/v2\/pages"}],"about":[{"href":"https:\/\/indentec.com\/de\/wp-json\/wp\/v2\/types\/page"}],"replies":[{"embeddable":true,"href":"https:\/\/indentec.com\/de\/wp-json\/wp\/v2\/comments?post=4859"}],"version-history":[{"count":0,"href":"https:\/\/indentec.com\/de\/wp-json\/wp\/v2\/pages\/4859\/revisions"}],"wp:attachment":[{"href":"https:\/\/indentec.com\/de\/wp-json\/wp\/v2\/media?parent=4859"}],"curies":[{"name":"wp","href":"https:\/\/api.w.org\/{rel}","templated":true}]}}