{"id":4804,"date":"2023-03-04T06:47:15","date_gmt":"2023-03-04T06:47:15","guid":{"rendered":"https:\/\/indentec.co.uk\/ueber-uns\/"},"modified":"2026-01-12T12:20:55","modified_gmt":"2026-01-12T12:20:55","slug":"ueber-uns","status":"publish","type":"page","link":"https:\/\/indentec.com\/de\/ueber-uns\/","title":{"rendered":"\u00dcber uns"},"content":{"rendered":"\n\t<section class=\"section\" id=\"section_1113252369\">\n\t\t<div class=\"section-bg fill\" >\n\t\t\t\t\t\t\t\t\t\n\t\t\t\n\n\t\t<\/div>\n\n\t\t\n\n\t\t<div class=\"section-content relative\">\n\t\t\t\r\n\r\n<div class=\"row align-middle\"  id=\"row-715256895\">\r\n\r\n\n\t<div id=\"col-681355896\" class=\"col medium-6 small-12 large-6\"  >\n\t\t\t\t<div class=\"col-inner text-left\"  >\n\t\t\t\n\t\t\t\r\n\r\n\t<div id=\"text-1911440159\" class=\"text\">\n\t\t\r\n<h1>\u00dcber<\/h1>\r\n<strong>Nach der Gr\u00fcndung 1976 wurde Indentec Hardness Testing Machines Ltd Teil der ZwickRoell Gruppe im Jahr 2000.<\/strong>\r\n\r\nIn der Rolle als Kompetenzzentrum f\u00fcr die Rockwellpr\u00fcfung entwickelt und produziert Indentec sowohl Ger\u00e4te f\u00fcr die Rockwellpr\u00fcfung, als auch H\u00e4rtevergleichsplatten f\u00fcr einen weiten Bereich an H\u00e4rtepr\u00fcfmethoden.\r\n\r\nEntwurf, Entwicklung und Produktion von zuverl\u00e4ssigen und robusten Rockwell H\u00e4rtepr\u00fcfger\u00e4ten ben\u00f6tigt viel Erfahrung in der mechanischen, elektronischen und Softwareentwicklung. Dank unserer Erfahrung in der Rockwellpr\u00fcfung sind wir in der Lage sowohl Produkte von hoher Qualit\u00e4t als auch optimierte kundenspezifische Spezialanpassungen anbieten. Aufgrund der umfassenden Kenntnisse der Rockwell-H\u00e4rtepr\u00fcfung ist Indentec in der Lage, qualitativ hochwertige Standardprodukte und ein effizientes Anpassungsprogramm zu liefern.\r\n\r\n\t\t\n<style>\n#text-1911440159 {\n  font-size: 1.1rem;\n}\n<\/style>\n\t<\/div>\n\t\r\n<a href=\"https:\/\/indentec.com\/contact\/\" class=\"button primary\"  >\n\t\t<span>Kontaktiere uns<\/span>\n\t<\/a>\n\r\n\r\n\t\t<\/div>\n\t\t\t\t\t<\/div>\n\n\t\r\n\n\t<div id=\"col-548699421\" class=\"col medium-6 small-12 large-6\"  >\n\t\t\t\t<div class=\"col-inner\"  >\n\t\t\t\n\t\t\t\r\n\r\n\t<div class=\"img has-hover x md-x lg-x y md-y lg-y\" id=\"image_1110951674\">\n\t\t\t\t\t\t\t\t<div class=\"img-inner dark\" style=\"margin:20px 0px 0px 0px;\">\n\t\t\t<img loading=\"lazy\" decoding=\"async\" width=\"1020\" height=\"680\" src=\"https:\/\/indentec.com\/wp-content\/uploads\/2025\/01\/indentec-about-us-1024x683.jpg\" class=\"attachment-large size-large\" alt=\"indentec supply hardness testing machines and have experience in the sector\" srcset=\"https:\/\/indentec.com\/wp-content\/uploads\/2025\/01\/indentec-about-us-1024x683.jpg 1024w, https:\/\/indentec.com\/wp-content\/uploads\/2025\/01\/indentec-about-us-300x200.jpg 300w, https:\/\/indentec.com\/wp-content\/uploads\/2025\/01\/indentec-about-us-768x512.jpg 768w, https:\/\/indentec.com\/wp-content\/uploads\/2025\/01\/indentec-about-us-1536x1025.jpg 1536w, https:\/\/indentec.com\/wp-content\/uploads\/2025\/01\/indentec-about-us-2048x1366.jpg 2048w, https:\/\/indentec.com\/wp-content\/uploads\/2025\/01\/indentec-about-us-510x340.jpg 510w\" sizes=\"auto, (max-width: 1020px) 100vw, 1020px\" \/>\t\t\t\t\t\t\n\t\t\t\t\t<\/div>\n\t\t\t\t\t\t\t\t\n<style>\n#image_1110951674 {\n  width: 100%;\n}\n<\/style>\n\t<\/div>\n\t\r\n\r\n\t\t<\/div>\n\t\t\t\t\t<\/div>\n\n\t\r\n\r\n<\/div>\r\n\r\n\t\t<\/div>\n\n\t\t\n<style>\n#section_1113252369 {\n  padding-top: 60px;\n  padding-bottom: 60px;\n}\n<\/style>\n\t<\/section>\n\t","protected":false},"excerpt":{"rendered":"","protected":false},"author":16,"featured_media":0,"parent":0,"menu_order":39,"comment_status":"closed","ping_status":"closed","template":"","meta":{"_acf_changed":false,"footnotes":""},"class_list":["post-4804","page","type-page","status-publish","hentry"],"acf":[],"_links":{"self":[{"href":"https:\/\/indentec.com\/de\/wp-json\/wp\/v2\/pages\/4804","targetHints":{"allow":["GET"]}}],"collection":[{"href":"https:\/\/indentec.com\/de\/wp-json\/wp\/v2\/pages"}],"about":[{"href":"https:\/\/indentec.com\/de\/wp-json\/wp\/v2\/types\/page"}],"author":[{"embeddable":true,"href":"https:\/\/indentec.com\/de\/wp-json\/wp\/v2\/users\/16"}],"replies":[{"embeddable":true,"href":"https:\/\/indentec.com\/de\/wp-json\/wp\/v2\/comments?post=4804"}],"version-history":[{"count":3,"href":"https:\/\/indentec.com\/de\/wp-json\/wp\/v2\/pages\/4804\/revisions"}],"predecessor-version":[{"id":8510,"href":"https:\/\/indentec.com\/de\/wp-json\/wp\/v2\/pages\/4804\/revisions\/8510"}],"wp:attachment":[{"href":"https:\/\/indentec.com\/de\/wp-json\/wp\/v2\/media?parent=4804"}],"curies":[{"name":"wp","href":"https:\/\/api.w.org\/{rel}","templated":true}]}}